{"id":298185,"date":"2025-10-09T16:24:51","date_gmt":"2025-10-09T16:24:51","guid":{"rendered":"https:\/\/fashiongold.lt\/papuosalas\/pierscionek-z-diamentem-diament-round\/"},"modified":"2025-10-09T16:24:51","modified_gmt":"2025-10-09T16:24:51","slug":"pierscionek-z-diamentem-diament-round","status":"publish","type":"product","link":"https:\/\/fashiongold.lt\/pl\/papuosalas\/pierscionek-z-diamentem-diament-round\/","title":{"rendered":"Pier\u015bcionek z diamentem &#8211; diament ROUND"},"content":{"rendered":"<p><span data-sheets-root=\"1\">Ten<\/span> klasyczny pier\u015bcionek z diamentem zosta\u0142 stworzony dla tych, kt\u00f3rzy ceni\u0105 czyste pi\u0119kno i wyrazist\u0105 prostot\u0119. Jego elegancka, niska korona jest niczym subtelne podwy\u017cszenie, pozwalaj\u0105ce diamentowi l\u015bni\u0107 pe\u0142nym blaskiem. Linie z\u0142otej obr\u0105czki s\u0105 g\u0142adkie i minimalistyczne, aby nic nie odci\u0105ga\u0142o uwagi od <span data-sheets-root=\"1\">k<\/span>amienia szlachetnego. Wybierz metal \u2013 \u017c\u00f3\u0142te, czerwone, bia\u0142e z\u0142oto lub platyn\u0119. <span data-sheets-root=\"1\">Nast\u0119pnie \u2013 precyzyjny rozmiar, kt\u00f3ry idealnie dopasuje si\u0119 do palca. G\u0142\u00f3wny akcent to diament: wybierz diament <em>round<\/em>, a tak\u017ce jego rodzaj, czysto\u015b\u0107, kolor i inne cechy.<\/span> Pozw\u00f3l ka\u017cdemu detalowi rozkwitn\u0105\u0107 zgodnie z Twoj\u0105 wizj\u0105 estetyczn\u0105.<\/p>\n<p><span data-sheets-root=\"1\">\u2022 <a href=\"https:\/\/fashiongold.lt\/pl\/patarimai-pl\/pierscionki-z-diamentami-waga-zlota-w-pierscionku-i-waga-diamentow-w-karatach-jak-wybrac-odpowiedni-rekomendacje-jak-rozumiec-i-oceniac\/\" target=\"_blank\" rel=\"noopener\"><strong>Waga pier\u015bcionka<\/strong>:<\/a> (zale\u017cy od rozmiaru): oko\u0142o 2,00 &#8211; 3,00 g<br \/>\n\u2022 <a href=\"https:\/\/fashiongold.lt\/pl\/patarimai-pl\/strefa-komfortu-pierscionka-lub-wygoda-pierscionka\/\" target=\"_blank\" rel=\"noopener\"><strong>Soczewka (strefa komfortu)<\/strong><\/a>: jest<br \/>\n\u2022 <a href=\"https:\/\/fashiongold.lt\/pl\/patarimai-pl\/pierscionki-zareczynowe-czy-mozna-wygrawerowac-pierscionek-detale-ktore-nadaja-twojemu-pierscionkowi-zareczynowemu-indywidualnego-charakteru\/\" target=\"_blank\" rel=\"noopener\"><strong>Grawerowanie<\/strong><\/a> bezp\u0142atnie<br \/>\n\u2022 Jednorazowa bezp\u0142atna <a href=\"https:\/\/fashiongold.lt\/pl\/patarimai-pl\/pierscionki-zareczynowe-darmowa-korekta-rozmiaru-aby-pierscionek-pasowal-idealnie\/\" target=\"_blank\" rel=\"noopener\"><strong>gwarancja zmiany rozmiaru pier\u015bcionka<\/strong><\/a><\/span><\/p>\n<p><span data-sheets-root=\"1\">Masz w\u0142asny kamie\u0144 szlachetny lub z\u0142oto? <a href=\"https:\/\/fashiongold.lt\/pl\/kontakt\/\" target=\"_blank\" rel=\"noopener\"><strong>Skontaktuj si\u0119 z nami<\/strong><\/a> &#8211; przeliczymy cen\u0119 i zap\u0142acisz tylko za wykonanie pier\u015bcionka.<br \/>\nOdkryj szeroki wyb\u00f3r pier\u015bcionk\u00f3w zar\u0119czynowych, odpowiadaj\u0105cych r\u00f3\u017cnym gustom, bud\u017cetom i mo\u017cliwo\u015bciom personalizacji z <a href=\"https:\/\/fashiongold.lt\/pl\/\" target=\"_blank\" rel=\"noopener\">FashionGold.lt<\/a>.<\/span><\/p>\n","protected":false},"excerpt":{"rendered":"<p>Ten klasyczny pier\u015bcionek z diamentem zosta\u0142 stworzony dla tych, kt\u00f3rzy ceni\u0105 czyste pi\u0119kno i wyrazist\u0105 prostot\u0119. Jego elegancka, niska korona [&hellip;]<\/p>\n","protected":false},"featured_media":260516,"template":"","meta":{"site-sidebar-layout":"default","site-content-layout":"","ast-site-content-layout":"default","site-content-style":"default","site-sidebar-style":"default","ast-global-header-display":"","ast-banner-title-visibility":"","ast-main-header-display":"","ast-hfb-above-header-display":"","ast-hfb-below-header-display":"","ast-hfb-mobile-header-display":"","site-post-title":"","ast-breadcrumbs-content":"","ast-featured-img":"","footer-sml-layout":"","ast-disable-related-posts":"","theme-transparent-header-meta":"default","adv-header-id-meta":"","stick-header-meta":"","header-above-stick-meta":"","header-main-stick-meta":"","header-below-stick-meta":"","astra-migrate-meta-layouts":"default","ast-page-background-enabled":"default","ast-page-background-meta":{"desktop":{"background-color":"var(--ast-global-color-4)","background-image":"","background-repeat":"repeat","background-position":"center center","background-size":"auto","background-attachment":"scroll","background-type":"","background-media":"","overlay-type":"","overlay-color":"","overlay-opacity":"","overlay-gradient":""},"tablet":{"background-color":"","background-image":"","background-repeat":"repeat","background-position":"center center","background-size":"auto","background-attachment":"scroll","background-type":"","background-media":"","overlay-type":"","overlay-color":"","overlay-opacity":"","overlay-gradient":""},"mobile":{"background-color":"","background-image":"","background-repeat":"repeat","background-position":"center center","background-size":"auto","background-attachment":"scroll","background-type":"","background-media":"","overlay-type":"","overlay-color":"","overlay-opacity":"","overlay-gradient":""}},"ast-content-background-meta":{"desktop":{"background-color":"var(--ast-global-color-5)","background-image":"","background-repeat":"repeat","background-position":"center center","background-size":"auto","background-attachment":"scroll","background-type":"","background-media":"","overlay-type":"","overlay-color":"","overlay-opacity":"","overlay-gradient":""},"tablet":{"background-color":"var(--ast-global-color-5)","background-image":"","background-repeat":"repeat","background-position":"center center","background-size":"auto","background-attachment":"scroll","background-type":"","background-media":"","overlay-type":"","overlay-color":"","overlay-opacity":"","overlay-gradient":""},"mobile":{"background-color":"var(--ast-global-color-5)","background-image":"","background-repeat":"repeat","background-position":"center center","background-size":"auto","background-attachment":"scroll","background-type":"","background-media":"","overlay-type":"","overlay-color":"","overlay-opacity":"","overlay-gradient":""}}},"product_brand":[],"product_cat":[4116,4117],"product_tag":[],"class_list":{"0":"post-298185","1":"product","2":"type-product","3":"status-publish","4":"has-post-thumbnail","6":"product_cat-stworz-wlasna-bizuterie","7":"product_cat-zacznij-od-projektu-pierscionka","8":"desktop-align-center","9":"tablet-align-left","10":"mobile-align-left","11":"ast-product-gallery-layout-horizontal-slider","12":"ast-product-single-variable","13":"ast-product-tabs-layout-accordion","14":"ast-qv-on-image","16":"first","17":"instock","18":"taxable","19":"shipping-taxable","20":"purchasable","21":"product-type-variable"},"yoast_head":"<!-- This site is optimized with the Yoast SEO plugin v26.6 - https:\/\/yoast.com\/wordpress\/plugins\/seo\/ -->\n<title>Pier\u015bcionek z diamentem - diament ROUND<\/title>\n<meta name=\"description\" content=\"Ten pier\u015bcionek o klasycznym wzornictwie z diamentem to punkt wyj\u015bcia dla Twojej osobistej kreacji. Pozw\u00f3l diamentowi ROUND zab\u0142ysn\u0105\u0107 zgodnie z Twoj\u0105 wizj\u0105 estetyczn\u0105.\" \/>\n<meta name=\"robots\" content=\"index, follow, max-snippet:-1, max-image-preview:large, max-video-preview:-1\" \/>\n<link rel=\"canonical\" href=\"https:\/\/fashiongold.lt\/pl\/papuosalas\/pierscionek-z-diamentem-diament-round\/\" \/>\n<meta property=\"og:locale\" content=\"pl_PL\" \/>\n<meta property=\"og:type\" content=\"article\" \/>\n<meta property=\"og:title\" content=\"Pier\u015bcionek z diamentem - diament ROUND\" \/>\n<meta property=\"og:description\" content=\"Ten pier\u015bcionek o klasycznym wzornictwie z diamentem to punkt wyj\u015bcia dla Twojej osobistej kreacji. Pozw\u00f3l diamentowi ROUND zab\u0142ysn\u0105\u0107 zgodnie z Twoj\u0105 wizj\u0105 estetyczn\u0105.\" \/>\n<meta property=\"og:url\" content=\"https:\/\/fashiongold.lt\/pl\/papuosalas\/pierscionek-z-diamentem-diament-round\/\" \/>\n<meta property=\"og:site_name\" content=\"FashionGold.lt\" \/>\n<meta property=\"og:image\" content=\"https:\/\/fashiongold.lt\/wp-content\/uploads\/2025\/05\/Klasikinis-suzadetuviu-ziedas-is-balto-aukso-arba-platinos-1.webp\" \/>\n\t<meta property=\"og:image:width\" content=\"800\" \/>\n\t<meta property=\"og:image:height\" content=\"800\" \/>\n\t<meta property=\"og:image:type\" content=\"image\/png\" \/>\n<meta name=\"twitter:card\" content=\"summary_large_image\" \/>\n<meta name=\"twitter:label1\" content=\"Szacowany czas czytania\" \/>\n\t<meta name=\"twitter:data1\" content=\"1 minuta\" \/>\n<script type=\"application\/ld+json\" class=\"yoast-schema-graph\">{\"@context\":\"https:\/\/schema.org\",\"@graph\":[{\"@type\":\"WebPage\",\"@id\":\"https:\/\/fashiongold.lt\/pl\/papuosalas\/pierscionek-z-diamentem-diament-round\/\",\"url\":\"https:\/\/fashiongold.lt\/pl\/papuosalas\/pierscionek-z-diamentem-diament-round\/\",\"name\":\"Pier\u015bcionek z diamentem - diament ROUND\",\"isPartOf\":{\"@id\":\"https:\/\/fashiongold.lt\/pl\/#website\"},\"primaryImageOfPage\":{\"@id\":\"https:\/\/fashiongold.lt\/pl\/papuosalas\/pierscionek-z-diamentem-diament-round\/#primaryimage\"},\"image\":{\"@id\":\"https:\/\/fashiongold.lt\/pl\/papuosalas\/pierscionek-z-diamentem-diament-round\/#primaryimage\"},\"thumbnailUrl\":\"https:\/\/fashiongold.lt\/wp-content\/uploads\/2025\/05\/Klasikinis-suzadetuviu-ziedas-is-balto-aukso-arba-platinos-1.png\",\"datePublished\":\"2025-10-09T16:24:51+00:00\",\"description\":\"Ten pier\u015bcionek o klasycznym wzornictwie z diamentem to punkt wyj\u015bcia dla Twojej osobistej kreacji. Pozw\u00f3l diamentowi ROUND zab\u0142ysn\u0105\u0107 zgodnie z Twoj\u0105 wizj\u0105 estetyczn\u0105.\",\"breadcrumb\":{\"@id\":\"https:\/\/fashiongold.lt\/pl\/papuosalas\/pierscionek-z-diamentem-diament-round\/#breadcrumb\"},\"inLanguage\":\"pl-PL\",\"potentialAction\":[{\"@type\":\"ReadAction\",\"target\":[\"https:\/\/fashiongold.lt\/pl\/papuosalas\/pierscionek-z-diamentem-diament-round\/\"]}]},{\"@type\":\"ImageObject\",\"inLanguage\":\"pl-PL\",\"@id\":\"https:\/\/fashiongold.lt\/pl\/papuosalas\/pierscionek-z-diamentem-diament-round\/#primaryimage\",\"url\":\"https:\/\/fashiongold.lt\/wp-content\/uploads\/2025\/05\/Klasikinis-suzadetuviu-ziedas-is-balto-aukso-arba-platinos-1.png\",\"contentUrl\":\"https:\/\/fashiongold.lt\/wp-content\/uploads\/2025\/05\/Klasikinis-suzadetuviu-ziedas-is-balto-aukso-arba-platinos-1.png\",\"width\":800,\"height\":800,\"caption\":\"Auksinis \u017eiedas su apvalios formos deimantu - round cut\"},{\"@type\":\"BreadcrumbList\",\"@id\":\"https:\/\/fashiongold.lt\/pl\/papuosalas\/pierscionek-z-diamentem-diament-round\/#breadcrumb\",\"itemListElement\":[{\"@type\":\"ListItem\",\"position\":1,\"name\":\"Home\",\"item\":\"https:\/\/fashiongold.lt\/pl\/\"},{\"@type\":\"ListItem\",\"position\":2,\"name\":\"Sklep z diamentami Fashiongold.lt\",\"item\":\"https:\/\/fashiongold.lt\/shop-2\/\"},{\"@type\":\"ListItem\",\"position\":3,\"name\":\"Pier\u015bcionek z diamentem &#8211; diament ROUND\"}]},{\"@type\":\"WebSite\",\"@id\":\"https:\/\/fashiongold.lt\/pl\/#website\",\"url\":\"https:\/\/fashiongold.lt\/pl\/\",\"name\":\"Fashion Gold\",\"description\":\"Juvelyrikos namai\",\"publisher\":{\"@id\":\"https:\/\/fashiongold.lt\/pl\/#organization\"},\"potentialAction\":[{\"@type\":\"SearchAction\",\"target\":{\"@type\":\"EntryPoint\",\"urlTemplate\":\"https:\/\/fashiongold.lt\/pl\/?s={search_term_string}\"},\"query-input\":{\"@type\":\"PropertyValueSpecification\",\"valueRequired\":true,\"valueName\":\"search_term_string\"}}],\"inLanguage\":\"pl-PL\"},{\"@type\":\"Organization\",\"@id\":\"https:\/\/fashiongold.lt\/pl\/#organization\",\"name\":\"Topdiamonds Online\",\"url\":\"https:\/\/fashiongold.lt\/pl\/\",\"logo\":{\"@type\":\"ImageObject\",\"inLanguage\":\"pl-PL\",\"@id\":\"https:\/\/fashiongold.lt\/pl\/#\/schema\/logo\/image\/\",\"url\":\"https:\/\/fashiongold.lt\/wp-content\/uploads\/2025\/04\/cropped-fashion_gold_logotipas2-scaled-1.png\",\"contentUrl\":\"https:\/\/fashiongold.lt\/wp-content\/uploads\/2025\/04\/cropped-fashion_gold_logotipas2-scaled-1.png\",\"width\":2559,\"height\":421,\"caption\":\"Topdiamonds Online\"},\"image\":{\"@id\":\"https:\/\/fashiongold.lt\/pl\/#\/schema\/logo\/image\/\"}}]}<\/script>\n<!-- \/ Yoast SEO plugin. -->","yoast_head_json":{"title":"Pier\u015bcionek z diamentem - diament ROUND","description":"Ten pier\u015bcionek o klasycznym wzornictwie z diamentem to punkt wyj\u015bcia dla Twojej osobistej kreacji. Pozw\u00f3l diamentowi ROUND zab\u0142ysn\u0105\u0107 zgodnie z Twoj\u0105 wizj\u0105 estetyczn\u0105.","robots":{"index":"index","follow":"follow","max-snippet":"max-snippet:-1","max-image-preview":"max-image-preview:large","max-video-preview":"max-video-preview:-1"},"canonical":"https:\/\/fashiongold.lt\/pl\/papuosalas\/pierscionek-z-diamentem-diament-round\/","og_locale":"pl_PL","og_type":"article","og_title":"Pier\u015bcionek z diamentem - diament ROUND","og_description":"Ten pier\u015bcionek o klasycznym wzornictwie z diamentem to punkt wyj\u015bcia dla Twojej osobistej kreacji. Pozw\u00f3l diamentowi ROUND zab\u0142ysn\u0105\u0107 zgodnie z Twoj\u0105 wizj\u0105 estetyczn\u0105.","og_url":"https:\/\/fashiongold.lt\/pl\/papuosalas\/pierscionek-z-diamentem-diament-round\/","og_site_name":"FashionGold.lt","og_image":[{"width":800,"height":800,"url":"https:\/\/fashiongold.lt\/wp-content\/uploads\/2025\/05\/Klasikinis-suzadetuviu-ziedas-is-balto-aukso-arba-platinos-1.webp","type":"image\/png"}],"twitter_card":"summary_large_image","twitter_misc":{"Szacowany czas czytania":"1 minuta"},"schema":{"@context":"https:\/\/schema.org","@graph":[{"@type":"WebPage","@id":"https:\/\/fashiongold.lt\/pl\/papuosalas\/pierscionek-z-diamentem-diament-round\/","url":"https:\/\/fashiongold.lt\/pl\/papuosalas\/pierscionek-z-diamentem-diament-round\/","name":"Pier\u015bcionek z diamentem - diament ROUND","isPartOf":{"@id":"https:\/\/fashiongold.lt\/pl\/#website"},"primaryImageOfPage":{"@id":"https:\/\/fashiongold.lt\/pl\/papuosalas\/pierscionek-z-diamentem-diament-round\/#primaryimage"},"image":{"@id":"https:\/\/fashiongold.lt\/pl\/papuosalas\/pierscionek-z-diamentem-diament-round\/#primaryimage"},"thumbnailUrl":"https:\/\/fashiongold.lt\/wp-content\/uploads\/2025\/05\/Klasikinis-suzadetuviu-ziedas-is-balto-aukso-arba-platinos-1.png","datePublished":"2025-10-09T16:24:51+00:00","description":"Ten pier\u015bcionek o klasycznym wzornictwie z diamentem to punkt wyj\u015bcia dla Twojej osobistej kreacji. Pozw\u00f3l diamentowi ROUND zab\u0142ysn\u0105\u0107 zgodnie z Twoj\u0105 wizj\u0105 estetyczn\u0105.","breadcrumb":{"@id":"https:\/\/fashiongold.lt\/pl\/papuosalas\/pierscionek-z-diamentem-diament-round\/#breadcrumb"},"inLanguage":"pl-PL","potentialAction":[{"@type":"ReadAction","target":["https:\/\/fashiongold.lt\/pl\/papuosalas\/pierscionek-z-diamentem-diament-round\/"]}]},{"@type":"ImageObject","inLanguage":"pl-PL","@id":"https:\/\/fashiongold.lt\/pl\/papuosalas\/pierscionek-z-diamentem-diament-round\/#primaryimage","url":"https:\/\/fashiongold.lt\/wp-content\/uploads\/2025\/05\/Klasikinis-suzadetuviu-ziedas-is-balto-aukso-arba-platinos-1.png","contentUrl":"https:\/\/fashiongold.lt\/wp-content\/uploads\/2025\/05\/Klasikinis-suzadetuviu-ziedas-is-balto-aukso-arba-platinos-1.png","width":800,"height":800,"caption":"Auksinis \u017eiedas su apvalios formos deimantu - round cut"},{"@type":"BreadcrumbList","@id":"https:\/\/fashiongold.lt\/pl\/papuosalas\/pierscionek-z-diamentem-diament-round\/#breadcrumb","itemListElement":[{"@type":"ListItem","position":1,"name":"Home","item":"https:\/\/fashiongold.lt\/pl\/"},{"@type":"ListItem","position":2,"name":"Sklep z diamentami Fashiongold.lt","item":"https:\/\/fashiongold.lt\/shop-2\/"},{"@type":"ListItem","position":3,"name":"Pier\u015bcionek z diamentem &#8211; diament ROUND"}]},{"@type":"WebSite","@id":"https:\/\/fashiongold.lt\/pl\/#website","url":"https:\/\/fashiongold.lt\/pl\/","name":"Fashion Gold","description":"Juvelyrikos namai","publisher":{"@id":"https:\/\/fashiongold.lt\/pl\/#organization"},"potentialAction":[{"@type":"SearchAction","target":{"@type":"EntryPoint","urlTemplate":"https:\/\/fashiongold.lt\/pl\/?s={search_term_string}"},"query-input":{"@type":"PropertyValueSpecification","valueRequired":true,"valueName":"search_term_string"}}],"inLanguage":"pl-PL"},{"@type":"Organization","@id":"https:\/\/fashiongold.lt\/pl\/#organization","name":"Topdiamonds Online","url":"https:\/\/fashiongold.lt\/pl\/","logo":{"@type":"ImageObject","inLanguage":"pl-PL","@id":"https:\/\/fashiongold.lt\/pl\/#\/schema\/logo\/image\/","url":"https:\/\/fashiongold.lt\/wp-content\/uploads\/2025\/04\/cropped-fashion_gold_logotipas2-scaled-1.png","contentUrl":"https:\/\/fashiongold.lt\/wp-content\/uploads\/2025\/04\/cropped-fashion_gold_logotipas2-scaled-1.png","width":2559,"height":421,"caption":"Topdiamonds Online"},"image":{"@id":"https:\/\/fashiongold.lt\/pl\/#\/schema\/logo\/image\/"}}]}},"_links":{"self":[{"href":"https:\/\/fashiongold.lt\/pl\/wp-json\/wp\/v2\/product\/298185","targetHints":{"allow":["GET"]}}],"collection":[{"href":"https:\/\/fashiongold.lt\/pl\/wp-json\/wp\/v2\/product"}],"about":[{"href":"https:\/\/fashiongold.lt\/pl\/wp-json\/wp\/v2\/types\/product"}],"version-history":[{"count":0,"href":"https:\/\/fashiongold.lt\/pl\/wp-json\/wp\/v2\/product\/298185\/revisions"}],"wp:featuredmedia":[{"embeddable":true,"href":"https:\/\/fashiongold.lt\/pl\/wp-json\/wp\/v2\/media\/260516"}],"wp:attachment":[{"href":"https:\/\/fashiongold.lt\/pl\/wp-json\/wp\/v2\/media?parent=298185"}],"wp:term":[{"taxonomy":"product_brand","embeddable":true,"href":"https:\/\/fashiongold.lt\/pl\/wp-json\/wp\/v2\/product_brand?post=298185"},{"taxonomy":"product_cat","embeddable":true,"href":"https:\/\/fashiongold.lt\/pl\/wp-json\/wp\/v2\/product_cat?post=298185"},{"taxonomy":"product_tag","embeddable":true,"href":"https:\/\/fashiongold.lt\/pl\/wp-json\/wp\/v2\/product_tag?post=298185"}],"curies":[{"name":"wp","href":"https:\/\/api.w.org\/{rel}","templated":true}]}}