{"id":298430,"date":"2025-08-06T11:55:50","date_gmt":"2025-08-06T11:55:50","guid":{"rendered":"https:\/\/fashiongold.lt\/papuosalas\/bransoletka-z-diamentami-round-3-00-ct\/"},"modified":"2026-02-22T15:43:45","modified_gmt":"2026-02-22T15:43:45","slug":"bransoletka-z-diamentami-round-3-00-ct","status":"publish","type":"product","link":"https:\/\/fashiongold.lt\/pl\/produkt\/bransoletka-z-diamentami-round-3-00-ct\/","title":{"rendered":"Bransoletka z diamentami &#8211; Round (3.00 ct)"},"content":{"rendered":"<p>Wykonana zgodnie z najwy\u017cszymi standardami kunsztu jubilerskiego. Bransoletka mo\u017ce zosta\u0107 wykonana indywidualnie na zam\u00f3wienie \u2013 z mo\u017cliwo\u015bci\u0105 wyboru diament\u00f3w wy\u017cszej jako\u015bci za dodatkow\u0105 op\u0142at\u0105.<\/p>\n<p>&nbsp;<\/p>\n<p><span data-sheets-root=\"1\">\u2022 <a href=\"https:\/\/fashiongold.lt\/pl\/patarimai-pl\/proba-zlota-dla-bransoletki-z-diamentami-jak-wybrac-odpowiednia\/\" target=\"_blank\" rel=\"noopener\"><strong>Metale szlachetne<\/strong><\/a>: 14K (pr\u00f3ba 585), 18K (pr\u00f3ba 750), platyna 900<br \/>\n\u2022 <a href=\"https:\/\/fashiongold.lt\/pl\/patarimai-pl\/bransoletki-i-kolor-zlota-ktory-wybrac-biale-rozowe-czy-zolte-zloto\/\" target=\"_blank\" rel=\"noopener\"><strong>Dost\u0119pny kolor z\u0142ota<\/strong><\/a>: bia\u0142y, czerwony, \u017c\u00f3\u0142ty<br \/>\n\u2022 <a href=\"https:\/\/fashiongold.lt\/pl\/patarimai-pl\/bransoletka-z-diamentami-jakosc-waga-dlugosc-proba-kolor-zlota\/\" target=\"_blank\" rel=\"noopener\"><strong>Ca\u0142kowita waga z\u0142ota<\/strong><\/a> (zale\u017cna od d\u0142ugo\u015bci bransoletki): oko\u0142o 8.50 g<br \/>\n\u2022 <a href=\"https:\/\/fashiongold.lt\/pl\/patarimai-pl\/bransoletka-z-diamentami-jak-prawidlowo-wybrac-dlugosc\/\" target=\"_blank\" rel=\"noopener\"><strong>D\u0142ugo\u015b\u0107 bransoletki<\/strong><\/a> (do wyboru): 17 cm, 18 cm, 19 cm, 20 cm, 21 cm, 22 cm<br \/>\n\u2022 <a href=\"https:\/\/fashiongold.lt\/pl\/category\/dowiedz-sie-wiecej-o-ksztalcie-diamentu\/\" target=\"_blank\" rel=\"noopener\"><strong>Szlif i kszta\u0142t diament\u00f3w<\/strong><\/a>: Okr\u0105g\u0142y kszta\u0142t (<em>Round cut<\/em>)<br \/>\n\u2022 <strong><a href=\"https:\/\/fashiongold.lt\/pl\/patarimai-pl\/diament-jak-oceniany-jest-luksus-najcenniejszego-kamienia-szlachetnego\/\" target=\"_blank\" rel=\"noopener\">Waga i charakterystyka diament\u00f3w<\/a><\/strong> (mo\u017cliwo\u015b\u0107 zmiany):<br \/>\nDiamenty hodowane w laboratorium: oko\u0142o 0.05 ct (kolor D-E, czysto\u015b\u0107 VVS)<br \/>\nDiamenty naturalne: oko\u0142o 0.05 ct (kolor G-I, czysto\u015b\u0107 SI)<br \/>\nCa\u0142kowita waga diament\u00f3w (zale\u017cna od d\u0142ugo\u015bci bransoletki): oko\u0142o 3.00 ct<br \/>\n\u2022 Darmowy <a href=\"https:\/\/fashiongold.lt\/pl\/patarimai-pl\/pierscionki-zareczynowe-czy-mozna-wygrawerowac-pierscionek-detale-ktore-nadaja-twojemu-pierscionkowi-zareczynowemu-indywidualnego-charakteru\/\" target=\"_blank\" rel=\"noopener\"><strong>grawerunek<\/strong><\/a><br \/>\n\u2022 Jednorazowa bezp\u0142atna <a href=\"https:\/\/fashiongold.lt\/pl\/patarimai-pl\/darmowa-zmiana-dlugosci-bransoletki-dla-bizuterii-zakupionej-w-fashiongold-lt\/\" target=\"_blank\" rel=\"noopener\"><strong>gwarancja zmiany d\u0142ugo\u015bci bransoletki<\/strong><\/a> (w miar\u0119 mo\u017cliwo\u015bci)<br \/>\n\u2022 <a href=\"https:\/\/fashiongold.lt\/pl\/dostawa-i-zwroty\/\" target=\"_blank\" rel=\"noopener\"><strong>Produkcja i dostawa<\/strong><\/a>: od 14 dni roboczych, w trybie pilnym w ci\u0105gu 7 dni roboczych<\/span><\/p>\n<p>&nbsp;<\/p>\n<p>Masz w\u0142asny kamie\u0144 szlachetny lub z\u0142oto? Obliczymy now\u0105 cen\u0119 i zap\u0142acisz tylko za wykonanie. Chcesz dostosowa\u0107 w\u0142a\u015bciwo\u015bci diamentu do swojej wizji? <strong><a href=\"https:\/\/fashiongold.lt\/pl\/kontakt\/\" target=\"_blank\" rel=\"noopener\">Skontaktuj si\u0119 z nami<\/a><\/strong> \u2013 pomo\u017cemy zrealizowa\u0107 Tw\u00f3j pomys\u0142.<br data-start=\"194\" data-end=\"197\" \/>Odkryj wyj\u0105tkow\u0105 kolekcj\u0119 bi\u017cuterii z diamentami, dopasowan\u0105 do r\u00f3\u017cnych styl\u00f3w i bud\u017cet\u00f3w. Stw\u00f3rz i spersonalizuj swoj\u0105 bi\u017cuteri\u0119 razem z <a href=\"https:\/\/fashiongold.lt\/pl\/\" target=\"_blank\" rel=\"noopener\">FashionGold.lt<\/a>.<\/p>\n","protected":false},"excerpt":{"rendered":"<h2 data-start=\"2745\" data-end=\"2823\">Bransoletka z diamentami \u2013 klasyczny design, kt\u00f3ry nigdy si\u0119 nie starzeje<\/h2>\n<p data-start=\"2825\" data-end=\"3102\">Ta bransoletka z diamentami o masie 3.00 ct l\u015bni wyj\u0105tkowym efektem g\u0142\u0119bi \u015bwiat\u0142a, kt\u00f3ry jest charakterystyczny tylko dla kamieni o szlifie <em>Round<\/em>. Ka\u017cdy kamie\u0144 zosta\u0142 tutaj precyzyjnie i r\u00f3wnomiernie rozmieszczony, aby zachowa\u0107 symetri\u0119 i sp\u00f3jny blask. To dzie\u0142o, kt\u00f3re odzwierciedla ponadczasow\u0105 elegancj\u0119 i kobiec\u0105 pewno\u015b\u0107 siebie.<\/p>\n<h3 data-start=\"3104\" data-end=\"3174\">Diamenty o okr\u0105g\u0142ym kszta\u0142cie \u2013 standard doskona\u0142o\u015bci w jubilerstwie<\/h3>\n<p data-start=\"3176\" data-end=\"3425\">Ta bransoletka zosta\u0142a zaprojektowana tak, aby nie tylko zdobi\u0142a, ale tak\u017ce naturalnie uk\u0142ada\u0142a si\u0119 na nadgarstku. \u015awiat\u0142o, przenikaj\u0105c przez fasetki kamieni, tworzy hipnotyzuj\u0105cy blask. Ta bi\u017cuteria to doskona\u0142y wyb\u00f3r na uroczyste okazje lub jako symbol towarzysz\u0105cy przez ca\u0142e \u017cycie.<\/p>\n","protected":false},"featured_media":260433,"template":"","meta":{"site-sidebar-layout":"default","site-content-layout":"","ast-site-content-layout":"default","site-content-style":"default","site-sidebar-style":"default","ast-global-header-display":"","ast-banner-title-visibility":"","ast-main-header-display":"","ast-hfb-above-header-display":"","ast-hfb-below-header-display":"","ast-hfb-mobile-header-display":"","site-post-title":"","ast-breadcrumbs-content":"","ast-featured-img":"","footer-sml-layout":"","ast-disable-related-posts":"","theme-transparent-header-meta":"default","adv-header-id-meta":"","stick-header-meta":"","header-above-stick-meta":"","header-main-stick-meta":"","header-below-stick-meta":"","astra-migrate-meta-layouts":"default","ast-page-background-enabled":"default","ast-page-background-meta":{"desktop":{"background-color":"var(--ast-global-color-4)","background-image":"","background-repeat":"repeat","background-position":"center center","background-size":"auto","background-attachment":"scroll","background-type":"","background-media":"","overlay-type":"","overlay-color":"","overlay-opacity":"","overlay-gradient":""},"tablet":{"background-color":"","background-image":"","background-repeat":"repeat","background-position":"center center","background-size":"auto","background-attachment":"scroll","background-type":"","background-media":"","overlay-type":"","overlay-color":"","overlay-opacity":"","overlay-gradient":""},"mobile":{"background-color":"","background-image":"","background-repeat":"repeat","background-position":"center center","background-size":"auto","background-attachment":"scroll","background-type":"","background-media":"","overlay-type":"","overlay-color":"","overlay-opacity":"","overlay-gradient":""}},"ast-content-background-meta":{"desktop":{"background-color":"var(--ast-global-color-5)","background-image":"","background-repeat":"repeat","background-position":"center center","background-size":"auto","background-attachment":"scroll","background-type":"","background-media":"","overlay-type":"","overlay-color":"","overlay-opacity":"","overlay-gradient":""},"tablet":{"background-color":"var(--ast-global-color-5)","background-image":"","background-repeat":"repeat","background-position":"center center","background-size":"auto","background-attachment":"scroll","background-type":"","background-media":"","overlay-type":"","overlay-color":"","overlay-opacity":"","overlay-gradient":""},"mobile":{"background-color":"var(--ast-global-color-5)","background-image":"","background-repeat":"repeat","background-position":"center center","background-size":"auto","background-attachment":"scroll","background-type":"","background-media":"","overlay-type":"","overlay-color":"","overlay-opacity":"","overlay-gradient":""}}},"product_brand":[],"product_cat":[2871,2870,2858,3790,4023,2872,2875,2857],"product_tag":[],"class_list":{"0":"post-298430","1":"product","2":"type-product","3":"status-publish","4":"has-post-thumbnail","6":"product_cat-bizuteria-dla-kobiet","7":"product_cat-bizuteria-meska","8":"product_cat-bizuteria-z-bialego-zlota","9":"product_cat-bransoletki-z-diamentami","10":"product_cat-bransoletki-z-diamentami-laboratoryjnymi","11":"product_cat-pomysly-na-prezent","12":"product_cat-prezenty-na-dzien-matki","13":"product_cat-prezenty-swiateczne","14":"desktop-align-center","15":"tablet-align-left","16":"mobile-align-left","17":"ast-product-gallery-layout-horizontal-slider","18":"ast-product-single-variable","19":"ast-product-tabs-layout-accordion","20":"ast-qv-on-image","22":"first","23":"instock","24":"taxable","25":"shipping-taxable","26":"purchasable","27":"product-type-variable"},"yoast_head":"<!-- This site is optimized with the Yoast SEO plugin v26.6 - https:\/\/yoast.com\/wordpress\/plugins\/seo\/ -->\n<title>Bransoletka z diamentami - Round (3.00 ct)<\/title>\n<meta name=\"description\" content=\"3.00 ct bransoletka z diamentami, w kt\u00f3rej l\u015bni\u0105 kamienie o szlifie Round. Dzie\u0142o luksusu o klasycznym kszta\u0142cie, stworzone, by l\u015bni\u0107 w wyj\u0105tkowych chwilach.\" \/>\n<meta name=\"robots\" content=\"index, follow, max-snippet:-1, max-image-preview:large, max-video-preview:-1\" \/>\n<link rel=\"canonical\" href=\"https:\/\/fashiongold.lt\/pl\/produkt\/bransoletka-z-diamentami-round-3-00-ct\/\" \/>\n<meta property=\"og:locale\" content=\"pl_PL\" \/>\n<meta property=\"og:type\" content=\"article\" \/>\n<meta property=\"og:title\" content=\"Bransoletka z diamentami - Round (3.00 ct)\" \/>\n<meta property=\"og:description\" content=\"3.00 ct bransoletka z diamentami, w kt\u00f3rej l\u015bni\u0105 kamienie o szlifie Round. Dzie\u0142o luksusu o klasycznym kszta\u0142cie, stworzone, by l\u015bni\u0107 w wyj\u0105tkowych chwilach.\" \/>\n<meta property=\"og:url\" content=\"https:\/\/fashiongold.lt\/pl\/produkt\/bransoletka-z-diamentami-round-3-00-ct\/\" \/>\n<meta property=\"og:site_name\" content=\"FashionGold.lt\" \/>\n<meta property=\"article:modified_time\" content=\"2026-02-22T15:43:45+00:00\" \/>\n<meta property=\"og:image\" content=\"https:\/\/fashiongold.lt\/wp-content\/uploads\/2025\/05\/Apyranke-su-apvaliais-deimantais-is-balto-aukso-arba-platinos.webp\" \/>\n\t<meta property=\"og:image:width\" content=\"800\" \/>\n\t<meta property=\"og:image:height\" content=\"800\" \/>\n\t<meta property=\"og:image:type\" content=\"image\/png\" \/>\n<meta name=\"twitter:card\" content=\"summary_large_image\" \/>\n<meta name=\"twitter:label1\" content=\"Szacowany czas czytania\" \/>\n\t<meta name=\"twitter:data1\" content=\"1 minuta\" \/>\n<script type=\"application\/ld+json\" class=\"yoast-schema-graph\">{\"@context\":\"https:\/\/schema.org\",\"@graph\":[{\"@type\":\"WebPage\",\"@id\":\"https:\/\/fashiongold.lt\/pl\/produkt\/bransoletka-z-diamentami-round-3-00-ct\/\",\"url\":\"https:\/\/fashiongold.lt\/pl\/produkt\/bransoletka-z-diamentami-round-3-00-ct\/\",\"name\":\"Bransoletka z diamentami - Round (3.00 ct)\",\"isPartOf\":{\"@id\":\"https:\/\/fashiongold.lt\/pl\/#website\"},\"primaryImageOfPage\":{\"@id\":\"https:\/\/fashiongold.lt\/pl\/produkt\/bransoletka-z-diamentami-round-3-00-ct\/#primaryimage\"},\"image\":{\"@id\":\"https:\/\/fashiongold.lt\/pl\/produkt\/bransoletka-z-diamentami-round-3-00-ct\/#primaryimage\"},\"thumbnailUrl\":\"https:\/\/fashiongold.lt\/wp-content\/uploads\/2025\/05\/Apyranke-su-apvaliais-deimantais-is-balto-aukso-arba-platinos.png\",\"datePublished\":\"2025-08-06T11:55:50+00:00\",\"dateModified\":\"2026-02-22T15:43:45+00:00\",\"description\":\"3.00 ct bransoletka z diamentami, w kt\u00f3rej l\u015bni\u0105 kamienie o szlifie Round. Dzie\u0142o luksusu o klasycznym kszta\u0142cie, stworzone, by l\u015bni\u0107 w wyj\u0105tkowych chwilach.\",\"breadcrumb\":{\"@id\":\"https:\/\/fashiongold.lt\/pl\/produkt\/bransoletka-z-diamentami-round-3-00-ct\/#breadcrumb\"},\"inLanguage\":\"pl-PL\",\"potentialAction\":[{\"@type\":\"ReadAction\",\"target\":[\"https:\/\/fashiongold.lt\/pl\/produkt\/bransoletka-z-diamentami-round-3-00-ct\/\"]}]},{\"@type\":\"ImageObject\",\"inLanguage\":\"pl-PL\",\"@id\":\"https:\/\/fashiongold.lt\/pl\/produkt\/bransoletka-z-diamentami-round-3-00-ct\/#primaryimage\",\"url\":\"https:\/\/fashiongold.lt\/wp-content\/uploads\/2025\/05\/Apyranke-su-apvaliais-deimantais-is-balto-aukso-arba-platinos.png\",\"contentUrl\":\"https:\/\/fashiongold.lt\/wp-content\/uploads\/2025\/05\/Apyranke-su-apvaliais-deimantais-is-balto-aukso-arba-platinos.png\",\"width\":800,\"height\":800,\"caption\":\"Apyrank\u0117 su apvaliais deimantais i\u0161 balto aukso arba platinos\"},{\"@type\":\"BreadcrumbList\",\"@id\":\"https:\/\/fashiongold.lt\/pl\/produkt\/bransoletka-z-diamentami-round-3-00-ct\/#breadcrumb\",\"itemListElement\":[{\"@type\":\"ListItem\",\"position\":1,\"name\":\"Home\",\"item\":\"https:\/\/fashiongold.lt\/pl\/\"},{\"@type\":\"ListItem\",\"position\":2,\"name\":\"Sklep z diamentami Fashiongold.lt\",\"item\":\"https:\/\/fashiongold.lt\/shop-2\/\"},{\"@type\":\"ListItem\",\"position\":3,\"name\":\"Bransoletka z diamentami &#8211; Round (3.00 ct)\"}]},{\"@type\":\"WebSite\",\"@id\":\"https:\/\/fashiongold.lt\/pl\/#website\",\"url\":\"https:\/\/fashiongold.lt\/pl\/\",\"name\":\"Fashion Gold\",\"description\":\"Dom jubilerski\",\"publisher\":{\"@id\":\"https:\/\/fashiongold.lt\/pl\/#organization\"},\"potentialAction\":[{\"@type\":\"SearchAction\",\"target\":{\"@type\":\"EntryPoint\",\"urlTemplate\":\"https:\/\/fashiongold.lt\/pl\/?s={search_term_string}\"},\"query-input\":{\"@type\":\"PropertyValueSpecification\",\"valueRequired\":true,\"valueName\":\"search_term_string\"}}],\"inLanguage\":\"pl-PL\"},{\"@type\":\"Organization\",\"@id\":\"https:\/\/fashiongold.lt\/pl\/#organization\",\"name\":\"Topdiamonds Online\",\"url\":\"https:\/\/fashiongold.lt\/pl\/\",\"logo\":{\"@type\":\"ImageObject\",\"inLanguage\":\"pl-PL\",\"@id\":\"https:\/\/fashiongold.lt\/pl\/#\/schema\/logo\/image\/\",\"url\":\"https:\/\/fashiongold.lt\/wp-content\/uploads\/2025\/04\/cropped-fashion_gold_logotipas2-scaled-1.png\",\"contentUrl\":\"https:\/\/fashiongold.lt\/wp-content\/uploads\/2025\/04\/cropped-fashion_gold_logotipas2-scaled-1.png\",\"width\":2559,\"height\":421,\"caption\":\"Topdiamonds Online\"},\"image\":{\"@id\":\"https:\/\/fashiongold.lt\/pl\/#\/schema\/logo\/image\/\"}}]}<\/script>\n<!-- \/ Yoast SEO plugin. -->","yoast_head_json":{"title":"Bransoletka z diamentami - Round (3.00 ct)","description":"3.00 ct bransoletka z diamentami, w kt\u00f3rej l\u015bni\u0105 kamienie o szlifie Round. Dzie\u0142o luksusu o klasycznym kszta\u0142cie, stworzone, by l\u015bni\u0107 w wyj\u0105tkowych chwilach.","robots":{"index":"index","follow":"follow","max-snippet":"max-snippet:-1","max-image-preview":"max-image-preview:large","max-video-preview":"max-video-preview:-1"},"canonical":"https:\/\/fashiongold.lt\/pl\/produkt\/bransoletka-z-diamentami-round-3-00-ct\/","og_locale":"pl_PL","og_type":"article","og_title":"Bransoletka z diamentami - Round (3.00 ct)","og_description":"3.00 ct bransoletka z diamentami, w kt\u00f3rej l\u015bni\u0105 kamienie o szlifie Round. Dzie\u0142o luksusu o klasycznym kszta\u0142cie, stworzone, by l\u015bni\u0107 w wyj\u0105tkowych chwilach.","og_url":"https:\/\/fashiongold.lt\/pl\/produkt\/bransoletka-z-diamentami-round-3-00-ct\/","og_site_name":"FashionGold.lt","article_modified_time":"2026-02-22T15:43:45+00:00","og_image":[{"width":800,"height":800,"url":"https:\/\/fashiongold.lt\/wp-content\/uploads\/2025\/05\/Apyranke-su-apvaliais-deimantais-is-balto-aukso-arba-platinos.webp","type":"image\/png"}],"twitter_card":"summary_large_image","twitter_misc":{"Szacowany czas czytania":"1 minuta"},"schema":{"@context":"https:\/\/schema.org","@graph":[{"@type":"WebPage","@id":"https:\/\/fashiongold.lt\/pl\/produkt\/bransoletka-z-diamentami-round-3-00-ct\/","url":"https:\/\/fashiongold.lt\/pl\/produkt\/bransoletka-z-diamentami-round-3-00-ct\/","name":"Bransoletka z diamentami - Round (3.00 ct)","isPartOf":{"@id":"https:\/\/fashiongold.lt\/pl\/#website"},"primaryImageOfPage":{"@id":"https:\/\/fashiongold.lt\/pl\/produkt\/bransoletka-z-diamentami-round-3-00-ct\/#primaryimage"},"image":{"@id":"https:\/\/fashiongold.lt\/pl\/produkt\/bransoletka-z-diamentami-round-3-00-ct\/#primaryimage"},"thumbnailUrl":"https:\/\/fashiongold.lt\/wp-content\/uploads\/2025\/05\/Apyranke-su-apvaliais-deimantais-is-balto-aukso-arba-platinos.png","datePublished":"2025-08-06T11:55:50+00:00","dateModified":"2026-02-22T15:43:45+00:00","description":"3.00 ct bransoletka z diamentami, w kt\u00f3rej l\u015bni\u0105 kamienie o szlifie Round. Dzie\u0142o luksusu o klasycznym kszta\u0142cie, stworzone, by l\u015bni\u0107 w wyj\u0105tkowych chwilach.","breadcrumb":{"@id":"https:\/\/fashiongold.lt\/pl\/produkt\/bransoletka-z-diamentami-round-3-00-ct\/#breadcrumb"},"inLanguage":"pl-PL","potentialAction":[{"@type":"ReadAction","target":["https:\/\/fashiongold.lt\/pl\/produkt\/bransoletka-z-diamentami-round-3-00-ct\/"]}]},{"@type":"ImageObject","inLanguage":"pl-PL","@id":"https:\/\/fashiongold.lt\/pl\/produkt\/bransoletka-z-diamentami-round-3-00-ct\/#primaryimage","url":"https:\/\/fashiongold.lt\/wp-content\/uploads\/2025\/05\/Apyranke-su-apvaliais-deimantais-is-balto-aukso-arba-platinos.png","contentUrl":"https:\/\/fashiongold.lt\/wp-content\/uploads\/2025\/05\/Apyranke-su-apvaliais-deimantais-is-balto-aukso-arba-platinos.png","width":800,"height":800,"caption":"Apyrank\u0117 su apvaliais deimantais i\u0161 balto aukso arba platinos"},{"@type":"BreadcrumbList","@id":"https:\/\/fashiongold.lt\/pl\/produkt\/bransoletka-z-diamentami-round-3-00-ct\/#breadcrumb","itemListElement":[{"@type":"ListItem","position":1,"name":"Home","item":"https:\/\/fashiongold.lt\/pl\/"},{"@type":"ListItem","position":2,"name":"Sklep z diamentami Fashiongold.lt","item":"https:\/\/fashiongold.lt\/shop-2\/"},{"@type":"ListItem","position":3,"name":"Bransoletka z diamentami &#8211; Round (3.00 ct)"}]},{"@type":"WebSite","@id":"https:\/\/fashiongold.lt\/pl\/#website","url":"https:\/\/fashiongold.lt\/pl\/","name":"Fashion Gold","description":"Dom jubilerski","publisher":{"@id":"https:\/\/fashiongold.lt\/pl\/#organization"},"potentialAction":[{"@type":"SearchAction","target":{"@type":"EntryPoint","urlTemplate":"https:\/\/fashiongold.lt\/pl\/?s={search_term_string}"},"query-input":{"@type":"PropertyValueSpecification","valueRequired":true,"valueName":"search_term_string"}}],"inLanguage":"pl-PL"},{"@type":"Organization","@id":"https:\/\/fashiongold.lt\/pl\/#organization","name":"Topdiamonds Online","url":"https:\/\/fashiongold.lt\/pl\/","logo":{"@type":"ImageObject","inLanguage":"pl-PL","@id":"https:\/\/fashiongold.lt\/pl\/#\/schema\/logo\/image\/","url":"https:\/\/fashiongold.lt\/wp-content\/uploads\/2025\/04\/cropped-fashion_gold_logotipas2-scaled-1.png","contentUrl":"https:\/\/fashiongold.lt\/wp-content\/uploads\/2025\/04\/cropped-fashion_gold_logotipas2-scaled-1.png","width":2559,"height":421,"caption":"Topdiamonds Online"},"image":{"@id":"https:\/\/fashiongold.lt\/pl\/#\/schema\/logo\/image\/"}}]}},"_links":{"self":[{"href":"https:\/\/fashiongold.lt\/pl\/wp-json\/wp\/v2\/product\/298430","targetHints":{"allow":["GET"]}}],"collection":[{"href":"https:\/\/fashiongold.lt\/pl\/wp-json\/wp\/v2\/product"}],"about":[{"href":"https:\/\/fashiongold.lt\/pl\/wp-json\/wp\/v2\/types\/product"}],"version-history":[{"count":0,"href":"https:\/\/fashiongold.lt\/pl\/wp-json\/wp\/v2\/product\/298430\/revisions"}],"wp:featuredmedia":[{"embeddable":true,"href":"https:\/\/fashiongold.lt\/pl\/wp-json\/wp\/v2\/media\/260433"}],"wp:attachment":[{"href":"https:\/\/fashiongold.lt\/pl\/wp-json\/wp\/v2\/media?parent=298430"}],"wp:term":[{"taxonomy":"product_brand","embeddable":true,"href":"https:\/\/fashiongold.lt\/pl\/wp-json\/wp\/v2\/product_brand?post=298430"},{"taxonomy":"product_cat","embeddable":true,"href":"https:\/\/fashiongold.lt\/pl\/wp-json\/wp\/v2\/product_cat?post=298430"},{"taxonomy":"product_tag","embeddable":true,"href":"https:\/\/fashiongold.lt\/pl\/wp-json\/wp\/v2\/product_tag?post=298430"}],"curies":[{"name":"wp","href":"https:\/\/api.w.org\/{rel}","templated":true}]}}