{"id":298625,"date":"2025-08-04T09:53:52","date_gmt":"2025-08-04T09:53:52","guid":{"rendered":"https:\/\/fashiongold.lt\/papuosalas\/klasyczne-kolczyki-z-diamentami-marquise-2-40-ct\/"},"modified":"2025-08-04T09:53:52","modified_gmt":"2025-08-04T09:53:52","slug":"klasyczne-kolczyki-z-diamentami-marquise-2-40-ct","status":"publish","type":"product","link":"https:\/\/fashiongold.lt\/pl\/papuosalas\/klasyczne-kolczyki-z-diamentami-marquise-2-40-ct\/","title":{"rendered":"Klasyczne kolczyki z diamentami \u2013 Marquise (2.40 ct)"},"content":{"rendered":"<h3>Diamenty o szlifie <em>Marquise<\/em> nadaj\u0105 tym kolczykom wyj\u0105tkowo\u015bci, ale pozostaj\u0105 \u0142atwe do dopasowania do ka\u017cdego stylu.<\/h3>\n<p>Bi\u017cuteria jest wytwarzana zgodnie z najwy\u017cszymi standardami jubilerskimi. Na \u017cyczenie klienta mo\u017cemy u\u017cy\u0107 diament\u00f3w wy\u017cszej jako\u015bci za dodatkow\u0105 op\u0142at\u0105.<\/p>\n<p>&nbsp;<\/p>\n<p>\u2022 <a href=\"https:\/\/fashiongold.lt\/pl\/patarimai-pl\/proba-zlota-w-kolczykach-jak-wybrac-wysokiej-jakosci-i-trwala-bizuterie\/\" target=\"_blank\" rel=\"noopener\"><strong>Metale szlachetne<\/strong><\/a>: 14K (pr\u00f3by 585), 18K (pr\u00f3by 750), platyna 900<br \/>\n\u2022 <a href=\"https:\/\/fashiongold.lt\/pl\/patarimai-pl\/kolor-zlota-kolczykow-biale-czerwone-i-zolte-zloto-z-diamentami\/\" target=\"_blank\" rel=\"noopener\"><strong>Wyb\u00f3r kolor\u00f3w z\u0142ota<\/strong><\/a>: \u017c\u00f3\u0142ty, czerwony, bia\u0142y<br \/>\n\u2022 <strong><a href=\"https:\/\/fashiongold.lt\/pl\/patarimai-pl\/kolczyki-z-diamentami-idealne-proporcje-jak-wybrac-idealne\/\" target=\"_blank\" rel=\"noopener\">\u015arednica korony kolczyka<\/a><\/strong>: oko\u0142o 11 mm x 5.5 mm<br \/>\n\u2022 Ca\u0142kowita <a href=\"https:\/\/fashiongold.lt\/auskaru-aukso-svoris\/\" target=\"_blank\" rel=\"noopener\"><strong>masa z\u0142ota<\/strong><\/a>: oko\u0142o 1.50 g<br \/>\n\u2022 Ca\u0142kowita <strong><a href=\"https:\/\/fashiongold.lt\/deimantu-svoris\/\" target=\"_blank\" rel=\"noopener\">masa diament\u00f3w<\/a><\/strong>: 2.40 ct<br \/>\n\u2022 <strong><a href=\"https:\/\/fashiongold.lt\/pl\/patarimai-pl\/diament-inne-ksztalty-diamentu\/\" target=\"_blank\" rel=\"noopener\">Kszta\u0142t i szlif diament\u00f3w<\/a><\/strong>: Szlif markiza (<em>Marquise cut<\/em>)<br \/>\n\u2022 <strong><a href=\"https:\/\/fashiongold.lt\/pl\/patarimai-pl\/diament-naturalny-laboratoryjny-czy-sztuczny-jak-wybrac-wlasciwie\/\" target=\"_blank\" rel=\"noopener\">Pochodzenie diament\u00f3w<\/a><\/strong>: Diamenty hodowane w laboratorium lub diamenty naturalne<br \/>\n\u2022 <a href=\"https:\/\/fashiongold.lt\/pl\/patarimai-pl\/diament-co-trzeba-wiedziec-przed-zakupem\/\" target=\"_blank\" rel=\"noopener\"><strong>Masa i charakterystyka diamentu<\/strong><\/a> (mo\u017cliwo\u015b\u0107 zmiany):<br \/>\nDiament hodowany w laboratorium (certyfikat IGI): diament 1.20 ct (kolor D-E, czysto\u015b\u0107 VVS)<br \/>\nNaturalny diament (certyfikat GIA): diament 1.20 ct (kolor G-I, czysto\u015b\u0107 SI)<br \/>\n\u2022 <a href=\"https:\/\/fashiongold.lt\/pl\/dostawa-i-zwroty\/\" target=\"_blank\" rel=\"noopener\"><strong>Czas produkcji i dostawy<\/strong><\/a>: zazwyczaj oko\u0142o 14 dni roboczych, w razie potrzeby mo\u017cemy zaoferowa\u0107 wariant ekspresowy <span data-sheets-root=\"1\">\u2013 <\/span>7 dni roboczych.<\/p>\n<p>&nbsp;<\/p>\n<p>Masz w\u0142asne z\u0142oto lub kamie\u0144 szlachetny? W takim przypadku cena kolczyk\u00f3w b\u0119dzie ni\u017csza <span data-sheets-root=\"1\">\u2013<\/span> zap\u0142acisz tylko za wykonanie bi\u017cuterii. Chcesz zmieni\u0107 charakterystyk\u0119 diament\u00f3w \u2013 kolor, rozmiar lub czysto\u015b\u0107? Mo\u017cemy dostosowa\u0107 wszystko do Twoich potrzeb. <strong><a href=\"https:\/\/fashiongold.lt\/pl\/kontakt\/\" target=\"_blank\" rel=\"noopener\">Skontaktuj si\u0119<\/a><\/strong> z nami, aby om\u00f3wi\u0107 indywidualne mo\u017cliwo\u015bci.<br \/>\nKa\u017cdy znajdzie bi\u017cuteri\u0119 z diamentami pasuj\u0105c\u0105 do swojego stylu \u2013 od subtelnych klasyk\u00f3w po luksusowe akcenty. FashionGold zaprasza do personalizacji bi\u017cuterii i uczynienia jej wyj\u0105tkow\u0105 cz\u0119\u015bci\u0105 Twojej historii.<\/p>\n","protected":false},"excerpt":{"rendered":"<h2>Klasyczne kolczyki z diamentami (2.40 ct) \u2013 uniwersalna bi\u017cuteria pasuj\u0105ca do ka\u017cdego stylu.<\/h2>\n<p>Te kolczyki z diamentami o szlifie <em>Marquise<\/em> to uniwersalna bi\u017cuteria, kt\u00f3ra pasuje zar\u00f3wno do codziennych stylizacji, jak i na uroczyste okazje. Ich subtelny kszta\u0142t nadaje wystarczaj\u0105co du\u017co elegancji na podnios\u0142e chwile, a jednocze\u015bnie nie jest zbyt pretensjonalny na co dzie\u0144. Doskonale komponuj\u0105 si\u0119 z inn\u0105 bi\u017cuteri\u0105 i staj\u0105 si\u0119 tym elementem stylu, kt\u00f3ry nigdy nie wychodzi z mody.<\/p>\n","protected":false},"featured_media":29492,"template":"","meta":{"site-sidebar-layout":"default","site-content-layout":"","ast-site-content-layout":"default","site-content-style":"default","site-sidebar-style":"default","ast-global-header-display":"","ast-banner-title-visibility":"","ast-main-header-display":"","ast-hfb-above-header-display":"","ast-hfb-below-header-display":"","ast-hfb-mobile-header-display":"","site-post-title":"","ast-breadcrumbs-content":"","ast-featured-img":"","footer-sml-layout":"","ast-disable-related-posts":"","theme-transparent-header-meta":"default","adv-header-id-meta":"","stick-header-meta":"","header-above-stick-meta":"","header-main-stick-meta":"","header-below-stick-meta":"","astra-migrate-meta-layouts":"default","ast-page-background-enabled":"default","ast-page-background-meta":{"desktop":{"background-color":"var(--ast-global-color-4)","background-image":"","background-repeat":"repeat","background-position":"center center","background-size":"auto","background-attachment":"scroll","background-type":"","background-media":"","overlay-type":"","overlay-color":"","overlay-opacity":"","overlay-gradient":""},"tablet":{"background-color":"","background-image":"","background-repeat":"repeat","background-position":"center center","background-size":"auto","background-attachment":"scroll","background-type":"","background-media":"","overlay-type":"","overlay-color":"","overlay-opacity":"","overlay-gradient":""},"mobile":{"background-color":"","background-image":"","background-repeat":"repeat","background-position":"center center","background-size":"auto","background-attachment":"scroll","background-type":"","background-media":"","overlay-type":"","overlay-color":"","overlay-opacity":"","overlay-gradient":""}},"ast-content-background-meta":{"desktop":{"background-color":"var(--ast-global-color-5)","background-image":"","background-repeat":"repeat","background-position":"center center","background-size":"auto","background-attachment":"scroll","background-type":"","background-media":"","overlay-type":"","overlay-color":"","overlay-opacity":"","overlay-gradient":""},"tablet":{"background-color":"var(--ast-global-color-5)","background-image":"","background-repeat":"repeat","background-position":"center center","background-size":"auto","background-attachment":"scroll","background-type":"","background-media":"","overlay-type":"","overlay-color":"","overlay-opacity":"","overlay-gradient":""},"mobile":{"background-color":"var(--ast-global-color-5)","background-image":"","background-repeat":"repeat","background-position":"center center","background-size":"auto","background-attachment":"scroll","background-type":"","background-media":"","overlay-type":"","overlay-color":"","overlay-opacity":"","overlay-gradient":""}}},"product_brand":[],"product_cat":[3044,2871,3284,2972,3285],"product_tag":[],"class_list":{"0":"post-298625","1":"product","2":"type-product","3":"status-publish","4":"has-post-thumbnail","6":"product_cat-bizuteria","7":"product_cat-bizuteria-dla-kobiet","8":"product_cat-bizuteria-z-diamentami-laboratoryjnymi","9":"product_cat-kolczyki-z-diamentami","10":"product_cat-kolczyki-z-diamentami-laboratoryjnymi","11":"desktop-align-center","12":"tablet-align-left","13":"mobile-align-left","14":"ast-product-gallery-layout-horizontal-slider","15":"ast-product-single-variable","16":"ast-product-tabs-layout-accordion","17":"ast-qv-on-image","19":"first","20":"instock","21":"taxable","22":"shipping-taxable","23":"purchasable","24":"product-type-variable"},"yoast_head":"<!-- This site is optimized with the Yoast SEO plugin v26.6 - https:\/\/yoast.com\/wordpress\/plugins\/seo\/ -->\n<title>Klasyczne kolczyki z diamentami \u2013 Markiza (2.40 ct)<\/title>\n<meta name=\"description\" content=\"Klasyczne kolczyki z diamentami, w kt\u00f3rych l\u015bni\u0105 kamienie o szlifie markiza. Uniwersalna bi\u017cuteria, pasuj\u0105ca na co dzie\u0144 i od \u015bwi\u0119ta.\" \/>\n<meta name=\"robots\" content=\"index, follow, max-snippet:-1, max-image-preview:large, max-video-preview:-1\" \/>\n<link rel=\"canonical\" href=\"https:\/\/fashiongold.lt\/pl\/papuosalas\/klasyczne-kolczyki-z-diamentami-marquise-2-40-ct\/\" \/>\n<meta property=\"og:locale\" content=\"pl_PL\" \/>\n<meta property=\"og:type\" content=\"article\" \/>\n<meta property=\"og:title\" content=\"Klasyczne kolczyki z diamentami \u2013 Markiza (2.40 ct)\" \/>\n<meta property=\"og:description\" content=\"Klasyczne kolczyki z diamentami, w kt\u00f3rych l\u015bni\u0105 kamienie o szlifie markiza. Uniwersalna bi\u017cuteria, pasuj\u0105ca na co dzie\u0144 i od \u015bwi\u0119ta.\" \/>\n<meta property=\"og:url\" content=\"https:\/\/fashiongold.lt\/pl\/papuosalas\/klasyczne-kolczyki-z-diamentami-marquise-2-40-ct\/\" \/>\n<meta property=\"og:site_name\" content=\"FashionGold.lt\" \/>\n<meta property=\"og:image\" content=\"https:\/\/fashiongold.lt\/wp-content\/uploads\/2025\/08\/Klasikiniai-auskarai-su-deimantu-MARQUISE-DEIMANTAI-1111-1.webp\" \/>\n\t<meta property=\"og:image:width\" content=\"800\" \/>\n\t<meta property=\"og:image:height\" content=\"800\" \/>\n\t<meta property=\"og:image:type\" content=\"image\/jpeg\" \/>\n<meta name=\"twitter:card\" content=\"summary_large_image\" \/>\n<meta name=\"twitter:label1\" content=\"Szacowany czas czytania\" \/>\n\t<meta name=\"twitter:data1\" content=\"1 minuta\" \/>\n<script type=\"application\/ld+json\" class=\"yoast-schema-graph\">{\"@context\":\"https:\/\/schema.org\",\"@graph\":[{\"@type\":\"WebPage\",\"@id\":\"https:\/\/fashiongold.lt\/pl\/papuosalas\/klasyczne-kolczyki-z-diamentami-marquise-2-40-ct\/\",\"url\":\"https:\/\/fashiongold.lt\/pl\/papuosalas\/klasyczne-kolczyki-z-diamentami-marquise-2-40-ct\/\",\"name\":\"Klasyczne kolczyki z diamentami \u2013 Markiza (2.40 ct)\",\"isPartOf\":{\"@id\":\"https:\/\/fashiongold.lt\/pl\/#website\"},\"primaryImageOfPage\":{\"@id\":\"https:\/\/fashiongold.lt\/pl\/papuosalas\/klasyczne-kolczyki-z-diamentami-marquise-2-40-ct\/#primaryimage\"},\"image\":{\"@id\":\"https:\/\/fashiongold.lt\/pl\/papuosalas\/klasyczne-kolczyki-z-diamentami-marquise-2-40-ct\/#primaryimage\"},\"thumbnailUrl\":\"https:\/\/fashiongold.lt\/wp-content\/uploads\/2025\/08\/Klasikiniai-auskarai-su-deimantu-MARQUISE-DEIMANTAI-1111-1.jpg\",\"datePublished\":\"2025-08-04T09:53:52+00:00\",\"description\":\"Klasyczne kolczyki z diamentami, w kt\u00f3rych l\u015bni\u0105 kamienie o szlifie markiza. Uniwersalna bi\u017cuteria, pasuj\u0105ca na co dzie\u0144 i od \u015bwi\u0119ta.\",\"breadcrumb\":{\"@id\":\"https:\/\/fashiongold.lt\/pl\/papuosalas\/klasyczne-kolczyki-z-diamentami-marquise-2-40-ct\/#breadcrumb\"},\"inLanguage\":\"pl-PL\",\"potentialAction\":[{\"@type\":\"ReadAction\",\"target\":[\"https:\/\/fashiongold.lt\/pl\/papuosalas\/klasyczne-kolczyki-z-diamentami-marquise-2-40-ct\/\"]}]},{\"@type\":\"ImageObject\",\"inLanguage\":\"pl-PL\",\"@id\":\"https:\/\/fashiongold.lt\/pl\/papuosalas\/klasyczne-kolczyki-z-diamentami-marquise-2-40-ct\/#primaryimage\",\"url\":\"https:\/\/fashiongold.lt\/wp-content\/uploads\/2025\/08\/Klasikiniai-auskarai-su-deimantu-MARQUISE-DEIMANTAI-1111-1.jpg\",\"contentUrl\":\"https:\/\/fashiongold.lt\/wp-content\/uploads\/2025\/08\/Klasikiniai-auskarai-su-deimantu-MARQUISE-DEIMANTAI-1111-1.jpg\",\"width\":800,\"height\":800,\"caption\":\"Klasikiniai auskarai su deimantu i\u0161 balto aukso arba platinos - trilliant cut deimantai\"},{\"@type\":\"BreadcrumbList\",\"@id\":\"https:\/\/fashiongold.lt\/pl\/papuosalas\/klasyczne-kolczyki-z-diamentami-marquise-2-40-ct\/#breadcrumb\",\"itemListElement\":[{\"@type\":\"ListItem\",\"position\":1,\"name\":\"Home\",\"item\":\"https:\/\/fashiongold.lt\/pl\/\"},{\"@type\":\"ListItem\",\"position\":2,\"name\":\"Sklep z diamentami Fashiongold.lt\",\"item\":\"https:\/\/fashiongold.lt\/shop-2\/\"},{\"@type\":\"ListItem\",\"position\":3,\"name\":\"Klasyczne kolczyki z diamentami \u2013 Marquise (2.40 ct)\"}]},{\"@type\":\"WebSite\",\"@id\":\"https:\/\/fashiongold.lt\/pl\/#website\",\"url\":\"https:\/\/fashiongold.lt\/pl\/\",\"name\":\"Fashion Gold\",\"description\":\"Juvelyrikos namai\",\"publisher\":{\"@id\":\"https:\/\/fashiongold.lt\/pl\/#organization\"},\"potentialAction\":[{\"@type\":\"SearchAction\",\"target\":{\"@type\":\"EntryPoint\",\"urlTemplate\":\"https:\/\/fashiongold.lt\/pl\/?s={search_term_string}\"},\"query-input\":{\"@type\":\"PropertyValueSpecification\",\"valueRequired\":true,\"valueName\":\"search_term_string\"}}],\"inLanguage\":\"pl-PL\"},{\"@type\":\"Organization\",\"@id\":\"https:\/\/fashiongold.lt\/pl\/#organization\",\"name\":\"Topdiamonds Online\",\"url\":\"https:\/\/fashiongold.lt\/pl\/\",\"logo\":{\"@type\":\"ImageObject\",\"inLanguage\":\"pl-PL\",\"@id\":\"https:\/\/fashiongold.lt\/pl\/#\/schema\/logo\/image\/\",\"url\":\"https:\/\/fashiongold.lt\/wp-content\/uploads\/2025\/04\/cropped-fashion_gold_logotipas2-scaled-1.png\",\"contentUrl\":\"https:\/\/fashiongold.lt\/wp-content\/uploads\/2025\/04\/cropped-fashion_gold_logotipas2-scaled-1.png\",\"width\":2559,\"height\":421,\"caption\":\"Topdiamonds Online\"},\"image\":{\"@id\":\"https:\/\/fashiongold.lt\/pl\/#\/schema\/logo\/image\/\"}}]}<\/script>\n<!-- \/ Yoast SEO plugin. -->","yoast_head_json":{"title":"Klasyczne kolczyki z diamentami \u2013 Markiza (2.40 ct)","description":"Klasyczne kolczyki z diamentami, w kt\u00f3rych l\u015bni\u0105 kamienie o szlifie markiza. Uniwersalna bi\u017cuteria, pasuj\u0105ca na co dzie\u0144 i od \u015bwi\u0119ta.","robots":{"index":"index","follow":"follow","max-snippet":"max-snippet:-1","max-image-preview":"max-image-preview:large","max-video-preview":"max-video-preview:-1"},"canonical":"https:\/\/fashiongold.lt\/pl\/papuosalas\/klasyczne-kolczyki-z-diamentami-marquise-2-40-ct\/","og_locale":"pl_PL","og_type":"article","og_title":"Klasyczne kolczyki z diamentami \u2013 Markiza (2.40 ct)","og_description":"Klasyczne kolczyki z diamentami, w kt\u00f3rych l\u015bni\u0105 kamienie o szlifie markiza. Uniwersalna bi\u017cuteria, pasuj\u0105ca na co dzie\u0144 i od \u015bwi\u0119ta.","og_url":"https:\/\/fashiongold.lt\/pl\/papuosalas\/klasyczne-kolczyki-z-diamentami-marquise-2-40-ct\/","og_site_name":"FashionGold.lt","og_image":[{"width":800,"height":800,"url":"https:\/\/fashiongold.lt\/wp-content\/uploads\/2025\/08\/Klasikiniai-auskarai-su-deimantu-MARQUISE-DEIMANTAI-1111-1.webp","type":"image\/jpeg"}],"twitter_card":"summary_large_image","twitter_misc":{"Szacowany czas czytania":"1 minuta"},"schema":{"@context":"https:\/\/schema.org","@graph":[{"@type":"WebPage","@id":"https:\/\/fashiongold.lt\/pl\/papuosalas\/klasyczne-kolczyki-z-diamentami-marquise-2-40-ct\/","url":"https:\/\/fashiongold.lt\/pl\/papuosalas\/klasyczne-kolczyki-z-diamentami-marquise-2-40-ct\/","name":"Klasyczne kolczyki z diamentami \u2013 Markiza (2.40 ct)","isPartOf":{"@id":"https:\/\/fashiongold.lt\/pl\/#website"},"primaryImageOfPage":{"@id":"https:\/\/fashiongold.lt\/pl\/papuosalas\/klasyczne-kolczyki-z-diamentami-marquise-2-40-ct\/#primaryimage"},"image":{"@id":"https:\/\/fashiongold.lt\/pl\/papuosalas\/klasyczne-kolczyki-z-diamentami-marquise-2-40-ct\/#primaryimage"},"thumbnailUrl":"https:\/\/fashiongold.lt\/wp-content\/uploads\/2025\/08\/Klasikiniai-auskarai-su-deimantu-MARQUISE-DEIMANTAI-1111-1.jpg","datePublished":"2025-08-04T09:53:52+00:00","description":"Klasyczne kolczyki z diamentami, w kt\u00f3rych l\u015bni\u0105 kamienie o szlifie markiza. Uniwersalna bi\u017cuteria, pasuj\u0105ca na co dzie\u0144 i od \u015bwi\u0119ta.","breadcrumb":{"@id":"https:\/\/fashiongold.lt\/pl\/papuosalas\/klasyczne-kolczyki-z-diamentami-marquise-2-40-ct\/#breadcrumb"},"inLanguage":"pl-PL","potentialAction":[{"@type":"ReadAction","target":["https:\/\/fashiongold.lt\/pl\/papuosalas\/klasyczne-kolczyki-z-diamentami-marquise-2-40-ct\/"]}]},{"@type":"ImageObject","inLanguage":"pl-PL","@id":"https:\/\/fashiongold.lt\/pl\/papuosalas\/klasyczne-kolczyki-z-diamentami-marquise-2-40-ct\/#primaryimage","url":"https:\/\/fashiongold.lt\/wp-content\/uploads\/2025\/08\/Klasikiniai-auskarai-su-deimantu-MARQUISE-DEIMANTAI-1111-1.jpg","contentUrl":"https:\/\/fashiongold.lt\/wp-content\/uploads\/2025\/08\/Klasikiniai-auskarai-su-deimantu-MARQUISE-DEIMANTAI-1111-1.jpg","width":800,"height":800,"caption":"Klasikiniai auskarai su deimantu i\u0161 balto aukso arba platinos - trilliant cut deimantai"},{"@type":"BreadcrumbList","@id":"https:\/\/fashiongold.lt\/pl\/papuosalas\/klasyczne-kolczyki-z-diamentami-marquise-2-40-ct\/#breadcrumb","itemListElement":[{"@type":"ListItem","position":1,"name":"Home","item":"https:\/\/fashiongold.lt\/pl\/"},{"@type":"ListItem","position":2,"name":"Sklep z diamentami Fashiongold.lt","item":"https:\/\/fashiongold.lt\/shop-2\/"},{"@type":"ListItem","position":3,"name":"Klasyczne kolczyki z diamentami \u2013 Marquise (2.40 ct)"}]},{"@type":"WebSite","@id":"https:\/\/fashiongold.lt\/pl\/#website","url":"https:\/\/fashiongold.lt\/pl\/","name":"Fashion Gold","description":"Juvelyrikos namai","publisher":{"@id":"https:\/\/fashiongold.lt\/pl\/#organization"},"potentialAction":[{"@type":"SearchAction","target":{"@type":"EntryPoint","urlTemplate":"https:\/\/fashiongold.lt\/pl\/?s={search_term_string}"},"query-input":{"@type":"PropertyValueSpecification","valueRequired":true,"valueName":"search_term_string"}}],"inLanguage":"pl-PL"},{"@type":"Organization","@id":"https:\/\/fashiongold.lt\/pl\/#organization","name":"Topdiamonds Online","url":"https:\/\/fashiongold.lt\/pl\/","logo":{"@type":"ImageObject","inLanguage":"pl-PL","@id":"https:\/\/fashiongold.lt\/pl\/#\/schema\/logo\/image\/","url":"https:\/\/fashiongold.lt\/wp-content\/uploads\/2025\/04\/cropped-fashion_gold_logotipas2-scaled-1.png","contentUrl":"https:\/\/fashiongold.lt\/wp-content\/uploads\/2025\/04\/cropped-fashion_gold_logotipas2-scaled-1.png","width":2559,"height":421,"caption":"Topdiamonds Online"},"image":{"@id":"https:\/\/fashiongold.lt\/pl\/#\/schema\/logo\/image\/"}}]}},"_links":{"self":[{"href":"https:\/\/fashiongold.lt\/pl\/wp-json\/wp\/v2\/product\/298625","targetHints":{"allow":["GET"]}}],"collection":[{"href":"https:\/\/fashiongold.lt\/pl\/wp-json\/wp\/v2\/product"}],"about":[{"href":"https:\/\/fashiongold.lt\/pl\/wp-json\/wp\/v2\/types\/product"}],"version-history":[{"count":0,"href":"https:\/\/fashiongold.lt\/pl\/wp-json\/wp\/v2\/product\/298625\/revisions"}],"wp:featuredmedia":[{"embeddable":true,"href":"https:\/\/fashiongold.lt\/pl\/wp-json\/wp\/v2\/media\/29492"}],"wp:attachment":[{"href":"https:\/\/fashiongold.lt\/pl\/wp-json\/wp\/v2\/media?parent=298625"}],"wp:term":[{"taxonomy":"product_brand","embeddable":true,"href":"https:\/\/fashiongold.lt\/pl\/wp-json\/wp\/v2\/product_brand?post=298625"},{"taxonomy":"product_cat","embeddable":true,"href":"https:\/\/fashiongold.lt\/pl\/wp-json\/wp\/v2\/product_cat?post=298625"},{"taxonomy":"product_tag","embeddable":true,"href":"https:\/\/fashiongold.lt\/pl\/wp-json\/wp\/v2\/product_tag?post=298625"}],"curies":[{"name":"wp","href":"https:\/\/api.w.org\/{rel}","templated":true}]}}