{"id":299035,"date":"2025-07-21T13:34:23","date_gmt":"2025-07-21T13:34:23","guid":{"rendered":"https:\/\/fashiongold.lt\/papuosalas\/wisiorek-w-stylu-halo-z-diamentami-pear-1-65-ct\/"},"modified":"2025-07-21T13:34:23","modified_gmt":"2025-07-21T13:34:23","slug":"wisiorek-w-stylu-halo-z-diamentami-pear-1-65-ct","status":"publish","type":"product","link":"https:\/\/fashiongold.lt\/pl\/papuosalas\/wisiorek-w-stylu-halo-z-diamentami-pear-1-65-ct\/","title":{"rendered":"Wisiorek w stylu halo z diamentami &#8211; Pear (1.65 ct)"},"content":{"rendered":"<p><span data-sheets-root=\"1\">Wykonano zgodnie z najwy\u017cszymi standardami jubilerskimi. Wisiorek mo\u017ce zosta\u0107 wykonany na zam\u00f3wienie: za dodatkow\u0105 op\u0142at\u0105 z diamentem o wy\u017cszej jako\u015bci.<\/span><\/p>\n<p><span data-sheets-root=\"1\"><br \/>\n\u2022 <strong><a href=\"https:\/\/fashiongold.lt\/pl\/patarimai-pl\/proba-zlota-dla-zawieszki-jak-wybrac-odpowiednia\/\" target=\"_blank\" rel=\"noopener\">Metal wisiorka<\/a><\/strong>: 14K (pr\u00f3ba 585), 18K (pr\u00f3ba 750), platyna 900<br \/>\n\u2022 <a href=\"https:\/\/fashiongold.lt\/pl\/patarimai-pl\/zawieszki-i-kolor-zlota-jak-wybrac-biale-czerwone-czy-zolte-zloto\/\" target=\"_blank\" rel=\"noopener\"><strong>Kolor z\u0142ota wisiorka<\/strong><\/a>: bia\u0142y, czerwony, \u017c\u00f3\u0142ty<br \/>\n<\/span><span data-sheets-root=\"1\">\u2022 <a href=\"https:\/\/fashiongold.lt\/pl\/patarimai-pl\/zlote-lancuszki-jakosc-waga-proba-kolor-zlota-i-dlugosc\/\" target=\"_blank\" rel=\"noopener\"><strong>Waga z\u0142ota wisiorka<\/strong><\/a>: ok. 2.50 g<br \/>\n\u2022 <a href=\"https:\/\/fashiongold.lt\/pl\/patarimai-pl\/zlote-zawieszki-z-diamentami-dlaczego-wymiary-decyduja-o-jakosci\/\" target=\"_blank\" rel=\"noopener\"><strong>Szeroko\u015b\u0107 korony wisiorka<\/strong><\/a>: ok. 8.75 mm x 6.75 mm<br \/>\n\u2022 <a href=\"https:\/\/fashiongold.lt\/pl\/patarimai-pl\/idealne-polaczenie-zawieszka-z-diamentem-i-odpowiednia-dlugosc-lancuszka\/\" target=\"_blank\" rel=\"noopener\"><strong>D\u0142ugo\u015b\u0107 \u0142a\u0144cuszka<\/strong><\/a>: 43-45 cm (regulowana)<br \/>\n\u2022 <a href=\"https:\/\/fashiongold.lt\/pl\/patarimai-pl\/diament-inne-ksztalty-diamentu\/\" target=\"_blank\" rel=\"noopener\"><strong>Kszta\u0142t diamentu<\/strong><\/a>: Kszta\u0142t \u0142zy (<em>Pear cut<\/em>)<br \/>\n<\/span><span data-sheets-root=\"1\">\u2022 <a href=\"https:\/\/fashiongold.lt\/pl\/patarimai-pl\/diament-naturalny-laboratoryjny-czy-sztuczny-jak-wybrac-wlasciwie\/\" target=\"_blank\" rel=\"noopener\"><strong>Typ diamentu<\/strong><\/a>: Diamenty wyhodowane w laboratorium lub diamenty naturalne<br \/>\n\u2022 <a href=\"https:\/\/fashiongold.lt\/pl\/patarimai-pl\/diament-jak-oceniany-jest-luksus-najcenniejszego-kamienia-szlachetnego\/\" target=\"_blank\" rel=\"noopener\"><strong>Masa i charakterystyka diamentu<\/strong><\/a> (mo\u017cliwo\u015b\u0107 zmiany):<br \/>\nDiament wyhodowany w laboratorium: diament 1.50 ct (kolor D-E, czysto\u015b\u0107 VVS), certyfikat IGI<br \/>\nNaturalny diament: diament 1.50 ct (kolor G-I, czysto\u015b\u0107 SI), certyfikat GIA<br \/>\nW aureoli (Halo) wok\u00f3\u0142 centralnego diamentu: diamenty ok. 0.15 ct (mo\u017cliwo\u015b\u0107 zmiany)<br \/>\nCa\u0142kowita masa diament\u00f3w: 1.65 ct<br \/>\n<\/span><span data-sheets-root=\"1\">\u2022 <strong><a href=\"https:\/\/fashiongold.lt\/pl\/patarimai-pl\/pierscionki-zareczynowe-czy-mozna-wygrawerowac-pierscionek-detale-ktore-nadaja-twojemu-pierscionkowi-zareczynowemu-indywidualnego-charakteru\/\" target=\"_blank\" rel=\"noopener\">Grawerowanie<\/a><\/strong> gratis<br \/>\n\u2022 <strong><a href=\"https:\/\/fashiongold.lt\/pl\/dostawa-i-zwroty\/\" target=\"_blank\" rel=\"noopener\">Termin produkcji i dostawy<\/a><\/strong>: ok. 14 dni roboczych, w trybie pilnym w ci\u0105gu 7 dni roboczych.<br \/>\n\u2022 Jednorazowa bezp\u0142atna <strong><a href=\"https:\/\/fashiongold.lt\/pl\/patarimai-pl\/zloty-lancuszek-bezplatna-zmiana-dlugosci-przy-zakupie-w-fashiongold-lt\/\" target=\"_blank\" rel=\"noopener\">gwarancja zmiany d\u0142ugo\u015bci \u0142a\u0144cuszka<\/a><br \/>\n<\/strong><\/span><span data-sheets-root=\"1\">Uwaga: przy zakupie wisiorka w stylu Halo mo\u017cliwa jest tolerancja ca\u0142kowitej masy karatowej: 1.63 ct &#8211; 1.67 ct<\/span><\/p>\n<p><span data-sheets-root=\"1\"><br \/>\nMasz w\u0142asny kamie\u0144 szlachetny lub z\u0142oto? Przeliczymy cen\u0119 i zap\u0142acisz tylko za wykonanie wisiorka. A mo\u017ce chcesz zmieni\u0107 charakterystyk\u0119 diamentu wed\u0142ug w\u0142asnych preferencji? <strong><a href=\"https:\/\/fashiongold.lt\/pl\/kontakt\/\" target=\"_blank\" rel=\"noopener\">Skontaktuj si\u0119 z nami<\/a><\/strong>!<br \/>\nOdkryj szeroki wyb\u00f3r bi\u017cuterii z diamentami, dopasowany do r\u00f3\u017cnych gust\u00f3w i bud\u017cet\u00f3w. Stw\u00f3rz i spersonalizuj swoj\u0105 bi\u017cuteri\u0119 z <a href=\"https:\/\/fashiongold.lt\/pl\/\" target=\"_blank\" rel=\"noopener\">FashionGold.lt<\/a>.<\/span><\/p>\n","protected":false},"excerpt":{"rendered":"<div class=\"flex max-w-full flex-col grow\">\n<div class=\"min-h-8 text-message relative flex w-full flex-col items-end gap-2 text-start break-words whitespace-normal [.text-message+&amp;]:mt-5\" dir=\"auto\" data-message-author-role=\"assistant\" data-message-id=\"5c71cca1-97a8-4be4-98f8-ae3b265b8ca4\" data-message-model-slug=\"gpt-4o\">\n<div class=\"flex w-full flex-col gap-1 empty:hidden first:pt-[3px]\">\n<div class=\"markdown prose dark:prose-invert w-full break-words dark\">\n<article class=\"text-token-text-primary w-full\" dir=\"auto\" data-testid=\"conversation-turn-16\" data-scroll-anchor=\"true\">\n<div class=\"text-base my-auto mx-auto py-5 [--thread-content-margin:--spacing(4)] @[37rem]:[--thread-content-margin:--spacing(6)] @[72rem]:[--thread-content-margin:--spacing(16)] px-(--thread-content-margin)\">\n<div class=\"[--thread-content-max-width:32rem] @[34rem]:[--thread-content-max-width:40rem] @[64rem]:[--thread-content-max-width:48rem] mx-auto flex max-w-(--thread-content-max-width) flex-1 text-base gap-4 md:gap-5 lg:gap-6 group\/turn-messages focus-visible:outline-hidden\" tabindex=\"-1\">\n<div class=\"group\/conversation-turn relative flex w-full min-w-0 flex-col agent-turn\">\n<div class=\"relative flex-col gap-1 md:gap-3\">\n<div class=\"flex max-w-full flex-col grow\">\n<div class=\"min-h-8 text-message relative flex w-full flex-col items-end gap-2 text-start break-words whitespace-normal [.text-message+&amp;]:mt-5\" dir=\"auto\" data-message-author-role=\"assistant\" data-message-id=\"6b6bce92-f7da-4b83-b8a2-6a8f5061b6dd\" data-message-model-slug=\"gpt-4o\">\n<div class=\"flex w-full flex-col gap-1 empty:hidden first:pt-[3px]\">\n<div class=\"markdown prose dark:prose-invert w-full break-words dark\">\n<h2 data-start=\"5677\" data-end=\"5750\">Zawieszka z diamentami w stylu Halo \u2013 kropla \u015bwiat\u0142a z natury<\/h2>\n<p data-start=\"5752\" data-end=\"6014\">Diament o szlifie <em>Pear<\/em> \u2013 niczym kropla krystalicznej rosy, uchwycona w porannym s\u0142o\u0144cu. Aureola Halo wok\u00f3\u0142 niego wzmacnia efekt \u015bwietlny, tworz\u0105c wra\u017cenie naturalnego blasku. Ta zawieszka z diamentami w stylu Halo o masie 1,65 ct przypomina taniec \u015bwiat\u0142a w naturze \u2013 naturalny, a jednocze\u015bnie wyrafinowany.<\/p>\n<h3 data-start=\"6016\" data-end=\"6082\">Diament w kszta\u0142cie \u0142zy \u2013 spok\u00f3j ziemi zamieniony w blask.<\/h3>\n<p data-start=\"6084\" data-end=\"6204\">Ten design to niczym ma\u0142y fragment natury, starannie oprawiony r\u0119kami mistrza. Idealna harmonia mi\u0119dzy naturalno\u015bci\u0105 a wyrafinowaniem. Doskona\u0142y prezent dla siebie lub ukochanej osoby.<\/p>\n<\/div>\n<\/div>\n<\/div>\n<\/div>\n<\/div>\n<\/div>\n<\/div>\n<\/div>\n<\/article>\n<\/div>\n<\/div>\n<\/div>\n<\/div>\n","protected":false},"featured_media":27349,"template":"","meta":{"site-sidebar-layout":"default","site-content-layout":"","ast-site-content-layout":"default","site-content-style":"default","site-sidebar-style":"default","ast-global-header-display":"","ast-banner-title-visibility":"","ast-main-header-display":"","ast-hfb-above-header-display":"","ast-hfb-below-header-display":"","ast-hfb-mobile-header-display":"","site-post-title":"","ast-breadcrumbs-content":"","ast-featured-img":"","footer-sml-layout":"","ast-disable-related-posts":"","theme-transparent-header-meta":"default","adv-header-id-meta":"","stick-header-meta":"","header-above-stick-meta":"","header-main-stick-meta":"","header-below-stick-meta":"","astra-migrate-meta-layouts":"default","ast-page-background-enabled":"default","ast-page-background-meta":{"desktop":{"background-color":"var(--ast-global-color-4)","background-image":"","background-repeat":"repeat","background-position":"center center","background-size":"auto","background-attachment":"scroll","background-type":"","background-media":"","overlay-type":"","overlay-color":"","overlay-opacity":"","overlay-gradient":""},"tablet":{"background-color":"","background-image":"","background-repeat":"repeat","background-position":"center center","background-size":"auto","background-attachment":"scroll","background-type":"","background-media":"","overlay-type":"","overlay-color":"","overlay-opacity":"","overlay-gradient":""},"mobile":{"background-color":"","background-image":"","background-repeat":"repeat","background-position":"center center","background-size":"auto","background-attachment":"scroll","background-type":"","background-media":"","overlay-type":"","overlay-color":"","overlay-opacity":"","overlay-gradient":""}},"ast-content-background-meta":{"desktop":{"background-color":"var(--ast-global-color-5)","background-image":"","background-repeat":"repeat","background-position":"center center","background-size":"auto","background-attachment":"scroll","background-type":"","background-media":"","overlay-type":"","overlay-color":"","overlay-opacity":"","overlay-gradient":""},"tablet":{"background-color":"var(--ast-global-color-5)","background-image":"","background-repeat":"repeat","background-position":"center center","background-size":"auto","background-attachment":"scroll","background-type":"","background-media":"","overlay-type":"","overlay-color":"","overlay-opacity":"","overlay-gradient":""},"mobile":{"background-color":"var(--ast-global-color-5)","background-image":"","background-repeat":"repeat","background-position":"center center","background-size":"auto","background-attachment":"scroll","background-type":"","background-media":"","overlay-type":"","overlay-color":"","overlay-opacity":"","overlay-gradient":""}}},"product_brand":[],"product_cat":[3263,3051],"product_tag":[],"class_list":{"0":"post-299035","1":"product","2":"type-product","3":"status-publish","4":"has-post-thumbnail","6":"product_cat-lancuszki-z-diamentami","7":"product_cat-zawieszki-z-diamentami","8":"desktop-align-center","9":"tablet-align-left","10":"mobile-align-left","11":"ast-product-gallery-layout-horizontal-slider","12":"ast-product-single-variable","13":"ast-product-tabs-layout-accordion","14":"ast-qv-on-image","16":"first","17":"instock","18":"taxable","19":"shipping-taxable","20":"purchasable","21":"product-type-variable"},"yoast_head":"<!-- This site is optimized with the Yoast SEO plugin v26.6 - https:\/\/yoast.com\/wordpress\/plugins\/seo\/ -->\n<title>Zawieszka w stylu Halo z diamentami - Gruszka (1.65 ct)<\/title>\n<meta name=\"description\" content=\"Zawieszka z diamentami w stylu halo \u2013 kamie\u0144 w kszta\u0142cie kropli, inspirowany blaskiem rosy i gr\u0105 \u015bwiate\u0142, kt\u00f3ra zachwyca ka\u017cdego dnia.\" \/>\n<meta name=\"robots\" content=\"index, follow, max-snippet:-1, max-image-preview:large, max-video-preview:-1\" \/>\n<link rel=\"canonical\" href=\"https:\/\/fashiongold.lt\/pl\/papuosalas\/wisiorek-w-stylu-halo-z-diamentami-pear-1-65-ct\/\" \/>\n<meta property=\"og:locale\" content=\"pl_PL\" \/>\n<meta property=\"og:type\" content=\"article\" \/>\n<meta property=\"og:title\" content=\"Zawieszka w stylu Halo z diamentami - Gruszka (1.65 ct)\" \/>\n<meta property=\"og:description\" content=\"Zawieszka z diamentami w stylu halo \u2013 kamie\u0144 w kszta\u0142cie kropli, inspirowany blaskiem rosy i gr\u0105 \u015bwiate\u0142, kt\u00f3ra zachwyca ka\u017cdego dnia.\" \/>\n<meta property=\"og:url\" content=\"https:\/\/fashiongold.lt\/pl\/papuosalas\/wisiorek-w-stylu-halo-z-diamentami-pear-1-65-ct\/\" \/>\n<meta property=\"og:site_name\" content=\"FashionGold.lt\" \/>\n<meta property=\"og:image\" content=\"https:\/\/fashiongold.lt\/wp-content\/uploads\/2025\/07\/Pakabukas-su-deimantu-PEAR-HALO-DEIMANTAS-2.webp\" \/>\n\t<meta property=\"og:image:width\" content=\"800\" \/>\n\t<meta property=\"og:image:height\" content=\"800\" \/>\n\t<meta property=\"og:image:type\" content=\"image\/jpeg\" \/>\n<meta name=\"twitter:card\" content=\"summary_large_image\" \/>\n<meta name=\"twitter:label1\" content=\"Szacowany czas czytania\" \/>\n\t<meta name=\"twitter:data1\" content=\"1 minuta\" \/>\n<script type=\"application\/ld+json\" class=\"yoast-schema-graph\">{\"@context\":\"https:\/\/schema.org\",\"@graph\":[{\"@type\":\"WebPage\",\"@id\":\"https:\/\/fashiongold.lt\/pl\/papuosalas\/wisiorek-w-stylu-halo-z-diamentami-pear-1-65-ct\/\",\"url\":\"https:\/\/fashiongold.lt\/pl\/papuosalas\/wisiorek-w-stylu-halo-z-diamentami-pear-1-65-ct\/\",\"name\":\"Zawieszka w stylu Halo z diamentami - Gruszka (1.65 ct)\",\"isPartOf\":{\"@id\":\"https:\/\/fashiongold.lt\/pl\/#website\"},\"primaryImageOfPage\":{\"@id\":\"https:\/\/fashiongold.lt\/pl\/papuosalas\/wisiorek-w-stylu-halo-z-diamentami-pear-1-65-ct\/#primaryimage\"},\"image\":{\"@id\":\"https:\/\/fashiongold.lt\/pl\/papuosalas\/wisiorek-w-stylu-halo-z-diamentami-pear-1-65-ct\/#primaryimage\"},\"thumbnailUrl\":\"https:\/\/fashiongold.lt\/wp-content\/uploads\/2025\/07\/Pakabukas-su-deimantu-PEAR-HALO-DEIMANTAS-2.jpg\",\"datePublished\":\"2025-07-21T13:34:23+00:00\",\"description\":\"Zawieszka z diamentami w stylu halo \u2013 kamie\u0144 w kszta\u0142cie kropli, inspirowany blaskiem rosy i gr\u0105 \u015bwiate\u0142, kt\u00f3ra zachwyca ka\u017cdego dnia.\",\"breadcrumb\":{\"@id\":\"https:\/\/fashiongold.lt\/pl\/papuosalas\/wisiorek-w-stylu-halo-z-diamentami-pear-1-65-ct\/#breadcrumb\"},\"inLanguage\":\"pl-PL\",\"potentialAction\":[{\"@type\":\"ReadAction\",\"target\":[\"https:\/\/fashiongold.lt\/pl\/papuosalas\/wisiorek-w-stylu-halo-z-diamentami-pear-1-65-ct\/\"]}]},{\"@type\":\"ImageObject\",\"inLanguage\":\"pl-PL\",\"@id\":\"https:\/\/fashiongold.lt\/pl\/papuosalas\/wisiorek-w-stylu-halo-z-diamentami-pear-1-65-ct\/#primaryimage\",\"url\":\"https:\/\/fashiongold.lt\/wp-content\/uploads\/2025\/07\/Pakabukas-su-deimantu-PEAR-HALO-DEIMANTAS-2.jpg\",\"contentUrl\":\"https:\/\/fashiongold.lt\/wp-content\/uploads\/2025\/07\/Pakabukas-su-deimantu-PEAR-HALO-DEIMANTAS-2.jpg\",\"width\":800,\"height\":800,\"caption\":\"Pakabukas su la\u0161o formos deimantu ir Halo juostele i\u0161 balto aukso arba platinos\"},{\"@type\":\"BreadcrumbList\",\"@id\":\"https:\/\/fashiongold.lt\/pl\/papuosalas\/wisiorek-w-stylu-halo-z-diamentami-pear-1-65-ct\/#breadcrumb\",\"itemListElement\":[{\"@type\":\"ListItem\",\"position\":1,\"name\":\"Home\",\"item\":\"https:\/\/fashiongold.lt\/pl\/\"},{\"@type\":\"ListItem\",\"position\":2,\"name\":\"Sklep z diamentami Fashiongold.lt\",\"item\":\"https:\/\/fashiongold.lt\/shop-2\/\"},{\"@type\":\"ListItem\",\"position\":3,\"name\":\"Wisiorek w stylu halo z diamentami &#8211; Pear (1.65 ct)\"}]},{\"@type\":\"WebSite\",\"@id\":\"https:\/\/fashiongold.lt\/pl\/#website\",\"url\":\"https:\/\/fashiongold.lt\/pl\/\",\"name\":\"Fashion Gold\",\"description\":\"Juvelyrikos namai\",\"publisher\":{\"@id\":\"https:\/\/fashiongold.lt\/pl\/#organization\"},\"potentialAction\":[{\"@type\":\"SearchAction\",\"target\":{\"@type\":\"EntryPoint\",\"urlTemplate\":\"https:\/\/fashiongold.lt\/pl\/?s={search_term_string}\"},\"query-input\":{\"@type\":\"PropertyValueSpecification\",\"valueRequired\":true,\"valueName\":\"search_term_string\"}}],\"inLanguage\":\"pl-PL\"},{\"@type\":\"Organization\",\"@id\":\"https:\/\/fashiongold.lt\/pl\/#organization\",\"name\":\"Topdiamonds Online\",\"url\":\"https:\/\/fashiongold.lt\/pl\/\",\"logo\":{\"@type\":\"ImageObject\",\"inLanguage\":\"pl-PL\",\"@id\":\"https:\/\/fashiongold.lt\/pl\/#\/schema\/logo\/image\/\",\"url\":\"https:\/\/fashiongold.lt\/wp-content\/uploads\/2025\/04\/cropped-fashion_gold_logotipas2-scaled-1.png\",\"contentUrl\":\"https:\/\/fashiongold.lt\/wp-content\/uploads\/2025\/04\/cropped-fashion_gold_logotipas2-scaled-1.png\",\"width\":2559,\"height\":421,\"caption\":\"Topdiamonds Online\"},\"image\":{\"@id\":\"https:\/\/fashiongold.lt\/pl\/#\/schema\/logo\/image\/\"}}]}<\/script>\n<!-- \/ Yoast SEO plugin. -->","yoast_head_json":{"title":"Zawieszka w stylu Halo z diamentami - Gruszka (1.65 ct)","description":"Zawieszka z diamentami w stylu halo \u2013 kamie\u0144 w kszta\u0142cie kropli, inspirowany blaskiem rosy i gr\u0105 \u015bwiate\u0142, kt\u00f3ra zachwyca ka\u017cdego dnia.","robots":{"index":"index","follow":"follow","max-snippet":"max-snippet:-1","max-image-preview":"max-image-preview:large","max-video-preview":"max-video-preview:-1"},"canonical":"https:\/\/fashiongold.lt\/pl\/papuosalas\/wisiorek-w-stylu-halo-z-diamentami-pear-1-65-ct\/","og_locale":"pl_PL","og_type":"article","og_title":"Zawieszka w stylu Halo z diamentami - Gruszka (1.65 ct)","og_description":"Zawieszka z diamentami w stylu halo \u2013 kamie\u0144 w kszta\u0142cie kropli, inspirowany blaskiem rosy i gr\u0105 \u015bwiate\u0142, kt\u00f3ra zachwyca ka\u017cdego dnia.","og_url":"https:\/\/fashiongold.lt\/pl\/papuosalas\/wisiorek-w-stylu-halo-z-diamentami-pear-1-65-ct\/","og_site_name":"FashionGold.lt","og_image":[{"width":800,"height":800,"url":"https:\/\/fashiongold.lt\/wp-content\/uploads\/2025\/07\/Pakabukas-su-deimantu-PEAR-HALO-DEIMANTAS-2.webp","type":"image\/jpeg"}],"twitter_card":"summary_large_image","twitter_misc":{"Szacowany czas czytania":"1 minuta"},"schema":{"@context":"https:\/\/schema.org","@graph":[{"@type":"WebPage","@id":"https:\/\/fashiongold.lt\/pl\/papuosalas\/wisiorek-w-stylu-halo-z-diamentami-pear-1-65-ct\/","url":"https:\/\/fashiongold.lt\/pl\/papuosalas\/wisiorek-w-stylu-halo-z-diamentami-pear-1-65-ct\/","name":"Zawieszka w stylu Halo z diamentami - Gruszka (1.65 ct)","isPartOf":{"@id":"https:\/\/fashiongold.lt\/pl\/#website"},"primaryImageOfPage":{"@id":"https:\/\/fashiongold.lt\/pl\/papuosalas\/wisiorek-w-stylu-halo-z-diamentami-pear-1-65-ct\/#primaryimage"},"image":{"@id":"https:\/\/fashiongold.lt\/pl\/papuosalas\/wisiorek-w-stylu-halo-z-diamentami-pear-1-65-ct\/#primaryimage"},"thumbnailUrl":"https:\/\/fashiongold.lt\/wp-content\/uploads\/2025\/07\/Pakabukas-su-deimantu-PEAR-HALO-DEIMANTAS-2.jpg","datePublished":"2025-07-21T13:34:23+00:00","description":"Zawieszka z diamentami w stylu halo \u2013 kamie\u0144 w kszta\u0142cie kropli, inspirowany blaskiem rosy i gr\u0105 \u015bwiate\u0142, kt\u00f3ra zachwyca ka\u017cdego dnia.","breadcrumb":{"@id":"https:\/\/fashiongold.lt\/pl\/papuosalas\/wisiorek-w-stylu-halo-z-diamentami-pear-1-65-ct\/#breadcrumb"},"inLanguage":"pl-PL","potentialAction":[{"@type":"ReadAction","target":["https:\/\/fashiongold.lt\/pl\/papuosalas\/wisiorek-w-stylu-halo-z-diamentami-pear-1-65-ct\/"]}]},{"@type":"ImageObject","inLanguage":"pl-PL","@id":"https:\/\/fashiongold.lt\/pl\/papuosalas\/wisiorek-w-stylu-halo-z-diamentami-pear-1-65-ct\/#primaryimage","url":"https:\/\/fashiongold.lt\/wp-content\/uploads\/2025\/07\/Pakabukas-su-deimantu-PEAR-HALO-DEIMANTAS-2.jpg","contentUrl":"https:\/\/fashiongold.lt\/wp-content\/uploads\/2025\/07\/Pakabukas-su-deimantu-PEAR-HALO-DEIMANTAS-2.jpg","width":800,"height":800,"caption":"Pakabukas su la\u0161o formos deimantu ir Halo juostele i\u0161 balto aukso arba platinos"},{"@type":"BreadcrumbList","@id":"https:\/\/fashiongold.lt\/pl\/papuosalas\/wisiorek-w-stylu-halo-z-diamentami-pear-1-65-ct\/#breadcrumb","itemListElement":[{"@type":"ListItem","position":1,"name":"Home","item":"https:\/\/fashiongold.lt\/pl\/"},{"@type":"ListItem","position":2,"name":"Sklep z diamentami Fashiongold.lt","item":"https:\/\/fashiongold.lt\/shop-2\/"},{"@type":"ListItem","position":3,"name":"Wisiorek w stylu halo z diamentami &#8211; Pear (1.65 ct)"}]},{"@type":"WebSite","@id":"https:\/\/fashiongold.lt\/pl\/#website","url":"https:\/\/fashiongold.lt\/pl\/","name":"Fashion Gold","description":"Juvelyrikos namai","publisher":{"@id":"https:\/\/fashiongold.lt\/pl\/#organization"},"potentialAction":[{"@type":"SearchAction","target":{"@type":"EntryPoint","urlTemplate":"https:\/\/fashiongold.lt\/pl\/?s={search_term_string}"},"query-input":{"@type":"PropertyValueSpecification","valueRequired":true,"valueName":"search_term_string"}}],"inLanguage":"pl-PL"},{"@type":"Organization","@id":"https:\/\/fashiongold.lt\/pl\/#organization","name":"Topdiamonds Online","url":"https:\/\/fashiongold.lt\/pl\/","logo":{"@type":"ImageObject","inLanguage":"pl-PL","@id":"https:\/\/fashiongold.lt\/pl\/#\/schema\/logo\/image\/","url":"https:\/\/fashiongold.lt\/wp-content\/uploads\/2025\/04\/cropped-fashion_gold_logotipas2-scaled-1.png","contentUrl":"https:\/\/fashiongold.lt\/wp-content\/uploads\/2025\/04\/cropped-fashion_gold_logotipas2-scaled-1.png","width":2559,"height":421,"caption":"Topdiamonds Online"},"image":{"@id":"https:\/\/fashiongold.lt\/pl\/#\/schema\/logo\/image\/"}}]}},"_links":{"self":[{"href":"https:\/\/fashiongold.lt\/pl\/wp-json\/wp\/v2\/product\/299035","targetHints":{"allow":["GET"]}}],"collection":[{"href":"https:\/\/fashiongold.lt\/pl\/wp-json\/wp\/v2\/product"}],"about":[{"href":"https:\/\/fashiongold.lt\/pl\/wp-json\/wp\/v2\/types\/product"}],"version-history":[{"count":0,"href":"https:\/\/fashiongold.lt\/pl\/wp-json\/wp\/v2\/product\/299035\/revisions"}],"wp:featuredmedia":[{"embeddable":true,"href":"https:\/\/fashiongold.lt\/pl\/wp-json\/wp\/v2\/media\/27349"}],"wp:attachment":[{"href":"https:\/\/fashiongold.lt\/pl\/wp-json\/wp\/v2\/media?parent=299035"}],"wp:term":[{"taxonomy":"product_brand","embeddable":true,"href":"https:\/\/fashiongold.lt\/pl\/wp-json\/wp\/v2\/product_brand?post=299035"},{"taxonomy":"product_cat","embeddable":true,"href":"https:\/\/fashiongold.lt\/pl\/wp-json\/wp\/v2\/product_cat?post=299035"},{"taxonomy":"product_tag","embeddable":true,"href":"https:\/\/fashiongold.lt\/pl\/wp-json\/wp\/v2\/product_tag?post=299035"}],"curies":[{"name":"wp","href":"https:\/\/api.w.org\/{rel}","templated":true}]}}