{"id":1036824,"date":"2026-03-28T11:30:06","date_gmt":"2026-03-28T11:30:06","guid":{"rendered":"https:\/\/fashiongold.lt\/?post_type=product&#038;p=1036824"},"modified":"2026-03-28T11:47:11","modified_gmt":"2026-03-28T11:47:11","slug":"deimantine-juostele-su-laboratoriniais-18-marquise-deimantais-5-48-karatai","status":"publish","type":"product","link":"https:\/\/fashiongold.lt\/ru\/papuosalas\/deimantine-juostele-su-laboratoriniais-18-marquise-deimantais-5-48-karatai\/","title":{"rendered":"Deimantin\u0117 juostel\u0117 su laboratoriniais 18 Marquise deimantais 5.48 karatai"},"content":{"rendered":"<p>\u017diedas gali b\u016bti pagamintas pagal u\u017esakym\u0105: u\u017e papildom\u0105 mokest\u012f su auk\u0161tesn\u0117s kokyb\u0117s deimant\u0173 arba deimantais.<\/p>\n<p>\u2022 \u017diedo metalas: 14K (585 prabos), galime pagaminti i\u0161 10K (375 prabos),\u00a0 18K (750 prabos), 950 platina,<\/p>\n<p>\u2022 \u017diedo spalva: baltas, geltonas, raudonas<\/p>\n<p>\u2022 \u017diedo svoris (prilauso nuo dyd\u017eio): apie 5,00 &#8212; 7,00 g<\/p>\n<p>\u2022 \u017diedo matmenis: apie 7.00 mm<\/p>\n<p>\u2022 \u017diedo komforto zona: yra<\/p>\n<p>\u2022 Deimanto tipas: Laboratorinis deimantas<\/p>\n<p>\u2022 Deimanto forma: markiz\u0117s formos (<strong data-start=\"48\" data-end=\"71\">Marquise cut<\/strong>)<\/p>\n<p>\u2022 Deimanto charakteristika: bendras svoris 6.57 ct (spalva D, E, F \u0161varumas IF, VVS1-VVS2) (galima keisti).<\/p>\n<p>\u2022 Sertifikatas: Lietuvos Prabavimo R\u016bmai (LPR) + IGI sertifikatai<\/p>\n<p>\u2022 Graviravimas nemokamai<\/p>\n<p>\u2022 Vienkartin\u0117 nemokama \u017eiedo dyd\u017eio keitimo garantija (pagal galimyb\u0117s)<\/p>\n<p>\u2022 Gamybos ir pristatymo terminas nuo 21 darbo dien\u0173, skubos tvark\u0105 per 14 d.d.<\/p>\n<p><strong>Turite savo brangakmen\u012f? Susisiekite, perskai\u010diuosime kain\u0105 &#8212; mok\u0117site tik u\u017e \u017eied\u0173 gamyb\u0105.<\/strong><\/p>\n","protected":false},"excerpt":{"rendered":"<p>I\u0161skirtin\u0117 deimantin\u0117 juostel\u0117 su 18 markiz\u0117s formos laboratoriniais deimantais (18 Marquise) &#8212; \u017eiedas su 5.48 karato deimantais. Auk\u0161\u010diausia \u017eiedo kokyb\u0117 i\u0161 Lietuvos. Maksimalus patogumas kasdieniam ne\u0161iojimui. Tai i\u0161skirtinis pasirinkimas tiems, kurie vertina auk\u0161t\u0105 kokyb\u0119. Pagaminta Lietuvoje &#8212; pagal auk\u0161\u010diausius standartus.<\/p>\n","protected":false},"featured_media":1036775,"template":"","meta":{"site-sidebar-layout":"default","site-content-layout":"","ast-site-content-layout":"default","site-content-style":"default","site-sidebar-style":"default","ast-global-header-display":"","ast-banner-title-visibility":"","ast-main-header-display":"","ast-hfb-above-header-display":"","ast-hfb-below-header-display":"","ast-hfb-mobile-header-display":"","site-post-title":"","ast-breadcrumbs-content":"","ast-featured-img":"","footer-sml-layout":"","ast-disable-related-posts":"","theme-transparent-header-meta":"default","adv-header-id-meta":"","stick-header-meta":"","header-above-stick-meta":"","header-main-stick-meta":"","header-below-stick-meta":"","astra-migrate-meta-layouts":"set","ast-page-background-enabled":"default","ast-page-background-meta":{"desktop":{"background-color":"var(--ast-global-color-4)","background-image":"","background-repeat":"repeat","background-position":"center center","background-size":"auto","background-attachment":"scroll","background-type":"","background-media":"","overlay-type":"","overlay-color":"","overlay-opacity":"","overlay-gradient":""},"tablet":{"background-color":"","background-image":"","background-repeat":"repeat","background-position":"center center","background-size":"auto","background-attachment":"scroll","background-type":"","background-media":"","overlay-type":"","overlay-color":"","overlay-opacity":"","overlay-gradient":""},"mobile":{"background-color":"","background-image":"","background-repeat":"repeat","background-position":"center center","background-size":"auto","background-attachment":"scroll","background-type":"","background-media":"","overlay-type":"","overlay-color":"","overlay-opacity":"","overlay-gradient":""}},"ast-content-background-meta":{"desktop":{"background-color":"var(--ast-global-color-5)","background-image":"","background-repeat":"repeat","background-position":"center center","background-size":"auto","background-attachment":"scroll","background-type":"","background-media":"","overlay-type":"","overlay-color":"","overlay-opacity":"","overlay-gradient":""},"tablet":{"background-color":"var(--ast-global-color-5)","background-image":"","background-repeat":"repeat","background-position":"center center","background-size":"auto","background-attachment":"scroll","background-type":"","background-media":"","overlay-type":"","overlay-color":"","overlay-opacity":"","overlay-gradient":""},"mobile":{"background-color":"var(--ast-global-color-5)","background-image":"","background-repeat":"repeat","background-position":"center center","background-size":"auto","background-attachment":"scroll","background-type":"","background-media":"","overlay-type":"","overlay-color":"","overlay-opacity":"","overlay-gradient":""}}},"product_brand":[],"product_cat":[2346,2347,2372,2394,2370,2348,280,2288,283,284,285,2289,2290,2351,2361,2367,2379,2299,72,2334,292,2333,2418,2355,2356,2302,2359,2399,2368,2335],"product_tag":[],"class_list":{"0":"post-1036824","1":"product","2":"type-product","3":"status-publish","4":"has-post-thumbnail","6":"product_cat-balto-aukso-deimantines-juosteles","7":"product_cat-balto-aukso-vestuviniai-ziedai","8":"product_cat-visas-ratu","9":"product_cat-deimantines-juosteles-su-deimantais","10":"product_cat-deimantines-juosteles-su-lab-grown-diamond-uzauginti-deimantai","11":"product_cat-deimantines-juosteles","12":"product_cat-dovanos-gimtadienio-proga","13":"product_cat-dovanos-isleistuviu-proga","14":"product_cat-dovanos-moterims","15":"product_cat-dovanos-vaiko-gimimo-proga","16":"product_cat-dovanos-vestuviu-metiniu-proga","17":"product_cat-dovanos-vestuviu-proga","18":"product_cat-dovanos-ypatingoms-progoms","19":"product_cat-geltono-aukso-deimantines-juosteles","20":"product_cat-isskirtiniai-suzadetuviu-ziedai","21":"product_cat-isskirtiniai-vestuviniai-ziedai-dizaineriu-kurti","22":"product_cat-juvelyras","23":"product_cat-juvelyrika","24":"product_cat-juvelyrika-moterims","25":"product_cat-juvelyrika-su-laboratoriniais-deimantais","26":"product_cat-kaledines-dovanos","27":"product_cat-modernus-suzadetuviu-ziedai","28":"product_cat-modernus-vestuviniai-ziedai","29":"product_cat-moteriski-vestuviniai-ziedai","30":"product_cat-raudono-aukso-deimantines-juosteles","31":"product_cat-valentino-dienos-dovanos","32":"product_cat-vestuviniai-ziedai","33":"product_cat-vestuviniai-ziedai-su-deimantais","34":"product_cat-vestuviniai-ziedai-su-lab-grown-diamond-uzauginti-deimantai","35":"product_cat-ziedai-su-deimantais","36":"desktop-align-center","37":"tablet-align-left","38":"mobile-align-left","39":"ast-product-gallery-layout-horizontal-slider","40":"ast-product-single-variable","41":"ast-product-tabs-layout-accordion","42":"ast-qv-on-image","44":"first","45":"instock","46":"taxable","47":"shipping-taxable","48":"purchasable","49":"product-type-variable","50":"has-default-attributes"},"yoast_head":"<!-- This site is optimized with the Yoast SEO plugin v26.6 - https:\/\/yoast.com\/wordpress\/plugins\/seo\/ -->\n<title>Deimantin\u0117 juostel\u0117 su laboratoriniais 18 Marquise deimantais<\/title>\n<meta name=\"description\" content=\"Deimantin\u0117 juostel\u0117 su laboratoriniais markiz\u0117s formos deimantais (18 Marquise). I\u0161skirtinis pasirinkimas tiems, kurie vertina auk\u0161t\u0105 kokyb\u0119.\" \/>\n<meta name=\"robots\" content=\"index, follow, max-snippet:-1, max-image-preview:large, max-video-preview:-1\" \/>\n<link rel=\"canonical\" href=\"https:\/\/fashiongold.lt\/ru\/papuosalas\/deimantine-juostele-su-laboratoriniais-18-marquise-deimantais-5-48-karatai\/\" \/>\n<meta property=\"og:locale\" content=\"ru_RU\" \/>\n<meta property=\"og:type\" content=\"article\" \/>\n<meta property=\"og:title\" content=\"Deimantin\u0117 juostel\u0117 su laboratoriniais 18 Marquise deimantais\" \/>\n<meta property=\"og:description\" content=\"Deimantin\u0117 juostel\u0117 su laboratoriniais markiz\u0117s formos deimantais (18 Marquise). I\u0161skirtinis pasirinkimas tiems, kurie vertina auk\u0161t\u0105 kokyb\u0119.\" \/>\n<meta property=\"og:url\" content=\"https:\/\/fashiongold.lt\/ru\/papuosalas\/deimantine-juostele-su-laboratoriniais-18-marquise-deimantais-5-48-karatai\/\" \/>\n<meta property=\"og:site_name\" content=\"FashionGold.lt\" \/>\n<meta property=\"article:modified_time\" content=\"2026-03-28T11:47:11+00:00\" \/>\n<meta property=\"og:image\" content=\"https:\/\/fashiongold.lt\/wp-content\/uploads\/2026\/03\/Isskirtine-deimantine-juostele-su-18-Marquise-5.48-karatai.webp\" \/>\n\t<meta property=\"og:image:width\" content=\"850\" \/>\n\t<meta property=\"og:image:height\" content=\"644\" \/>\n\t<meta property=\"og:image:type\" content=\"image\/png\" \/>\n<meta name=\"twitter:card\" content=\"summary_large_image\" \/>\n<meta name=\"twitter:label1\" content=\"\u041f\u0440\u0438\u043c\u0435\u0440\u043d\u043e\u0435 \u0432\u0440\u0435\u043c\u044f \u0434\u043b\u044f \u0447\u0442\u0435\u043d\u0438\u044f\" \/>\n\t<meta name=\"twitter:data1\" content=\"1 \u043c\u0438\u043d\u0443\u0442\u0430\" \/>\n<script type=\"application\/ld+json\" class=\"yoast-schema-graph\">{\"@context\":\"https:\/\/schema.org\",\"@graph\":[{\"@type\":\"WebPage\",\"@id\":\"https:\/\/fashiongold.lt\/ru\/papuosalas\/deimantine-juostele-su-laboratoriniais-18-marquise-deimantais-5-48-karatai\/\",\"url\":\"https:\/\/fashiongold.lt\/ru\/papuosalas\/deimantine-juostele-su-laboratoriniais-18-marquise-deimantais-5-48-karatai\/\",\"name\":\"Deimantin\u0117 juostel\u0117 su laboratoriniais 18 Marquise deimantais\",\"isPartOf\":{\"@id\":\"https:\/\/fashiongold.lt\/ru\/#website\"},\"primaryImageOfPage\":{\"@id\":\"https:\/\/fashiongold.lt\/ru\/papuosalas\/deimantine-juostele-su-laboratoriniais-18-marquise-deimantais-5-48-karatai\/#primaryimage\"},\"image\":{\"@id\":\"https:\/\/fashiongold.lt\/ru\/papuosalas\/deimantine-juostele-su-laboratoriniais-18-marquise-deimantais-5-48-karatai\/#primaryimage\"},\"thumbnailUrl\":\"https:\/\/fashiongold.lt\/wp-content\/uploads\/2026\/03\/Isskirtine-deimantine-juostele-su-18-Marquise-5.48-karatai.png\",\"datePublished\":\"2026-03-28T11:30:06+00:00\",\"dateModified\":\"2026-03-28T11:47:11+00:00\",\"description\":\"Deimantin\u0117 juostel\u0117 su laboratoriniais markiz\u0117s formos deimantais (18 Marquise). I\u0161skirtinis pasirinkimas tiems, kurie vertina auk\u0161t\u0105 kokyb\u0119.\",\"breadcrumb\":{\"@id\":\"https:\/\/fashiongold.lt\/ru\/papuosalas\/deimantine-juostele-su-laboratoriniais-18-marquise-deimantais-5-48-karatai\/#breadcrumb\"},\"inLanguage\":\"ru-RU\",\"potentialAction\":[{\"@type\":\"ReadAction\",\"target\":[\"https:\/\/fashiongold.lt\/ru\/papuosalas\/deimantine-juostele-su-laboratoriniais-18-marquise-deimantais-5-48-karatai\/\"]}]},{\"@type\":\"ImageObject\",\"inLanguage\":\"ru-RU\",\"@id\":\"https:\/\/fashiongold.lt\/ru\/papuosalas\/deimantine-juostele-su-laboratoriniais-18-marquise-deimantais-5-48-karatai\/#primaryimage\",\"url\":\"https:\/\/fashiongold.lt\/wp-content\/uploads\/2026\/03\/Isskirtine-deimantine-juostele-su-18-Marquise-5.48-karatai.png\",\"contentUrl\":\"https:\/\/fashiongold.lt\/wp-content\/uploads\/2026\/03\/Isskirtine-deimantine-juostele-su-18-Marquise-5.48-karatai.png\",\"width\":850,\"height\":644,\"caption\":\"Deimantin\u0117 juostel\u0117 su 18 Marquise 5.48 karatai\"},{\"@type\":\"BreadcrumbList\",\"@id\":\"https:\/\/fashiongold.lt\/ru\/papuosalas\/deimantine-juostele-su-laboratoriniais-18-marquise-deimantais-5-48-karatai\/#breadcrumb\",\"itemListElement\":[{\"@type\":\"ListItem\",\"position\":1,\"name\":\"Home\",\"item\":\"https:\/\/fashiongold.lt\/ru\/\"},{\"@type\":\"ListItem\",\"position\":2,\"name\":\"\u041c\u0430\u0433\u0430\u0437\u0438\u043d \u0431\u0440\u0438\u043b\u043b\u0438\u0430\u043d\u0442\u043e\u0432 Fashiongold.lt\",\"item\":\"https:\/\/fashiongold.lt\/shop-2\/\"},{\"@type\":\"ListItem\",\"position\":3,\"name\":\"Deimantin\u0117 juostel\u0117 su laboratoriniais 18 Marquise deimantais 5.48 karatai\"}]},{\"@type\":\"WebSite\",\"@id\":\"https:\/\/fashiongold.lt\/ru\/#website\",\"url\":\"https:\/\/fashiongold.lt\/ru\/\",\"name\":\"Fashion Gold\",\"description\":\"Juvelyrikos namai\",\"publisher\":{\"@id\":\"https:\/\/fashiongold.lt\/ru\/#organization\"},\"potentialAction\":[{\"@type\":\"SearchAction\",\"target\":{\"@type\":\"EntryPoint\",\"urlTemplate\":\"https:\/\/fashiongold.lt\/ru\/?s={search_term_string}\"},\"query-input\":{\"@type\":\"PropertyValueSpecification\",\"valueRequired\":true,\"valueName\":\"search_term_string\"}}],\"inLanguage\":\"ru-RU\"},{\"@type\":\"Organization\",\"@id\":\"https:\/\/fashiongold.lt\/ru\/#organization\",\"name\":\"Topdiamonds Online\",\"url\":\"https:\/\/fashiongold.lt\/ru\/\",\"logo\":{\"@type\":\"ImageObject\",\"inLanguage\":\"ru-RU\",\"@id\":\"https:\/\/fashiongold.lt\/ru\/#\/schema\/logo\/image\/\",\"url\":\"https:\/\/fashiongold.lt\/wp-content\/uploads\/2025\/04\/cropped-fashion_gold_logotipas2-scaled-1.png\",\"contentUrl\":\"https:\/\/fashiongold.lt\/wp-content\/uploads\/2025\/04\/cropped-fashion_gold_logotipas2-scaled-1.png\",\"width\":2559,\"height\":421,\"caption\":\"Topdiamonds Online\"},\"image\":{\"@id\":\"https:\/\/fashiongold.lt\/ru\/#\/schema\/logo\/image\/\"}}]}<\/script>\n<!-- \/ Yoast SEO plugin. -->","yoast_head_json":{"title":"Deimantin\u0117 juostel\u0117 su laboratoriniais 18 Marquise deimantais","description":"Deimantin\u0117 juostel\u0117 su laboratoriniais markiz\u0117s formos deimantais (18 Marquise). I\u0161skirtinis pasirinkimas tiems, kurie vertina auk\u0161t\u0105 kokyb\u0119.","robots":{"index":"index","follow":"follow","max-snippet":"max-snippet:-1","max-image-preview":"max-image-preview:large","max-video-preview":"max-video-preview:-1"},"canonical":"https:\/\/fashiongold.lt\/ru\/papuosalas\/deimantine-juostele-su-laboratoriniais-18-marquise-deimantais-5-48-karatai\/","og_locale":"ru_RU","og_type":"article","og_title":"Deimantin\u0117 juostel\u0117 su laboratoriniais 18 Marquise deimantais","og_description":"Deimantin\u0117 juostel\u0117 su laboratoriniais markiz\u0117s formos deimantais (18 Marquise). I\u0161skirtinis pasirinkimas tiems, kurie vertina auk\u0161t\u0105 kokyb\u0119.","og_url":"https:\/\/fashiongold.lt\/ru\/papuosalas\/deimantine-juostele-su-laboratoriniais-18-marquise-deimantais-5-48-karatai\/","og_site_name":"FashionGold.lt","article_modified_time":"2026-03-28T11:47:11+00:00","og_image":[{"width":850,"height":644,"url":"https:\/\/fashiongold.lt\/wp-content\/uploads\/2026\/03\/Isskirtine-deimantine-juostele-su-18-Marquise-5.48-karatai.webp","type":"image\/png"}],"twitter_card":"summary_large_image","twitter_misc":{"\u041f\u0440\u0438\u043c\u0435\u0440\u043d\u043e\u0435 \u0432\u0440\u0435\u043c\u044f \u0434\u043b\u044f \u0447\u0442\u0435\u043d\u0438\u044f":"1 \u043c\u0438\u043d\u0443\u0442\u0430"},"schema":{"@context":"https:\/\/schema.org","@graph":[{"@type":"WebPage","@id":"https:\/\/fashiongold.lt\/ru\/papuosalas\/deimantine-juostele-su-laboratoriniais-18-marquise-deimantais-5-48-karatai\/","url":"https:\/\/fashiongold.lt\/ru\/papuosalas\/deimantine-juostele-su-laboratoriniais-18-marquise-deimantais-5-48-karatai\/","name":"Deimantin\u0117 juostel\u0117 su laboratoriniais 18 Marquise deimantais","isPartOf":{"@id":"https:\/\/fashiongold.lt\/ru\/#website"},"primaryImageOfPage":{"@id":"https:\/\/fashiongold.lt\/ru\/papuosalas\/deimantine-juostele-su-laboratoriniais-18-marquise-deimantais-5-48-karatai\/#primaryimage"},"image":{"@id":"https:\/\/fashiongold.lt\/ru\/papuosalas\/deimantine-juostele-su-laboratoriniais-18-marquise-deimantais-5-48-karatai\/#primaryimage"},"thumbnailUrl":"https:\/\/fashiongold.lt\/wp-content\/uploads\/2026\/03\/Isskirtine-deimantine-juostele-su-18-Marquise-5.48-karatai.png","datePublished":"2026-03-28T11:30:06+00:00","dateModified":"2026-03-28T11:47:11+00:00","description":"Deimantin\u0117 juostel\u0117 su laboratoriniais markiz\u0117s formos deimantais (18 Marquise). I\u0161skirtinis pasirinkimas tiems, kurie vertina auk\u0161t\u0105 kokyb\u0119.","breadcrumb":{"@id":"https:\/\/fashiongold.lt\/ru\/papuosalas\/deimantine-juostele-su-laboratoriniais-18-marquise-deimantais-5-48-karatai\/#breadcrumb"},"inLanguage":"ru-RU","potentialAction":[{"@type":"ReadAction","target":["https:\/\/fashiongold.lt\/ru\/papuosalas\/deimantine-juostele-su-laboratoriniais-18-marquise-deimantais-5-48-karatai\/"]}]},{"@type":"ImageObject","inLanguage":"ru-RU","@id":"https:\/\/fashiongold.lt\/ru\/papuosalas\/deimantine-juostele-su-laboratoriniais-18-marquise-deimantais-5-48-karatai\/#primaryimage","url":"https:\/\/fashiongold.lt\/wp-content\/uploads\/2026\/03\/Isskirtine-deimantine-juostele-su-18-Marquise-5.48-karatai.png","contentUrl":"https:\/\/fashiongold.lt\/wp-content\/uploads\/2026\/03\/Isskirtine-deimantine-juostele-su-18-Marquise-5.48-karatai.png","width":850,"height":644,"caption":"Deimantin\u0117 juostel\u0117 su 18 Marquise 5.48 karatai"},{"@type":"BreadcrumbList","@id":"https:\/\/fashiongold.lt\/ru\/papuosalas\/deimantine-juostele-su-laboratoriniais-18-marquise-deimantais-5-48-karatai\/#breadcrumb","itemListElement":[{"@type":"ListItem","position":1,"name":"Home","item":"https:\/\/fashiongold.lt\/ru\/"},{"@type":"ListItem","position":2,"name":"\u041c\u0430\u0433\u0430\u0437\u0438\u043d \u0431\u0440\u0438\u043b\u043b\u0438\u0430\u043d\u0442\u043e\u0432 Fashiongold.lt","item":"https:\/\/fashiongold.lt\/shop-2\/"},{"@type":"ListItem","position":3,"name":"Deimantin\u0117 juostel\u0117 su laboratoriniais 18 Marquise deimantais 5.48 karatai"}]},{"@type":"WebSite","@id":"https:\/\/fashiongold.lt\/ru\/#website","url":"https:\/\/fashiongold.lt\/ru\/","name":"Fashion Gold","description":"Juvelyrikos namai","publisher":{"@id":"https:\/\/fashiongold.lt\/ru\/#organization"},"potentialAction":[{"@type":"SearchAction","target":{"@type":"EntryPoint","urlTemplate":"https:\/\/fashiongold.lt\/ru\/?s={search_term_string}"},"query-input":{"@type":"PropertyValueSpecification","valueRequired":true,"valueName":"search_term_string"}}],"inLanguage":"ru-RU"},{"@type":"Organization","@id":"https:\/\/fashiongold.lt\/ru\/#organization","name":"Topdiamonds Online","url":"https:\/\/fashiongold.lt\/ru\/","logo":{"@type":"ImageObject","inLanguage":"ru-RU","@id":"https:\/\/fashiongold.lt\/ru\/#\/schema\/logo\/image\/","url":"https:\/\/fashiongold.lt\/wp-content\/uploads\/2025\/04\/cropped-fashion_gold_logotipas2-scaled-1.png","contentUrl":"https:\/\/fashiongold.lt\/wp-content\/uploads\/2025\/04\/cropped-fashion_gold_logotipas2-scaled-1.png","width":2559,"height":421,"caption":"Topdiamonds Online"},"image":{"@id":"https:\/\/fashiongold.lt\/ru\/#\/schema\/logo\/image\/"}}]}},"_links":{"self":[{"href":"https:\/\/fashiongold.lt\/ru\/wp-json\/wp\/v2\/product\/1036824","targetHints":{"allow":["GET"]}}],"collection":[{"href":"https:\/\/fashiongold.lt\/ru\/wp-json\/wp\/v2\/product"}],"about":[{"href":"https:\/\/fashiongold.lt\/ru\/wp-json\/wp\/v2\/types\/product"}],"version-history":[{"count":0,"href":"https:\/\/fashiongold.lt\/ru\/wp-json\/wp\/v2\/product\/1036824\/revisions"}],"wp:featuredmedia":[{"embeddable":true,"href":"https:\/\/fashiongold.lt\/ru\/wp-json\/wp\/v2\/media\/1036775"}],"wp:attachment":[{"href":"https:\/\/fashiongold.lt\/ru\/wp-json\/wp\/v2\/media?parent=1036824"}],"wp:term":[{"taxonomy":"product_brand","embeddable":true,"href":"https:\/\/fashiongold.lt\/ru\/wp-json\/wp\/v2\/product_brand?post=1036824"},{"taxonomy":"product_cat","embeddable":true,"href":"https:\/\/fashiongold.lt\/ru\/wp-json\/wp\/v2\/product_cat?post=1036824"},{"taxonomy":"product_tag","embeddable":true,"href":"https:\/\/fashiongold.lt\/ru\/wp-json\/wp\/v2\/product_tag?post=1036824"}],"curies":[{"name":"wp","href":"https:\/\/api.w.org\/{rel}","templated":true}]}}