{"id":1037503,"date":"2026-03-28T22:09:43","date_gmt":"2026-03-28T22:09:43","guid":{"rendered":"https:\/\/fashiongold.lt\/?post_type=product&#038;p=1037503"},"modified":"2026-03-28T22:29:38","modified_gmt":"2026-03-28T22:29:38","slug":"isskirtine-deimantine-juostele-su-laboratoriniais-6emerald-6heart-deimantais-8-42-karatai","status":"publish","type":"product","link":"https:\/\/fashiongold.lt\/ru\/papuosalas\/isskirtine-deimantine-juostele-su-laboratoriniais-6emerald-6heart-deimantais-8-42-karatai\/","title":{"rendered":"I\u0161skirtin\u0117 deimantin\u0117 juostel\u0117 su laboratoriniais 6Emerald &#038; 6Heart deimantais 8.42 karatai"},"content":{"rendered":"<p>\u017diedas gali b\u016bti pagamintas pagal u\u017esakym\u0105: u\u017e papildom\u0105 mokest\u012f su auk\u0161tesn\u0117s kokyb\u0117s deimant\u0173 arba deimantais.<\/p>\n<p>\u2022 <a href=\"https:\/\/fashiongold.lt\/viskas-apie-suzadetuviu-ziedus\/ziedo-metalai\/\">\u017diedo metalas:<\/a>\u00a0 14K (585 prabos), galime pagaminti i\u0161 10K (375 prabos),\u00a0 18K (750 prabos), 950 platina,<\/p>\n<p>\u2022 <a href=\"https:\/\/fashiongold.lt\/viskas-apie-suzadetuviu-ziedus\/ziedo-aukso-spalva\/\">\u017diedo spalva:<\/a> baltas, geltonas, raudonas<\/p>\n<p>\u2022 <a href=\"https:\/\/fashiongold.lt\/viskas-apie-suzadetuviu-ziedus\/ziedo-svoris\/\">\u017diedo svoris<\/a> (prilauso nuo dyd\u017eio): apie 7,00 &#8212; 9,00 g<\/p>\n<p>\u2022 <a href=\"https:\/\/fashiongold.lt\/patarimai\/suzadetuviu-ziedai-tobulas-lankelio-ir-karuneles-balansas-patarimai-renkantis-suzadetuviu-zieda-su-deimantais\/\">\u017diedo matmenis<\/a>: apie 6.2 mm<\/p>\n<p>\u2022 <a href=\"https:\/\/fashiongold.lt\/viskas-apie-suzadetuviu-ziedus\/ziedo-komforto-zona\/\">\u017diedo komforto zona:<\/a>\u00a0 yra<\/p>\n<p>\u2022 <a href=\"https:\/\/fashiongold.lt\/patarimai\/deimantu-tipai\/\">Deimanto tipas:<\/a> Laboratorinis deimantas<\/p>\n<p>\u2022 <a href=\"https:\/\/fashiongold.lt\/viskas-apie-suzadetuviu-ziedus\/deimantas_kitos_deimanto_formos\/\">Deimanto forma:<\/a> sta\u010diakamp\u0117 ir \u0161irdel\u0117s formos (<strong data-start=\"48\" data-end=\"71\">Emerald &amp; Heart cut<\/strong>)<\/p>\n<p>\u2022 <a href=\"https:\/\/fashiongold.lt\/patarimai\/4cs-deimanto-kokybe\/\">Deimanto charakteristika:<\/a> bendras svoris 8.42 ct (spalva D, E, F \u0161varumas VVS1-VVS2) (galima keisti).<\/p>\n<p>\u2022 <a href=\"https:\/\/fashiongold.lt\/patarimai\/sertifikatas-deimantas-safyras-rubinas-smaragdas\/\">Sertifikatas:<\/a> Lietuvos Prabavimo R\u016bmai (LPR) + IGI sertifikatai<\/p>\n<p>\u2022 <a href=\"https:\/\/fashiongold.lt\/viskas-apie-suzadetuviu-ziedus\/graviravimas\/\">Graviravimas<\/a> nemokamai<\/p>\n<p>\u2022 Vienkartin\u0117 <a href=\"https:\/\/fashiongold.lt\/viskas-apie-suzadetuviu-ziedus\/ziedo-dydzio-keitimo-garantija\/\">nemokama \u017eiedo dyd\u017eio keitimo garantija<\/a> (pagal galimyb\u0117s)<\/p>\n<p>\u2022 <a href=\"https:\/\/fashiongold.lt\/pristatymas-ir-grazinimas\/\">Gamybos ir pristatymo terminas<\/a> nuo 21 darbo dien\u0173, skubos tvark\u0105 per 14 d.d.<\/p>\n<p><strong>Turite savo brangakmen\u012f? Susisiekite, perskai\u010diuosime kain\u0105 &#8212; mok\u0117site tik u\u017e \u017eied\u0173 gamyb\u0105.<\/strong><\/p>\n","protected":false},"excerpt":{"rendered":"<p>I\u0161skirtin\u0117 deimantin\u0117 juostel\u0117 su laboratoriniais 6Emerald &amp; 6Heart &#8212; \u017eiedas su 8.42 karato deimantais. Auk\u0161\u010diausia \u017eiedo kokyb\u0117 i\u0161 Lietuvos. Maksimalus patogumas kasdieniam ne\u0161iojimui. Tai i\u0161skirtinis pasirinkimas tiems, kurie vertina auk\u0161t\u0105 kokyb\u0119. Pagaminta Lietuvoje &#8212; pagal auk\u0161\u010diausius standartus.<\/p>\n","protected":false},"featured_media":1035826,"template":"","meta":{"site-sidebar-layout":"default","site-content-layout":"","ast-site-content-layout":"default","site-content-style":"default","site-sidebar-style":"default","ast-global-header-display":"","ast-banner-title-visibility":"","ast-main-header-display":"","ast-hfb-above-header-display":"","ast-hfb-below-header-display":"","ast-hfb-mobile-header-display":"","site-post-title":"","ast-breadcrumbs-content":"","ast-featured-img":"","footer-sml-layout":"","ast-disable-related-posts":"","theme-transparent-header-meta":"default","adv-header-id-meta":"","stick-header-meta":"","header-above-stick-meta":"","header-main-stick-meta":"","header-below-stick-meta":"","astra-migrate-meta-layouts":"set","ast-page-background-enabled":"default","ast-page-background-meta":{"desktop":{"background-color":"var(--ast-global-color-4)","background-image":"","background-repeat":"repeat","background-position":"center center","background-size":"auto","background-attachment":"scroll","background-type":"","background-media":"","overlay-type":"","overlay-color":"","overlay-opacity":"","overlay-gradient":""},"tablet":{"background-color":"","background-image":"","background-repeat":"repeat","background-position":"center center","background-size":"auto","background-attachment":"scroll","background-type":"","background-media":"","overlay-type":"","overlay-color":"","overlay-opacity":"","overlay-gradient":""},"mobile":{"background-color":"","background-image":"","background-repeat":"repeat","background-position":"center center","background-size":"auto","background-attachment":"scroll","background-type":"","background-media":"","overlay-type":"","overlay-color":"","overlay-opacity":"","overlay-gradient":""}},"ast-content-background-meta":{"desktop":{"background-color":"var(--ast-global-color-5)","background-image":"","background-repeat":"repeat","background-position":"center center","background-size":"auto","background-attachment":"scroll","background-type":"","background-media":"","overlay-type":"","overlay-color":"","overlay-opacity":"","overlay-gradient":""},"tablet":{"background-color":"var(--ast-global-color-5)","background-image":"","background-repeat":"repeat","background-position":"center center","background-size":"auto","background-attachment":"scroll","background-type":"","background-media":"","overlay-type":"","overlay-color":"","overlay-opacity":"","overlay-gradient":""},"mobile":{"background-color":"var(--ast-global-color-5)","background-image":"","background-repeat":"repeat","background-position":"center center","background-size":"auto","background-attachment":"scroll","background-type":"","background-media":"","overlay-type":"","overlay-color":"","overlay-opacity":"","overlay-gradient":""}}},"product_brand":[],"product_cat":[2862,2858,3233,3301,2867,3800,3750,2863,2852,2859,2853,2854,2855,3169,2860,2866,2861,3234,3840,2869,3044,2871,3284,2857,3236,3306,3373,2881,2973,3235,3945,2876,3303,3305,3744,3795,3237],"product_tag":[],"class_list":{"0":"post-1037503","1":"product","2":"type-product","3":"status-publish","4":"has-post-thumbnail","6":"product_cat-diamentowe-obraczki-z-bialego-zlota","7":"product_cat-bizuteria-z-bialego-zlota","8":"product_cat-pierscionki-zareczynowe-z-bialego-zlota","9":"product_cat-obraczki-slubne-z-bialego-zlota","10":"product_cat-diamentowy-pasek-wokol-calego-pierscionka","11":"product_cat-diamentowa-tasiemka-z-diamentami","12":"product_cat-diamentowa-obraczka-z-diamentami-laboratoryjnymi","13":"product_cat-diamentowe-paski","14":"product_cat-prezenty-z-okazji-urodzin","15":"product_cat-prezenty-z-okazji-ukonczenia-szkoly","16":"product_cat-prezenty-dla-kobiet","17":"product_cat-prezenty-z-okazji-narodzin-dziecka","18":"product_cat-prezenty-z-okazji-rocznicy-slubu","19":"product_cat-prezenty-z-okazji-slubu","20":"product_cat-prezenty-na-wyjatkowe-okazje","21":"product_cat-diamentowe-obraczki-z-zoltego-zlota","22":"product_cat-bizuteria-z-zoltego-zlota","23":"product_cat-pierscionki-zareczynowe-z-zoltego-zlota","24":"product_cat-obraczki-slubne-z-zoltego-zlota","25":"product_cat-jubiler","26":"product_cat-bizuteria","27":"product_cat-bizuteria-dla-kobiet","28":"product_cat-bizuteria-z-diamentami-laboratoryjnymi","29":"product_cat-prezenty-swiateczne","30":"product_cat-nowoczesne-pierscionki-zareczynowe","31":"product_cat-nowoczesne-obraczki-slubne","32":"product_cat-damskie-obraczki-slubne","33":"product_cat-diamentowe-paski-z-czerwonego-zlota","34":"product_cat-bizuteria-z-czerwonego-zlota","35":"product_cat-pierscionki-zareczynowe-z-czerwonego-zlota","36":"product_cat-obraczki-slubne-z-czerwonego-zlota","37":"product_cat-prezenty-na-walentynki","38":"product_cat-obraczki-slubne","39":"product_cat-obraczki-slubne-z-diamentami","40":"product_cat-obraczki-slubne-z-diamentami-laboratoryjnymi-diamenty-hodowlane","41":"product_cat-produkcja-obraczek-slubnych","42":"product_cat-pierscionki-z-diamentami","43":"desktop-align-center","44":"tablet-align-left","45":"mobile-align-left","46":"ast-product-gallery-layout-horizontal-slider","47":"ast-product-single-variable","48":"ast-product-tabs-layout-accordion","49":"ast-qv-on-image","51":"first","52":"instock","53":"taxable","54":"shipping-taxable","55":"purchasable","56":"product-type-variable","57":"has-default-attributes"},"yoast_head":"<!-- This site is optimized with the Yoast SEO plugin v26.6 - https:\/\/yoast.com\/wordpress\/plugins\/seo\/ -->\n<title>\u017diedas su deimantais - Deimantin\u0117 juostel\u0117 Emerald&amp;Heart<\/title>\n<meta name=\"description\" content=\"I\u0161skirtin\u0117 deimantin\u0117 juostel\u0117 su Emerald&amp;Heart formos deimantais. I\u0161skirtinis pasirinkimas tiems, kurie vertina auk\u0161t\u0105 kokyb\u0119.\" \/>\n<meta name=\"robots\" content=\"index, follow, max-snippet:-1, max-image-preview:large, max-video-preview:-1\" \/>\n<link rel=\"canonical\" href=\"https:\/\/fashiongold.lt\/ru\/papuosalas\/isskirtine-deimantine-juostele-su-laboratoriniais-6emerald-6heart-deimantais-8-42-karatai\/\" \/>\n<meta property=\"og:locale\" content=\"ru_RU\" \/>\n<meta property=\"og:type\" content=\"article\" \/>\n<meta property=\"og:title\" content=\"\u017diedas su deimantais - Deimantin\u0117 juostel\u0117 Emerald&amp;Heart\" \/>\n<meta property=\"og:description\" content=\"I\u0161skirtin\u0117 deimantin\u0117 juostel\u0117 su Emerald&amp;Heart formos deimantais. I\u0161skirtinis pasirinkimas tiems, kurie vertina auk\u0161t\u0105 kokyb\u0119.\" \/>\n<meta property=\"og:url\" content=\"https:\/\/fashiongold.lt\/ru\/papuosalas\/isskirtine-deimantine-juostele-su-laboratoriniais-6emerald-6heart-deimantais-8-42-karatai\/\" \/>\n<meta property=\"og:site_name\" content=\"FashionGold.lt\" \/>\n<meta property=\"article:modified_time\" content=\"2026-03-28T22:29:38+00:00\" \/>\n<meta property=\"og:image\" content=\"https:\/\/fashiongold.lt\/wp-content\/uploads\/2026\/03\/Deimantine-juostele-6Emerald-6Heart.webp\" \/>\n\t<meta property=\"og:image:width\" content=\"844\" \/>\n\t<meta property=\"og:image:height\" content=\"638\" \/>\n\t<meta property=\"og:image:type\" content=\"image\/png\" \/>\n<meta name=\"twitter:card\" content=\"summary_large_image\" \/>\n<meta name=\"twitter:label1\" content=\"\u041f\u0440\u0438\u043c\u0435\u0440\u043d\u043e\u0435 \u0432\u0440\u0435\u043c\u044f \u0434\u043b\u044f \u0447\u0442\u0435\u043d\u0438\u044f\" \/>\n\t<meta name=\"twitter:data1\" content=\"1 \u043c\u0438\u043d\u0443\u0442\u0430\" \/>\n<script type=\"application\/ld+json\" class=\"yoast-schema-graph\">{\"@context\":\"https:\/\/schema.org\",\"@graph\":[{\"@type\":\"WebPage\",\"@id\":\"https:\/\/fashiongold.lt\/ru\/papuosalas\/isskirtine-deimantine-juostele-su-laboratoriniais-6emerald-6heart-deimantais-8-42-karatai\/\",\"url\":\"https:\/\/fashiongold.lt\/ru\/papuosalas\/isskirtine-deimantine-juostele-su-laboratoriniais-6emerald-6heart-deimantais-8-42-karatai\/\",\"name\":\"\u017diedas su deimantais - Deimantin\u0117 juostel\u0117 Emerald&Heart\",\"isPartOf\":{\"@id\":\"https:\/\/fashiongold.lt\/ru\/#website\"},\"primaryImageOfPage\":{\"@id\":\"https:\/\/fashiongold.lt\/ru\/papuosalas\/isskirtine-deimantine-juostele-su-laboratoriniais-6emerald-6heart-deimantais-8-42-karatai\/#primaryimage\"},\"image\":{\"@id\":\"https:\/\/fashiongold.lt\/ru\/papuosalas\/isskirtine-deimantine-juostele-su-laboratoriniais-6emerald-6heart-deimantais-8-42-karatai\/#primaryimage\"},\"thumbnailUrl\":\"https:\/\/fashiongold.lt\/wp-content\/uploads\/2026\/03\/Deimantine-juostele-6Emerald-6Heart.png\",\"datePublished\":\"2026-03-28T22:09:43+00:00\",\"dateModified\":\"2026-03-28T22:29:38+00:00\",\"description\":\"I\u0161skirtin\u0117 deimantin\u0117 juostel\u0117 su Emerald&Heart formos deimantais. I\u0161skirtinis pasirinkimas tiems, kurie vertina auk\u0161t\u0105 kokyb\u0119.\",\"breadcrumb\":{\"@id\":\"https:\/\/fashiongold.lt\/ru\/papuosalas\/isskirtine-deimantine-juostele-su-laboratoriniais-6emerald-6heart-deimantais-8-42-karatai\/#breadcrumb\"},\"inLanguage\":\"ru-RU\",\"potentialAction\":[{\"@type\":\"ReadAction\",\"target\":[\"https:\/\/fashiongold.lt\/ru\/papuosalas\/isskirtine-deimantine-juostele-su-laboratoriniais-6emerald-6heart-deimantais-8-42-karatai\/\"]}]},{\"@type\":\"ImageObject\",\"inLanguage\":\"ru-RU\",\"@id\":\"https:\/\/fashiongold.lt\/ru\/papuosalas\/isskirtine-deimantine-juostele-su-laboratoriniais-6emerald-6heart-deimantais-8-42-karatai\/#primaryimage\",\"url\":\"https:\/\/fashiongold.lt\/wp-content\/uploads\/2026\/03\/Deimantine-juostele-6Emerald-6Heart.png\",\"contentUrl\":\"https:\/\/fashiongold.lt\/wp-content\/uploads\/2026\/03\/Deimantine-juostele-6Emerald-6Heart.png\",\"width\":844,\"height\":638,\"caption\":\"I\u0161skirtin\u0117 deimantine\u0307 juostele\u0307 6Emerald & 6Heart\"},{\"@type\":\"BreadcrumbList\",\"@id\":\"https:\/\/fashiongold.lt\/ru\/papuosalas\/isskirtine-deimantine-juostele-su-laboratoriniais-6emerald-6heart-deimantais-8-42-karatai\/#breadcrumb\",\"itemListElement\":[{\"@type\":\"ListItem\",\"position\":1,\"name\":\"Home\",\"item\":\"https:\/\/fashiongold.lt\/ru\/\"},{\"@type\":\"ListItem\",\"position\":2,\"name\":\"\u041c\u0430\u0433\u0430\u0437\u0438\u043d \u0431\u0440\u0438\u043b\u043b\u0438\u0430\u043d\u0442\u043e\u0432 Fashiongold.lt\",\"item\":\"https:\/\/fashiongold.lt\/shop-2\/\"},{\"@type\":\"ListItem\",\"position\":3,\"name\":\"I\u0161skirtin\u0117 deimantin\u0117 juostel\u0117 su laboratoriniais 6Emerald &#038; 6Heart deimantais 8.42 karatai\"}]},{\"@type\":\"WebSite\",\"@id\":\"https:\/\/fashiongold.lt\/ru\/#website\",\"url\":\"https:\/\/fashiongold.lt\/ru\/\",\"name\":\"Fashion Gold\",\"description\":\"Juvelyrikos namai\",\"publisher\":{\"@id\":\"https:\/\/fashiongold.lt\/ru\/#organization\"},\"potentialAction\":[{\"@type\":\"SearchAction\",\"target\":{\"@type\":\"EntryPoint\",\"urlTemplate\":\"https:\/\/fashiongold.lt\/ru\/?s={search_term_string}\"},\"query-input\":{\"@type\":\"PropertyValueSpecification\",\"valueRequired\":true,\"valueName\":\"search_term_string\"}}],\"inLanguage\":\"ru-RU\"},{\"@type\":\"Organization\",\"@id\":\"https:\/\/fashiongold.lt\/ru\/#organization\",\"name\":\"Topdiamonds Online\",\"url\":\"https:\/\/fashiongold.lt\/ru\/\",\"logo\":{\"@type\":\"ImageObject\",\"inLanguage\":\"ru-RU\",\"@id\":\"https:\/\/fashiongold.lt\/ru\/#\/schema\/logo\/image\/\",\"url\":\"https:\/\/fashiongold.lt\/wp-content\/uploads\/2025\/04\/cropped-fashion_gold_logotipas2-scaled-1.png\",\"contentUrl\":\"https:\/\/fashiongold.lt\/wp-content\/uploads\/2025\/04\/cropped-fashion_gold_logotipas2-scaled-1.png\",\"width\":2559,\"height\":421,\"caption\":\"Topdiamonds Online\"},\"image\":{\"@id\":\"https:\/\/fashiongold.lt\/ru\/#\/schema\/logo\/image\/\"}}]}<\/script>\n<!-- \/ Yoast SEO plugin. -->","yoast_head_json":{"title":"\u017diedas su deimantais - Deimantin\u0117 juostel\u0117 Emerald&Heart","description":"I\u0161skirtin\u0117 deimantin\u0117 juostel\u0117 su Emerald&Heart formos deimantais. I\u0161skirtinis pasirinkimas tiems, kurie vertina auk\u0161t\u0105 kokyb\u0119.","robots":{"index":"index","follow":"follow","max-snippet":"max-snippet:-1","max-image-preview":"max-image-preview:large","max-video-preview":"max-video-preview:-1"},"canonical":"https:\/\/fashiongold.lt\/ru\/papuosalas\/isskirtine-deimantine-juostele-su-laboratoriniais-6emerald-6heart-deimantais-8-42-karatai\/","og_locale":"ru_RU","og_type":"article","og_title":"\u017diedas su deimantais - Deimantin\u0117 juostel\u0117 Emerald&Heart","og_description":"I\u0161skirtin\u0117 deimantin\u0117 juostel\u0117 su Emerald&Heart formos deimantais. I\u0161skirtinis pasirinkimas tiems, kurie vertina auk\u0161t\u0105 kokyb\u0119.","og_url":"https:\/\/fashiongold.lt\/ru\/papuosalas\/isskirtine-deimantine-juostele-su-laboratoriniais-6emerald-6heart-deimantais-8-42-karatai\/","og_site_name":"FashionGold.lt","article_modified_time":"2026-03-28T22:29:38+00:00","og_image":[{"width":844,"height":638,"url":"https:\/\/fashiongold.lt\/wp-content\/uploads\/2026\/03\/Deimantine-juostele-6Emerald-6Heart.webp","type":"image\/png"}],"twitter_card":"summary_large_image","twitter_misc":{"\u041f\u0440\u0438\u043c\u0435\u0440\u043d\u043e\u0435 \u0432\u0440\u0435\u043c\u044f \u0434\u043b\u044f \u0447\u0442\u0435\u043d\u0438\u044f":"1 \u043c\u0438\u043d\u0443\u0442\u0430"},"schema":{"@context":"https:\/\/schema.org","@graph":[{"@type":"WebPage","@id":"https:\/\/fashiongold.lt\/ru\/papuosalas\/isskirtine-deimantine-juostele-su-laboratoriniais-6emerald-6heart-deimantais-8-42-karatai\/","url":"https:\/\/fashiongold.lt\/ru\/papuosalas\/isskirtine-deimantine-juostele-su-laboratoriniais-6emerald-6heart-deimantais-8-42-karatai\/","name":"\u017diedas su deimantais - Deimantin\u0117 juostel\u0117 Emerald&Heart","isPartOf":{"@id":"https:\/\/fashiongold.lt\/ru\/#website"},"primaryImageOfPage":{"@id":"https:\/\/fashiongold.lt\/ru\/papuosalas\/isskirtine-deimantine-juostele-su-laboratoriniais-6emerald-6heart-deimantais-8-42-karatai\/#primaryimage"},"image":{"@id":"https:\/\/fashiongold.lt\/ru\/papuosalas\/isskirtine-deimantine-juostele-su-laboratoriniais-6emerald-6heart-deimantais-8-42-karatai\/#primaryimage"},"thumbnailUrl":"https:\/\/fashiongold.lt\/wp-content\/uploads\/2026\/03\/Deimantine-juostele-6Emerald-6Heart.png","datePublished":"2026-03-28T22:09:43+00:00","dateModified":"2026-03-28T22:29:38+00:00","description":"I\u0161skirtin\u0117 deimantin\u0117 juostel\u0117 su Emerald&Heart formos deimantais. I\u0161skirtinis pasirinkimas tiems, kurie vertina auk\u0161t\u0105 kokyb\u0119.","breadcrumb":{"@id":"https:\/\/fashiongold.lt\/ru\/papuosalas\/isskirtine-deimantine-juostele-su-laboratoriniais-6emerald-6heart-deimantais-8-42-karatai\/#breadcrumb"},"inLanguage":"ru-RU","potentialAction":[{"@type":"ReadAction","target":["https:\/\/fashiongold.lt\/ru\/papuosalas\/isskirtine-deimantine-juostele-su-laboratoriniais-6emerald-6heart-deimantais-8-42-karatai\/"]}]},{"@type":"ImageObject","inLanguage":"ru-RU","@id":"https:\/\/fashiongold.lt\/ru\/papuosalas\/isskirtine-deimantine-juostele-su-laboratoriniais-6emerald-6heart-deimantais-8-42-karatai\/#primaryimage","url":"https:\/\/fashiongold.lt\/wp-content\/uploads\/2026\/03\/Deimantine-juostele-6Emerald-6Heart.png","contentUrl":"https:\/\/fashiongold.lt\/wp-content\/uploads\/2026\/03\/Deimantine-juostele-6Emerald-6Heart.png","width":844,"height":638,"caption":"I\u0161skirtin\u0117 deimantine\u0307 juostele\u0307 6Emerald & 6Heart"},{"@type":"BreadcrumbList","@id":"https:\/\/fashiongold.lt\/ru\/papuosalas\/isskirtine-deimantine-juostele-su-laboratoriniais-6emerald-6heart-deimantais-8-42-karatai\/#breadcrumb","itemListElement":[{"@type":"ListItem","position":1,"name":"Home","item":"https:\/\/fashiongold.lt\/ru\/"},{"@type":"ListItem","position":2,"name":"\u041c\u0430\u0433\u0430\u0437\u0438\u043d \u0431\u0440\u0438\u043b\u043b\u0438\u0430\u043d\u0442\u043e\u0432 Fashiongold.lt","item":"https:\/\/fashiongold.lt\/shop-2\/"},{"@type":"ListItem","position":3,"name":"I\u0161skirtin\u0117 deimantin\u0117 juostel\u0117 su laboratoriniais 6Emerald &#038; 6Heart deimantais 8.42 karatai"}]},{"@type":"WebSite","@id":"https:\/\/fashiongold.lt\/ru\/#website","url":"https:\/\/fashiongold.lt\/ru\/","name":"Fashion Gold","description":"Juvelyrikos namai","publisher":{"@id":"https:\/\/fashiongold.lt\/ru\/#organization"},"potentialAction":[{"@type":"SearchAction","target":{"@type":"EntryPoint","urlTemplate":"https:\/\/fashiongold.lt\/ru\/?s={search_term_string}"},"query-input":{"@type":"PropertyValueSpecification","valueRequired":true,"valueName":"search_term_string"}}],"inLanguage":"ru-RU"},{"@type":"Organization","@id":"https:\/\/fashiongold.lt\/ru\/#organization","name":"Topdiamonds Online","url":"https:\/\/fashiongold.lt\/ru\/","logo":{"@type":"ImageObject","inLanguage":"ru-RU","@id":"https:\/\/fashiongold.lt\/ru\/#\/schema\/logo\/image\/","url":"https:\/\/fashiongold.lt\/wp-content\/uploads\/2025\/04\/cropped-fashion_gold_logotipas2-scaled-1.png","contentUrl":"https:\/\/fashiongold.lt\/wp-content\/uploads\/2025\/04\/cropped-fashion_gold_logotipas2-scaled-1.png","width":2559,"height":421,"caption":"Topdiamonds Online"},"image":{"@id":"https:\/\/fashiongold.lt\/ru\/#\/schema\/logo\/image\/"}}]}},"_links":{"self":[{"href":"https:\/\/fashiongold.lt\/ru\/wp-json\/wp\/v2\/product\/1037503","targetHints":{"allow":["GET"]}}],"collection":[{"href":"https:\/\/fashiongold.lt\/ru\/wp-json\/wp\/v2\/product"}],"about":[{"href":"https:\/\/fashiongold.lt\/ru\/wp-json\/wp\/v2\/types\/product"}],"version-history":[{"count":0,"href":"https:\/\/fashiongold.lt\/ru\/wp-json\/wp\/v2\/product\/1037503\/revisions"}],"wp:featuredmedia":[{"embeddable":true,"href":"https:\/\/fashiongold.lt\/ru\/wp-json\/wp\/v2\/media\/1035826"}],"wp:attachment":[{"href":"https:\/\/fashiongold.lt\/ru\/wp-json\/wp\/v2\/media?parent=1037503"}],"wp:term":[{"taxonomy":"product_brand","embeddable":true,"href":"https:\/\/fashiongold.lt\/ru\/wp-json\/wp\/v2\/product_brand?post=1037503"},{"taxonomy":"product_cat","embeddable":true,"href":"https:\/\/fashiongold.lt\/ru\/wp-json\/wp\/v2\/product_cat?post=1037503"},{"taxonomy":"product_tag","embeddable":true,"href":"https:\/\/fashiongold.lt\/ru\/wp-json\/wp\/v2\/product_tag?post=1037503"}],"curies":[{"name":"wp","href":"https:\/\/api.w.org\/{rel}","templated":true}]}}