{"id":1038452,"date":"2026-03-29T13:31:16","date_gmt":"2026-03-29T13:31:16","guid":{"rendered":"https:\/\/fashiongold.lt\/?post_type=product&#038;p=1038452"},"modified":"2026-03-29T13:48:30","modified_gmt":"2026-03-29T13:48:30","slug":"deimantine-juostele-9-marquise-9-baguette-deimantai-4-50-karatai","status":"publish","type":"product","link":"https:\/\/fashiongold.lt\/ru\/papuosalas\/deimantine-juostele-9-marquise-9-baguette-deimantai-4-50-karatai\/","title":{"rendered":"Deimantin\u0117 juostel\u0117 9 Marquise &#038; 9 Baguette deimantai 4.50 karatai"},"content":{"rendered":"<p>\u017diedas gali b\u016bti pagamintas pagal u\u017esakym\u0105: u\u017e papildom\u0105 mokest\u012f su auk\u0161tesn\u0117s kokyb\u0117s deimant\u0173 arba deimantais.<\/p>\n<p>\u2022 <a href=\"https:\/\/fashiongold.lt\/viskas-apie-suzadetuviu-ziedus\/ziedo-metalai\/\">\u017diedo metalas:<\/a>\u00a0 14K (585 prabos), galime pagaminti i\u0161 10K (375 prabos),\u00a0 18K (750 prabos), 950 platina,<\/p>\n<p>\u2022 <a href=\"https:\/\/fashiongold.lt\/viskas-apie-suzadetuviu-ziedus\/ziedo-aukso-spalva\/\">\u017diedo spalva:<\/a> baltas, geltonas, raudonas<\/p>\n<p>\u2022 <a href=\"https:\/\/fashiongold.lt\/viskas-apie-suzadetuviu-ziedus\/ziedo-svoris\/\">\u017diedo svoris<\/a> (prilauso nuo dyd\u017eio): apie 5,00 &#8212; 7,00 g<\/p>\n<p>\u2022 <a href=\"https:\/\/fashiongold.lt\/patarimai\/deimantine-juostele-ir-jos-plotis-kaip-papildyti-savo-zieda-su-deimantine-juostele\/\">\u017diedo matmenis<\/a>: apie 6 mm<\/p>\n<p>\u2022 <a href=\"https:\/\/fashiongold.lt\/viskas-apie-suzadetuviu-ziedus\/ziedo-komforto-zona\/\">\u017diedo komforto zona:<\/a>\u00a0 yra<\/p>\n<p>\u2022 <a href=\"https:\/\/fashiongold.lt\/patarimai\/deimantu-tipai\/\">Deimanto tipas:<\/a> Nat\u016bralus deimantas<\/p>\n<p>\u2022 <a href=\"https:\/\/fashiongold.lt\/viskas-apie-suzadetuviu-ziedus\/deimantas_kitos_deimanto_formos\/\">Deimanto forma:<\/a> markiz\u0117s ir apvalios formos (<strong data-start=\"48\" data-end=\"71\">Marquise cut &amp; Baguette cut<\/strong>)<\/p>\n<p>\u2022 <a href=\"https:\/\/fashiongold.lt\/patarimai\/4cs-deimanto-kokybe\/\">Deimanto charakteristika:<\/a> bendras svoris 4.50 ct (spalva F, G \u0161varumas VVS1-VVS2) (galima keisti).<\/p>\n<p>\u2022 Svarbu: deimant\u0173 skai\u010dius ir svoris gali skirtis priklausomai nuo \u017eiedo dyd\u017eio.<\/p>\n<p>\u2022 <a href=\"https:\/\/fashiongold.lt\/patarimai\/sertifikatas-deimantas-safyras-rubinas-smaragdas\/\">Sertifikatas:<\/a> Lietuvos Prabavimo R\u016bmai (LPR) + GIA sertifikatai<\/p>\n<p>\u2022 <a href=\"https:\/\/fashiongold.lt\/viskas-apie-suzadetuviu-ziedus\/graviravimas\/\">Graviravimas<\/a> nemokamai<\/p>\n<p>\u2022 Vienkartin\u0117 <a href=\"https:\/\/fashiongold.lt\/viskas-apie-suzadetuviu-ziedus\/ziedo-dydzio-keitimo-garantija\/\">nemokama \u017eiedo dyd\u017eio keitimo garantija<\/a> (pagal galimyb\u0117s)<\/p>\n<p>\u2022 <a href=\"https:\/\/fashiongold.lt\/pristatymas-ir-grazinimas\/\">Gamybos ir pristatymo terminas<\/a> nuo 21 darbo dien\u0173, skubos tvark\u0105 per 14 d.d.<\/p>\n<p><strong>Turite savo brangakmen\u012f? Susisiekite, perskai\u010diuosime kain\u0105 &#8212; mok\u0117site tik u\u017e \u017eied\u0173 gamyb\u0105.<\/strong><\/p>\n","protected":false},"excerpt":{"rendered":"<p data-pm-slice=\"1 1 [&quot;contentOptimizer&quot;,{&quot;suggestionId&quot;:&quot;626ba7eb-0e1f-4c21-8dc2-ce02dde154fd-content&quot;,&quot;state&quot;:&quot;written&quot;},&quot;contentOptimizer&quot;,{&quot;suggestionId&quot;:&quot;626ba7eb-0e1f-4c21-8dc2-ce02dde154fd-content&quot;,&quot;state&quot;:&quot;written&quot;}]\">I\u0161skirtin\u0117 deimantin\u0117 juostel\u0117 su 9 markiz\u0117s ir 9 sta\u010diakampio formos deimantais \u2013 \u017eiedas su 4.50 karato deimantais.<\/p>\n<p data-pm-slice=\"1 1 [&quot;contentOptimizer&quot;,{&quot;suggestionId&quot;:&quot;626ba7eb-0e1f-4c21-8dc2-ce02dde154fd-content&quot;,&quot;state&quot;:&quot;written&quot;},&quot;contentOptimizer&quot;,{&quot;suggestionId&quot;:&quot;626ba7eb-0e1f-4c21-8dc2-ce02dde154fd-content&quot;,&quot;state&quot;:&quot;written&quot;}]\">Deimantin\u0117s juostel\u0117s da\u017eniausiai gaminamos i\u0161 aukso \u2013 galite rinktis balto aukso ar geltono aukso variantus, priklausomai nuo pageidaujamos spalvos ir stiliaus. \u017diedai su briliantais yra itin populiar\u016bs, ta\u010diau juostel\u0117 gali b\u016bti puo\u0161iama ir deimantais ar net safyrais, suteikiant i\u0161skirtinumo. Deimantin\u0117s juostel\u0117s pasi\u017eymi elegancija ir yra tinkamos \u012fvairioms progoms \u2013 nuo kasdienio ne\u0161iojimo iki ypating\u0173 \u0161ven\u010di\u0173. Rasite \u012fvairi\u0173 \u017eied\u0173 su deimantin\u0117mis juostel\u0117mis, kurios gali b\u016bti individualiai pritaikytos pagal j\u016bs\u0173 pageidavimus. Pavyzd\u017eiui, \u017eiedai su deimantais ar safyrais gali b\u016bti gaminami tiek su viena juostele, tiek su keliomis juostel\u0117mis. Auk\u0161\u010diausia \u017eiedo kokyb\u0117 i\u0161 Lietuvos. Maksimalus patogumas kasdieniam ne\u0161iojimui. Tai i\u0161skirtinis pasirinkimas tiems, kurie vertina auk\u0161t\u0105 kokyb\u0119. Pagaminta Lietuvoje \u2013 pagal auk\u0161\u010diausius standartus.<\/p>\n","protected":false},"featured_media":1038421,"template":"","meta":{"site-sidebar-layout":"default","site-content-layout":"","ast-site-content-layout":"default","site-content-style":"default","site-sidebar-style":"default","ast-global-header-display":"","ast-banner-title-visibility":"","ast-main-header-display":"","ast-hfb-above-header-display":"","ast-hfb-below-header-display":"","ast-hfb-mobile-header-display":"","site-post-title":"","ast-breadcrumbs-content":"","ast-featured-img":"","footer-sml-layout":"","ast-disable-related-posts":"","theme-transparent-header-meta":"default","adv-header-id-meta":"","stick-header-meta":"","header-above-stick-meta":"","header-main-stick-meta":"","header-below-stick-meta":"","astra-migrate-meta-layouts":"set","ast-page-background-enabled":"default","ast-page-background-meta":{"desktop":{"background-color":"var(--ast-global-color-4)","background-image":"","background-repeat":"repeat","background-position":"center center","background-size":"auto","background-attachment":"scroll","background-type":"","background-media":"","overlay-type":"","overlay-color":"","overlay-opacity":"","overlay-gradient":""},"tablet":{"background-color":"","background-image":"","background-repeat":"repeat","background-position":"center center","background-size":"auto","background-attachment":"scroll","background-type":"","background-media":"","overlay-type":"","overlay-color":"","overlay-opacity":"","overlay-gradient":""},"mobile":{"background-color":"","background-image":"","background-repeat":"repeat","background-position":"center center","background-size":"auto","background-attachment":"scroll","background-type":"","background-media":"","overlay-type":"","overlay-color":"","overlay-opacity":"","overlay-gradient":""}},"ast-content-background-meta":{"desktop":{"background-color":"var(--ast-global-color-5)","background-image":"","background-repeat":"repeat","background-position":"center center","background-size":"auto","background-attachment":"scroll","background-type":"","background-media":"","overlay-type":"","overlay-color":"","overlay-opacity":"","overlay-gradient":""},"tablet":{"background-color":"var(--ast-global-color-5)","background-image":"","background-repeat":"repeat","background-position":"center center","background-size":"auto","background-attachment":"scroll","background-type":"","background-media":"","overlay-type":"","overlay-color":"","overlay-opacity":"","overlay-gradient":""},"mobile":{"background-color":"var(--ast-global-color-5)","background-image":"","background-repeat":"repeat","background-position":"center center","background-size":"auto","background-attachment":"scroll","background-type":"","background-media":"","overlay-type":"","overlay-color":"","overlay-opacity":"","overlay-gradient":""}}},"product_brand":[],"product_cat":[2924,2919,3441,3522,3043,3799,2925,2913,2920,2914,2915,2916,3403,2921,2928,2923,3442,3839,2930,3042,2932,2929,2918,2922,3465,3527,3616,2941,2979,3443,3944,2936,3524,3526,3742,3794,3453],"product_tag":[],"class_list":{"0":"post-1038452","1":"product","2":"type-product","3":"status-publish","4":"has-post-thumbnail","6":"product_cat-balta-zelta-dimantu-stipinas","7":"product_cat-baltzelta-rotaslietas","8":"product_cat-balta-zelta-saderinasanas-gredzeni","9":"product_cat-balta-zelta-laulibu-gredzeni","10":"product_cat-dimantu-josla-apkart-visam-gredzenam","11":"product_cat-dimanta-lentite-ar-dimantiem","12":"product_cat-dimanta-lentinas","13":"product_cat-davanas-dzimsanas-diena","14":"product_cat-davanas-izlaidumam","15":"product_cat-davanas-sievietem","16":"product_cat-davanas-berna-piedzimsanai","17":"product_cat-davanas-kazu-gadadiena","18":"product_cat-davanas-kazam","19":"product_cat-davanas-ipasiem-gadijumiem","20":"product_cat-dzeltena-zelta-dimantu-joslinas","21":"product_cat-dzeltena-zelta-juvelierizstradajumi","22":"product_cat-dzeltena-zelta-saderinasanas-gredzeni","23":"product_cat-dzeltena-zelta-laulibu-gredzeni","24":"product_cat-juvelieris","25":"product_cat-juvelierizstradajumi","26":"product_cat-rotaslietas-sievietem","27":"product_cat-juvelierizstradajumu-razosana","28":"product_cat-ziemassvetku-davanas","29":"product_cat-mates-dienas-davanas","30":"product_cat-moderni-saderinasanas-gredzeni","31":"product_cat-moderni-kazu-gredzeni","32":"product_cat-sieviesu-laulibu-gredzeni","33":"product_cat-sarkana-zelta-dimantu-stipinas","34":"product_cat-sarkana-zelta-juvelierizstradajumi","35":"product_cat-sarkana-zelta-saderinasanas-gredzeni","36":"product_cat-sarkana-zelta-laulibu-gredzeni","37":"product_cat-valentindienas-davanas","38":"product_cat-kazu-gredzeni","39":"product_cat-laulibu-gredzeni-ar-dimantiem","40":"product_cat-laulibu-gredzeni-ar-lab-grown-diamond-audzetiem-dimantiem","41":"product_cat-kazu-gredzenu-izgatavosana","42":"product_cat-gredzeni-ar-dimantiem","43":"desktop-align-center","44":"tablet-align-left","45":"mobile-align-left","46":"ast-product-gallery-layout-horizontal-slider","47":"ast-product-single-variable","48":"ast-product-tabs-layout-accordion","49":"ast-qv-on-image","51":"first","52":"instock","53":"taxable","54":"shipping-taxable","55":"purchasable","56":"product-type-variable","57":"has-default-attributes"},"yoast_head":"<!-- This site is optimized with the Yoast SEO plugin v26.6 - https:\/\/yoast.com\/wordpress\/plugins\/seo\/ -->\n<title>Deimantin\u0117 juostel\u0117 su Marquise &amp; Baquette formos deimantais<\/title>\n<meta name=\"description\" content=\"Deimantin\u0117 juostel\u0117 su 18 markiz\u0117s ir sta\u010diakampio formos deimantais. Auk\u0161ta kokyb\u0117 ir modernus dizainas vertinantiems prabang\u0105.\" \/>\n<meta name=\"robots\" content=\"index, follow, max-snippet:-1, max-image-preview:large, max-video-preview:-1\" \/>\n<link rel=\"canonical\" href=\"https:\/\/fashiongold.lt\/ru\/papuosalas\/deimantine-juostele-9-marquise-9-baguette-deimantai-4-50-karatai\/\" \/>\n<meta property=\"og:locale\" content=\"ru_RU\" \/>\n<meta property=\"og:type\" content=\"article\" \/>\n<meta property=\"og:title\" content=\"Deimantin\u0117 juostel\u0117 su Marquise &amp; Baquette formos deimantais\" \/>\n<meta property=\"og:description\" content=\"Deimantin\u0117 juostel\u0117 su 18 markiz\u0117s ir sta\u010diakampio formos deimantais. Auk\u0161ta kokyb\u0117 ir modernus dizainas vertinantiems prabang\u0105.\" \/>\n<meta property=\"og:url\" content=\"https:\/\/fashiongold.lt\/ru\/papuosalas\/deimantine-juostele-9-marquise-9-baguette-deimantai-4-50-karatai\/\" \/>\n<meta property=\"og:site_name\" content=\"FashionGold.lt\" \/>\n<meta property=\"article:modified_time\" content=\"2026-03-29T13:48:30+00:00\" \/>\n<meta property=\"og:image\" content=\"https:\/\/fashiongold.lt\/wp-content\/uploads\/2026\/03\/Deimantine-juostele-su-laboratoriniais-9-Marquise-9-Baguette-deimantais-4.50-karatu-raudono-aukso-965x1024.png\" \/>\n\t<meta property=\"og:image:width\" content=\"965\" \/>\n\t<meta property=\"og:image:height\" content=\"1024\" \/>\n\t<meta property=\"og:image:type\" content=\"image\/png\" \/>\n<meta name=\"twitter:card\" content=\"summary_large_image\" \/>\n<meta name=\"twitter:label1\" content=\"\u041f\u0440\u0438\u043c\u0435\u0440\u043d\u043e\u0435 \u0432\u0440\u0435\u043c\u044f \u0434\u043b\u044f \u0447\u0442\u0435\u043d\u0438\u044f\" \/>\n\t<meta name=\"twitter:data1\" content=\"1 \u043c\u0438\u043d\u0443\u0442\u0430\" \/>\n<script type=\"application\/ld+json\" class=\"yoast-schema-graph\">{\"@context\":\"https:\/\/schema.org\",\"@graph\":[{\"@type\":\"WebPage\",\"@id\":\"https:\/\/fashiongold.lt\/ru\/papuosalas\/deimantine-juostele-9-marquise-9-baguette-deimantai-4-50-karatai\/\",\"url\":\"https:\/\/fashiongold.lt\/ru\/papuosalas\/deimantine-juostele-9-marquise-9-baguette-deimantai-4-50-karatai\/\",\"name\":\"Deimantin\u0117 juostel\u0117 su Marquise & Baquette formos deimantais\",\"isPartOf\":{\"@id\":\"https:\/\/fashiongold.lt\/ru\/#website\"},\"primaryImageOfPage\":{\"@id\":\"https:\/\/fashiongold.lt\/ru\/papuosalas\/deimantine-juostele-9-marquise-9-baguette-deimantai-4-50-karatai\/#primaryimage\"},\"image\":{\"@id\":\"https:\/\/fashiongold.lt\/ru\/papuosalas\/deimantine-juostele-9-marquise-9-baguette-deimantai-4-50-karatai\/#primaryimage\"},\"thumbnailUrl\":\"https:\/\/fashiongold.lt\/wp-content\/uploads\/2026\/03\/Deimantine-juostele-su-laboratoriniais-9-Marquise-9-Baguette-deimantais-4.50-karatu-raudono-aukso.png\",\"datePublished\":\"2026-03-29T13:31:16+00:00\",\"dateModified\":\"2026-03-29T13:48:30+00:00\",\"description\":\"Deimantin\u0117 juostel\u0117 su 18 markiz\u0117s ir sta\u010diakampio formos deimantais. Auk\u0161ta kokyb\u0117 ir modernus dizainas vertinantiems prabang\u0105.\",\"breadcrumb\":{\"@id\":\"https:\/\/fashiongold.lt\/ru\/papuosalas\/deimantine-juostele-9-marquise-9-baguette-deimantai-4-50-karatai\/#breadcrumb\"},\"inLanguage\":\"ru-RU\",\"potentialAction\":[{\"@type\":\"ReadAction\",\"target\":[\"https:\/\/fashiongold.lt\/ru\/papuosalas\/deimantine-juostele-9-marquise-9-baguette-deimantai-4-50-karatai\/\"]}]},{\"@type\":\"ImageObject\",\"inLanguage\":\"ru-RU\",\"@id\":\"https:\/\/fashiongold.lt\/ru\/papuosalas\/deimantine-juostele-9-marquise-9-baguette-deimantai-4-50-karatai\/#primaryimage\",\"url\":\"https:\/\/fashiongold.lt\/wp-content\/uploads\/2026\/03\/Deimantine-juostele-su-laboratoriniais-9-Marquise-9-Baguette-deimantais-4.50-karatu-raudono-aukso.png\",\"contentUrl\":\"https:\/\/fashiongold.lt\/wp-content\/uploads\/2026\/03\/Deimantine-juostele-su-laboratoriniais-9-Marquise-9-Baguette-deimantais-4.50-karatu-raudono-aukso.png\",\"width\":1884,\"height\":2000,\"caption\":\"Deimantin\u0117 juostel\u0117 su 9 Marquise & 9 Baguette deimantais 4.50 karat\u0173 raudono aukso\"},{\"@type\":\"BreadcrumbList\",\"@id\":\"https:\/\/fashiongold.lt\/ru\/papuosalas\/deimantine-juostele-9-marquise-9-baguette-deimantai-4-50-karatai\/#breadcrumb\",\"itemListElement\":[{\"@type\":\"ListItem\",\"position\":1,\"name\":\"Home\",\"item\":\"https:\/\/fashiongold.lt\/ru\/\"},{\"@type\":\"ListItem\",\"position\":2,\"name\":\"\u041c\u0430\u0433\u0430\u0437\u0438\u043d \u0431\u0440\u0438\u043b\u043b\u0438\u0430\u043d\u0442\u043e\u0432 Fashiongold.lt\",\"item\":\"https:\/\/fashiongold.lt\/shop-2\/\"},{\"@type\":\"ListItem\",\"position\":3,\"name\":\"Deimantin\u0117 juostel\u0117 9 Marquise &#038; 9 Baguette deimantai 4.50 karatai\"}]},{\"@type\":\"WebSite\",\"@id\":\"https:\/\/fashiongold.lt\/ru\/#website\",\"url\":\"https:\/\/fashiongold.lt\/ru\/\",\"name\":\"Fashion Gold\",\"description\":\"Juvelyrikos namai\",\"publisher\":{\"@id\":\"https:\/\/fashiongold.lt\/ru\/#organization\"},\"potentialAction\":[{\"@type\":\"SearchAction\",\"target\":{\"@type\":\"EntryPoint\",\"urlTemplate\":\"https:\/\/fashiongold.lt\/ru\/?s={search_term_string}\"},\"query-input\":{\"@type\":\"PropertyValueSpecification\",\"valueRequired\":true,\"valueName\":\"search_term_string\"}}],\"inLanguage\":\"ru-RU\"},{\"@type\":\"Organization\",\"@id\":\"https:\/\/fashiongold.lt\/ru\/#organization\",\"name\":\"Topdiamonds Online\",\"url\":\"https:\/\/fashiongold.lt\/ru\/\",\"logo\":{\"@type\":\"ImageObject\",\"inLanguage\":\"ru-RU\",\"@id\":\"https:\/\/fashiongold.lt\/ru\/#\/schema\/logo\/image\/\",\"url\":\"https:\/\/fashiongold.lt\/wp-content\/uploads\/2025\/04\/cropped-fashion_gold_logotipas2-scaled-1.png\",\"contentUrl\":\"https:\/\/fashiongold.lt\/wp-content\/uploads\/2025\/04\/cropped-fashion_gold_logotipas2-scaled-1.png\",\"width\":2559,\"height\":421,\"caption\":\"Topdiamonds Online\"},\"image\":{\"@id\":\"https:\/\/fashiongold.lt\/ru\/#\/schema\/logo\/image\/\"}}]}<\/script>\n<!-- \/ Yoast SEO plugin. -->","yoast_head_json":{"title":"Deimantin\u0117 juostel\u0117 su Marquise & Baquette formos deimantais","description":"Deimantin\u0117 juostel\u0117 su 18 markiz\u0117s ir sta\u010diakampio formos deimantais. Auk\u0161ta kokyb\u0117 ir modernus dizainas vertinantiems prabang\u0105.","robots":{"index":"index","follow":"follow","max-snippet":"max-snippet:-1","max-image-preview":"max-image-preview:large","max-video-preview":"max-video-preview:-1"},"canonical":"https:\/\/fashiongold.lt\/ru\/papuosalas\/deimantine-juostele-9-marquise-9-baguette-deimantai-4-50-karatai\/","og_locale":"ru_RU","og_type":"article","og_title":"Deimantin\u0117 juostel\u0117 su Marquise & Baquette formos deimantais","og_description":"Deimantin\u0117 juostel\u0117 su 18 markiz\u0117s ir sta\u010diakampio formos deimantais. Auk\u0161ta kokyb\u0117 ir modernus dizainas vertinantiems prabang\u0105.","og_url":"https:\/\/fashiongold.lt\/ru\/papuosalas\/deimantine-juostele-9-marquise-9-baguette-deimantai-4-50-karatai\/","og_site_name":"FashionGold.lt","article_modified_time":"2026-03-29T13:48:30+00:00","og_image":[{"width":965,"height":1024,"url":"https:\/\/fashiongold.lt\/wp-content\/uploads\/2026\/03\/Deimantine-juostele-su-laboratoriniais-9-Marquise-9-Baguette-deimantais-4.50-karatu-raudono-aukso-965x1024.png","type":"image\/png"}],"twitter_card":"summary_large_image","twitter_misc":{"\u041f\u0440\u0438\u043c\u0435\u0440\u043d\u043e\u0435 \u0432\u0440\u0435\u043c\u044f \u0434\u043b\u044f \u0447\u0442\u0435\u043d\u0438\u044f":"1 \u043c\u0438\u043d\u0443\u0442\u0430"},"schema":{"@context":"https:\/\/schema.org","@graph":[{"@type":"WebPage","@id":"https:\/\/fashiongold.lt\/ru\/papuosalas\/deimantine-juostele-9-marquise-9-baguette-deimantai-4-50-karatai\/","url":"https:\/\/fashiongold.lt\/ru\/papuosalas\/deimantine-juostele-9-marquise-9-baguette-deimantai-4-50-karatai\/","name":"Deimantin\u0117 juostel\u0117 su Marquise & Baquette formos deimantais","isPartOf":{"@id":"https:\/\/fashiongold.lt\/ru\/#website"},"primaryImageOfPage":{"@id":"https:\/\/fashiongold.lt\/ru\/papuosalas\/deimantine-juostele-9-marquise-9-baguette-deimantai-4-50-karatai\/#primaryimage"},"image":{"@id":"https:\/\/fashiongold.lt\/ru\/papuosalas\/deimantine-juostele-9-marquise-9-baguette-deimantai-4-50-karatai\/#primaryimage"},"thumbnailUrl":"https:\/\/fashiongold.lt\/wp-content\/uploads\/2026\/03\/Deimantine-juostele-su-laboratoriniais-9-Marquise-9-Baguette-deimantais-4.50-karatu-raudono-aukso.png","datePublished":"2026-03-29T13:31:16+00:00","dateModified":"2026-03-29T13:48:30+00:00","description":"Deimantin\u0117 juostel\u0117 su 18 markiz\u0117s ir sta\u010diakampio formos deimantais. Auk\u0161ta kokyb\u0117 ir modernus dizainas vertinantiems prabang\u0105.","breadcrumb":{"@id":"https:\/\/fashiongold.lt\/ru\/papuosalas\/deimantine-juostele-9-marquise-9-baguette-deimantai-4-50-karatai\/#breadcrumb"},"inLanguage":"ru-RU","potentialAction":[{"@type":"ReadAction","target":["https:\/\/fashiongold.lt\/ru\/papuosalas\/deimantine-juostele-9-marquise-9-baguette-deimantai-4-50-karatai\/"]}]},{"@type":"ImageObject","inLanguage":"ru-RU","@id":"https:\/\/fashiongold.lt\/ru\/papuosalas\/deimantine-juostele-9-marquise-9-baguette-deimantai-4-50-karatai\/#primaryimage","url":"https:\/\/fashiongold.lt\/wp-content\/uploads\/2026\/03\/Deimantine-juostele-su-laboratoriniais-9-Marquise-9-Baguette-deimantais-4.50-karatu-raudono-aukso.png","contentUrl":"https:\/\/fashiongold.lt\/wp-content\/uploads\/2026\/03\/Deimantine-juostele-su-laboratoriniais-9-Marquise-9-Baguette-deimantais-4.50-karatu-raudono-aukso.png","width":1884,"height":2000,"caption":"Deimantin\u0117 juostel\u0117 su 9 Marquise & 9 Baguette deimantais 4.50 karat\u0173 raudono aukso"},{"@type":"BreadcrumbList","@id":"https:\/\/fashiongold.lt\/ru\/papuosalas\/deimantine-juostele-9-marquise-9-baguette-deimantai-4-50-karatai\/#breadcrumb","itemListElement":[{"@type":"ListItem","position":1,"name":"Home","item":"https:\/\/fashiongold.lt\/ru\/"},{"@type":"ListItem","position":2,"name":"\u041c\u0430\u0433\u0430\u0437\u0438\u043d \u0431\u0440\u0438\u043b\u043b\u0438\u0430\u043d\u0442\u043e\u0432 Fashiongold.lt","item":"https:\/\/fashiongold.lt\/shop-2\/"},{"@type":"ListItem","position":3,"name":"Deimantin\u0117 juostel\u0117 9 Marquise &#038; 9 Baguette deimantai 4.50 karatai"}]},{"@type":"WebSite","@id":"https:\/\/fashiongold.lt\/ru\/#website","url":"https:\/\/fashiongold.lt\/ru\/","name":"Fashion Gold","description":"Juvelyrikos namai","publisher":{"@id":"https:\/\/fashiongold.lt\/ru\/#organization"},"potentialAction":[{"@type":"SearchAction","target":{"@type":"EntryPoint","urlTemplate":"https:\/\/fashiongold.lt\/ru\/?s={search_term_string}"},"query-input":{"@type":"PropertyValueSpecification","valueRequired":true,"valueName":"search_term_string"}}],"inLanguage":"ru-RU"},{"@type":"Organization","@id":"https:\/\/fashiongold.lt\/ru\/#organization","name":"Topdiamonds Online","url":"https:\/\/fashiongold.lt\/ru\/","logo":{"@type":"ImageObject","inLanguage":"ru-RU","@id":"https:\/\/fashiongold.lt\/ru\/#\/schema\/logo\/image\/","url":"https:\/\/fashiongold.lt\/wp-content\/uploads\/2025\/04\/cropped-fashion_gold_logotipas2-scaled-1.png","contentUrl":"https:\/\/fashiongold.lt\/wp-content\/uploads\/2025\/04\/cropped-fashion_gold_logotipas2-scaled-1.png","width":2559,"height":421,"caption":"Topdiamonds Online"},"image":{"@id":"https:\/\/fashiongold.lt\/ru\/#\/schema\/logo\/image\/"}}]}},"_links":{"self":[{"href":"https:\/\/fashiongold.lt\/ru\/wp-json\/wp\/v2\/product\/1038452","targetHints":{"allow":["GET"]}}],"collection":[{"href":"https:\/\/fashiongold.lt\/ru\/wp-json\/wp\/v2\/product"}],"about":[{"href":"https:\/\/fashiongold.lt\/ru\/wp-json\/wp\/v2\/types\/product"}],"version-history":[{"count":1,"href":"https:\/\/fashiongold.lt\/ru\/wp-json\/wp\/v2\/product\/1038452\/revisions"}],"predecessor-version":[{"id":1038483,"href":"https:\/\/fashiongold.lt\/ru\/wp-json\/wp\/v2\/product\/1038452\/revisions\/1038483"}],"wp:featuredmedia":[{"embeddable":true,"href":"https:\/\/fashiongold.lt\/ru\/wp-json\/wp\/v2\/media\/1038421"}],"wp:attachment":[{"href":"https:\/\/fashiongold.lt\/ru\/wp-json\/wp\/v2\/media?parent=1038452"}],"wp:term":[{"taxonomy":"product_brand","embeddable":true,"href":"https:\/\/fashiongold.lt\/ru\/wp-json\/wp\/v2\/product_brand?post=1038452"},{"taxonomy":"product_cat","embeddable":true,"href":"https:\/\/fashiongold.lt\/ru\/wp-json\/wp\/v2\/product_cat?post=1038452"},{"taxonomy":"product_tag","embeddable":true,"href":"https:\/\/fashiongold.lt\/ru\/wp-json\/wp\/v2\/product_tag?post=1038452"}],"curies":[{"name":"wp","href":"https:\/\/api.w.org\/{rel}","templated":true}]}}