{"id":1041280,"date":"2026-03-30T06:42:55","date_gmt":"2026-03-30T06:42:55","guid":{"rendered":"https:\/\/fashiongold.lt\/?post_type=product&#038;p=1041280"},"modified":"2026-03-30T09:42:35","modified_gmt":"2026-03-30T09:42:35","slug":"grandinele-su-deimantais-tennis-kolje-14-91-ct","status":"publish","type":"product","link":"https:\/\/fashiongold.lt\/ru\/papuosalas\/grandinele-su-deimantais-tennis-kolje-14-91-ct\/","title":{"rendered":"Grandin\u0117l\u0117 su deimantais &#8212; Tennis kolje 14.91 ct"},"content":{"rendered":"<p><span data-sheets-root=\"1\">M<\/span>\u016bs\u0173 papuo\u0161alai yra gaminami pagal grie\u017etus juvelykos kokyb\u0117s standartus, u\u017etikrinant kiekvienos detal\u0117s tikslum\u0105. U\u017e papildom\u0105 mokest\u012f galima pasirinkti auk\u0161tesn\u0117s kokyb\u0117s deimantus, pritaikytus individualiam u\u017esakymui.<\/p>\n<p><span data-sheets-root=\"1\">\u2022 <a href=\"https:\/\/fashiongold.lt\/pakabuko-metalas\/\" target=\"_blank\" rel=\"noopener\"><strong>Taurieji metalai<\/strong><\/a>: 18K (750 prabos)<br \/>\n\u2022 <a href=\"https:\/\/fashiongold.lt\/pakabuko-aukso-spalva\/\" target=\"_blank\" rel=\"noopener\"><strong>Aukso spalv\u0173 pasirinkimai<\/strong><\/a>: baltas, raudonas, geltonas<br \/>\n<\/span><span data-sheets-root=\"1\">\u2022 Bendras<a href=\"https:\/\/fashiongold.lt\/grandineles-aukso-svoris\/\" target=\"_blank\" rel=\"noopener\"><strong>\u00a0aukso svoris<\/strong><\/a>: 15.00 g &#8212; 17.00 g<br \/>\n\u2022 <a href=\"https:\/\/fashiongold.lt\/grandineles-ilgis\/\" target=\"_blank\" rel=\"noopener\"><strong>Grandin\u0117l\u0117s ilgis<\/strong><\/a>: 42 cm<br \/>\n\u2022 <b>Grandin\u0117l\u0117s plotis<\/b>: apie 3.2 mm<br \/>\n\u2022 <strong><a href=\"https:\/\/fashiongold.lt\/viskas-apie-suzadetuviu-ziedus\/deimantas_kitos_deimanto_formos\/\" target=\"_blank\" rel=\"noopener\">Deimant\u0173 forma ir pj\u016bvis<\/a><\/strong>: apvalios forma (<em>Round cut<\/em>)<br \/>\n\u2022 <strong><a href=\"https:\/\/fashiongold.lt\/deimantu-tipai\/\" target=\"_blank\" rel=\"noopener\">Deimant\u0173 kilm\u0117<\/a><\/strong>: Nat\u016bral\u016bs deimantai<br \/>\n\u2022 <a href=\"https:\/\/fashiongold.lt\/deimanto-charakteristika\/\" target=\"_blank\" rel=\"noopener\"><strong>Deimant\u0173 svoris ir charakteristika<\/strong><\/a> (galima keisti): 124 vnt. &#8212; bendras svoris 14.91 ct (spalva G-H, \u0161varumas VS-SI). <strong>Pastaba<\/strong>: galima bendro karat\u0173 svorio paklaida<br \/>\n\u2022 Nemokamas <strong><a href=\"https:\/\/fashiongold.lt\/graviravimas\/\" target=\"_blank\" rel=\"noopener\">graviravimas<\/a><\/strong><br \/>\n\u2022 <a href=\"https:\/\/fashiongold.lt\/pristatymas-ir-grazinimas\/\" target=\"_blank\" rel=\"noopener\"><strong>Gamybos ir pristatymo terminas<\/strong><\/a>: apie 14 darbo dien\u0173, skubos tvarka per 7 d.d.<br \/>\n\u2022 Vienkartinis nemokamas <a href=\"https:\/\/fashiongold.lt\/grandineles-ilgio-keitimo-garantija\/\" target=\"_blank\" rel=\"noopener\"><strong>grandin\u0117l\u0117s ilgio keitimas<\/strong><\/a><br \/>\n<\/span><\/p>\n<p>Turite savo auks\u0105 ar brangakmen\u012f? Tokiu atveju kaina bus ma\u017eesn\u0117 \u2013 mok\u0117site tik u\u017e juvelyrin\u012f darb\u0105. Norite pakeisti deimant\u0173 spalv\u0105, dyd\u012f ar \u0161varum\u0105? Visk\u0105 pritaikysime pagal j\u016bs\u0173 pageidavimus.<br data-start=\"317\" data-end=\"320\" \/><strong><a href=\"https:\/\/fashiongold.lt\/kontaktai\/\" target=\"_blank\" rel=\"noopener\">Susisiekite <\/a><\/strong>su mumis \u2013 pad\u0117sime sukurti papuo\u0161al\u0105, atspindint\u012f j\u016bs\u0173 stili\u0173. <em data-start=\"396\" data-end=\"409\">FashionGold<\/em> \u2013 nuo subtilios klasikos iki i\u0161rai\u0161kingos prabangos.<\/p>\n","protected":false},"excerpt":{"rendered":"<div class=\"flex max-w-full flex-col grow\">\n<div class=\"min-h-8 text-message relative flex w-full flex-col items-end gap-2 text-start break-words whitespace-normal [.text-message+&amp;]:mt-5\" dir=\"auto\" data-message-author-role=\"assistant\" data-message-id=\"5c71cca1-97a8-4be4-98f8-ae3b265b8ca4\" data-message-model-slug=\"gpt-4o\">\n<div class=\"flex w-full flex-col gap-1 empty:hidden first:pt-[3px]\">\n<div class=\"markdown prose dark:prose-invert w-full break-words dark\">\n<article class=\"text-token-text-primary w-full\" dir=\"auto\" data-testid=\"conversation-turn-16\" data-scroll-anchor=\"true\">\n<div class=\"text-base my-auto mx-auto py-5 [--thread-content-margin:--spacing(4)] @[37rem]:[--thread-content-margin:--spacing(6)] @[72rem]:[--thread-content-margin:--spacing(16)] px-(--thread-content-margin)\">\n<div class=\"[--thread-content-max-width:32rem] @[34rem]:[--thread-content-max-width:40rem] @[64rem]:[--thread-content-max-width:48rem] mx-auto flex max-w-(--thread-content-max-width) flex-1 text-base gap-4 md:gap-5 lg:gap-6 group\/turn-messages focus-visible:outline-hidden\" tabindex=\"-1\">\n<div class=\"group\/conversation-turn relative flex w-full min-w-0 flex-col agent-turn\">\n<div class=\"relative flex-col gap-1 md:gap-3\">\n<div class=\"flex max-w-full flex-col grow\">\n<div class=\"min-h-8 text-message relative flex w-full flex-col items-end gap-2 text-start break-words whitespace-normal [.text-message+&amp;]:mt-5\" dir=\"auto\" data-message-author-role=\"assistant\" data-message-id=\"6b6bce92-f7da-4b83-b8a2-6a8f5061b6dd\" data-message-model-slug=\"gpt-4o\">\n<div class=\"flex w-full flex-col gap-1 empty:hidden first:pt-[3px]\">\n<div class=\"markdown prose dark:prose-invert w-full break-words dark\">\n<h3 data-pm-slice=\"1 1 []\">Prabangi auksin\u0117 grandin\u0117l\u0117 su deimantais &#8212; kolj\u0117 TENNIS j\u016bs\u0173 kasdienybei ir \u0161vent\u0117ms<\/h3>\n<p>\u0160i i\u0161skirtin\u0117 Tennis kolj\u0117, pagaminta i\u0161 prabangaus 750 aukso prabos, puo\u0161ta spindin\u010diais 14.91 ct deimantais, kuri\u0173 kiekvienas deimantas yra pagrindinis prabangos ir kokyb\u0117s akcentas, suteiks elegancijos ir prabangos bet kokiam j\u016bs\u0173 \u012fvaizd\u017eiui.<\/p>\n<p>Tai puikus pasirinkimas tiek kasdieniam stiliui papildyti, tiek ypatingoms progoms. Papuo\u0161alas su deimantu yra puiki dovana ar aksesuaras, i\u0161siskiriantis elegancija ir i\u0161skirtinumu.<\/p>\n<h2>Apie auksin\u0119 grandin\u0117l\u0119 su deimantais<\/h2>\n<p>Auksin\u0117 grandin\u0117l\u0117 su deimantais \u2013 tai ne tik papuo\u0161alas, bet ir investicija \u012f laikui nepavald\u017ei\u0105 elegancij\u0105. Da\u017eniausiai pasirenkamas 585 arba 750 prabos auksas, kuris u\u017etikrina papuo\u0161alo ilgaam\u017ei\u0161kum\u0105 ir i\u0161skirtin\u0119 kokyb\u0119. Nesvarbu, ar tai b\u016bt\u0173 baltas, geltonas, ar raudonas auksas \u2013 kiekviena spalva suteikia grandin\u0117lei unikal\u0173 charakter\u012f. Deimantai, \u012ftvirtinti aukso grandin\u0117l\u0117je, sukuria i\u0161skirtin\u012f \u0161viesos \u017eaism\u0105 ir pabr\u0117\u017eia kiekvienos moters individualum\u0105.<\/p>\n<p>Grandin\u0117l\u0117s su deimantais dizainas gali b\u016bti labai \u012fvairus \u2013 nuo klasikinio Tennis stiliaus iki moderni\u0173, minimalistini\u0173 sprendim\u0173. Dizainas priklauso nuo asmeninio stiliaus ir progos \u2013 kasdienai puikiai tiks minimalistinis, o ypatingoms progoms \u2013 prabangesnis, su daugiau deimant\u0173.<\/p>\n<\/div>\n<\/div>\n<\/div>\n<\/div>\n<\/div>\n<\/div>\n<\/div>\n<\/div>\n<\/article>\n<\/div>\n<\/div>\n<\/div>\n<\/div>\n","protected":false},"featured_media":1041215,"template":"","meta":{"site-sidebar-layout":"default","site-content-layout":"","ast-site-content-layout":"default","site-content-style":"default","site-sidebar-style":"default","ast-global-header-display":"","ast-banner-title-visibility":"","ast-main-header-display":"","ast-hfb-above-header-display":"","ast-hfb-below-header-display":"","ast-hfb-mobile-header-display":"","site-post-title":"","ast-breadcrumbs-content":"","ast-featured-img":"","footer-sml-layout":"","ast-disable-related-posts":"","theme-transparent-header-meta":"default","adv-header-id-meta":"","stick-header-meta":"","header-above-stick-meta":"","header-main-stick-meta":"","header-below-stick-meta":"","astra-migrate-meta-layouts":"set","ast-page-background-enabled":"default","ast-page-background-meta":{"desktop":{"background-color":"var(--ast-global-color-4)","background-image":"","background-repeat":"repeat","background-position":"center center","background-size":"auto","background-attachment":"scroll","background-type":"","background-media":"","overlay-type":"","overlay-color":"","overlay-opacity":"","overlay-gradient":""},"tablet":{"background-color":"","background-image":"","background-repeat":"repeat","background-position":"center center","background-size":"auto","background-attachment":"scroll","background-type":"","background-media":"","overlay-type":"","overlay-color":"","overlay-opacity":"","overlay-gradient":""},"mobile":{"background-color":"","background-image":"","background-repeat":"repeat","background-position":"center center","background-size":"auto","background-attachment":"scroll","background-type":"","background-media":"","overlay-type":"","overlay-color":"","overlay-opacity":"","overlay-gradient":""}},"ast-content-background-meta":{"desktop":{"background-color":"var(--ast-global-color-5)","background-image":"","background-repeat":"repeat","background-position":"center center","background-size":"auto","background-attachment":"scroll","background-type":"","background-media":"","overlay-type":"","overlay-color":"","overlay-opacity":"","overlay-gradient":""},"tablet":{"background-color":"var(--ast-global-color-5)","background-image":"","background-repeat":"repeat","background-position":"center center","background-size":"auto","background-attachment":"scroll","background-type":"","background-media":"","overlay-type":"","overlay-color":"","overlay-opacity":"","overlay-gradient":""},"mobile":{"background-color":"var(--ast-global-color-5)","background-image":"","background-repeat":"repeat","background-position":"center center","background-size":"auto","background-attachment":"scroll","background-type":"","background-media":"","overlay-type":"","overlay-color":"","overlay-opacity":"","overlay-gradient":""}}},"product_brand":[],"product_cat":[280,2288,283,284,285,2289,287,2290,2324,2293,2297,2298,2383,2299,72,71,292,2300,2261,4130,2302],"product_tag":[],"class_list":{"0":"post-1041280","1":"product","2":"type-product","3":"status-publish","4":"has-post-thumbnail","6":"product_cat-dovanos-gimtadienio-proga","7":"product_cat-dovanos-isleistuviu-proga","8":"product_cat-dovanos-moterims","9":"product_cat-dovanos-vaiko-gimimo-proga","10":"product_cat-dovanos-vestuviu-metiniu-proga","11":"product_cat-dovanos-vestuviu-proga","12":"product_cat-dovanos-vyrams","13":"product_cat-dovanos-ypatingoms-progoms","14":"product_cat-geltono-aukso-juvelyrika","15":"product_cat-grandinele-su-deimantu","16":"product_cat-grandinele-vyrams","17":"product_cat-grandineles-su-deimantais","18":"product_cat-grandineles-halo-dizaino","19":"product_cat-juvelyrika","20":"product_cat-juvelyrika-moterims","21":"product_cat-juvelyrika-vyrams","22":"product_cat-kaledines-dovanos","23":"product_cat-mamos-dienos-dovanos","24":"product_cat-raudono-aukso-juvelyrika","25":"product_cat-tennis-kolje","26":"product_cat-valentino-dienos-dovanos","27":"desktop-align-center","28":"tablet-align-left","29":"mobile-align-left","30":"ast-product-gallery-layout-horizontal-slider","31":"ast-product-single-variable","32":"ast-product-tabs-layout-accordion","33":"ast-qv-on-image","35":"first","36":"instock","37":"taxable","38":"shipping-taxable","39":"purchasable","40":"product-type-variable"},"yoast_head":"<!-- This site is optimized with the Yoast SEO plugin v26.6 - https:\/\/yoast.com\/wordpress\/plugins\/seo\/ -->\n<title>Grandin\u0117l\u0117 su deimantais - Tennis kolje 14.91 karatai<\/title>\n<meta name=\"description\" content=\"Prabangi Tennis 750 aukso prabos grandin\u0117l\u0117 su 14.91 ct deimantais \u2013 i\u0161skirtinis ir modernus pasirinkimas, suteiksiantis prabangos bet kokiam stiliui.\" \/>\n<meta name=\"robots\" content=\"index, follow, max-snippet:-1, max-image-preview:large, max-video-preview:-1\" \/>\n<link rel=\"canonical\" href=\"https:\/\/fashiongold.lt\/ru\/papuosalas\/grandinele-su-deimantais-tennis-kolje-14-91-ct\/\" \/>\n<meta property=\"og:locale\" content=\"ru_RU\" \/>\n<meta property=\"og:type\" content=\"article\" \/>\n<meta property=\"og:title\" content=\"Grandin\u0117l\u0117 su deimantais - Tennis kolje 14.91 karatai\" \/>\n<meta property=\"og:description\" content=\"Prabangi Tennis 750 aukso prabos grandin\u0117l\u0117 su 14.91 ct deimantais \u2013 i\u0161skirtinis ir modernus pasirinkimas, suteiksiantis prabangos bet kokiam stiliui.\" \/>\n<meta property=\"og:url\" content=\"https:\/\/fashiongold.lt\/ru\/papuosalas\/grandinele-su-deimantais-tennis-kolje-14-91-ct\/\" \/>\n<meta property=\"og:site_name\" content=\"FashionGold.lt\" \/>\n<meta property=\"article:modified_time\" content=\"2026-03-30T09:42:35+00:00\" \/>\n<meta property=\"og:image\" content=\"https:\/\/fashiongold.lt\/wp-content\/uploads\/2026\/03\/Grandinele-su-deimantais-Tennis-kolje-balto-aukso-11.76-ct-1024x974.png\" \/>\n\t<meta property=\"og:image:width\" content=\"1024\" \/>\n\t<meta property=\"og:image:height\" content=\"974\" \/>\n\t<meta property=\"og:image:type\" content=\"image\/png\" \/>\n<meta name=\"twitter:card\" content=\"summary_large_image\" \/>\n<meta name=\"twitter:label1\" content=\"\u041f\u0440\u0438\u043c\u0435\u0440\u043d\u043e\u0435 \u0432\u0440\u0435\u043c\u044f \u0434\u043b\u044f \u0447\u0442\u0435\u043d\u0438\u044f\" \/>\n\t<meta name=\"twitter:data1\" content=\"2 \u043c\u0438\u043d\u0443\u0442\u044b\" \/>\n<script type=\"application\/ld+json\" class=\"yoast-schema-graph\">{\"@context\":\"https:\/\/schema.org\",\"@graph\":[{\"@type\":\"WebPage\",\"@id\":\"https:\/\/fashiongold.lt\/ru\/papuosalas\/grandinele-su-deimantais-tennis-kolje-14-91-ct\/\",\"url\":\"https:\/\/fashiongold.lt\/ru\/papuosalas\/grandinele-su-deimantais-tennis-kolje-14-91-ct\/\",\"name\":\"Grandin\u0117l\u0117 su deimantais - Tennis kolje 14.91 karatai\",\"isPartOf\":{\"@id\":\"https:\/\/fashiongold.lt\/ru\/#website\"},\"primaryImageOfPage\":{\"@id\":\"https:\/\/fashiongold.lt\/ru\/papuosalas\/grandinele-su-deimantais-tennis-kolje-14-91-ct\/#primaryimage\"},\"image\":{\"@id\":\"https:\/\/fashiongold.lt\/ru\/papuosalas\/grandinele-su-deimantais-tennis-kolje-14-91-ct\/#primaryimage\"},\"thumbnailUrl\":\"https:\/\/fashiongold.lt\/wp-content\/uploads\/2026\/03\/Grandinele-su-deimantais-Tennis-kolje-balto-aukso-11.76-ct.png\",\"datePublished\":\"2026-03-30T06:42:55+00:00\",\"dateModified\":\"2026-03-30T09:42:35+00:00\",\"description\":\"Prabangi Tennis 750 aukso prabos grandin\u0117l\u0117 su 14.91 ct deimantais \u2013 i\u0161skirtinis ir modernus pasirinkimas, suteiksiantis prabangos bet kokiam stiliui.\",\"breadcrumb\":{\"@id\":\"https:\/\/fashiongold.lt\/ru\/papuosalas\/grandinele-su-deimantais-tennis-kolje-14-91-ct\/#breadcrumb\"},\"inLanguage\":\"ru-RU\",\"potentialAction\":[{\"@type\":\"ReadAction\",\"target\":[\"https:\/\/fashiongold.lt\/ru\/papuosalas\/grandinele-su-deimantais-tennis-kolje-14-91-ct\/\"]}]},{\"@type\":\"ImageObject\",\"inLanguage\":\"ru-RU\",\"@id\":\"https:\/\/fashiongold.lt\/ru\/papuosalas\/grandinele-su-deimantais-tennis-kolje-14-91-ct\/#primaryimage\",\"url\":\"https:\/\/fashiongold.lt\/wp-content\/uploads\/2026\/03\/Grandinele-su-deimantais-Tennis-kolje-balto-aukso-11.76-ct.png\",\"contentUrl\":\"https:\/\/fashiongold.lt\/wp-content\/uploads\/2026\/03\/Grandinele-su-deimantais-Tennis-kolje-balto-aukso-11.76-ct.png\",\"width\":2000,\"height\":1903,\"caption\":\"Grandin\u0117l\u0117 su deimantais - Tennis kolje balto aukso 11.76 ct\"},{\"@type\":\"BreadcrumbList\",\"@id\":\"https:\/\/fashiongold.lt\/ru\/papuosalas\/grandinele-su-deimantais-tennis-kolje-14-91-ct\/#breadcrumb\",\"itemListElement\":[{\"@type\":\"ListItem\",\"position\":1,\"name\":\"Home\",\"item\":\"https:\/\/fashiongold.lt\/ru\/\"},{\"@type\":\"ListItem\",\"position\":2,\"name\":\"\u041c\u0430\u0433\u0430\u0437\u0438\u043d \u0431\u0440\u0438\u043b\u043b\u0438\u0430\u043d\u0442\u043e\u0432 Fashiongold.lt\",\"item\":\"https:\/\/fashiongold.lt\/shop-2\/\"},{\"@type\":\"ListItem\",\"position\":3,\"name\":\"Grandin\u0117l\u0117 su deimantais &#8211; Tennis kolje 14.91 ct\"}]},{\"@type\":\"WebSite\",\"@id\":\"https:\/\/fashiongold.lt\/ru\/#website\",\"url\":\"https:\/\/fashiongold.lt\/ru\/\",\"name\":\"Fashion Gold\",\"description\":\"Juvelyrikos namai\",\"publisher\":{\"@id\":\"https:\/\/fashiongold.lt\/ru\/#organization\"},\"potentialAction\":[{\"@type\":\"SearchAction\",\"target\":{\"@type\":\"EntryPoint\",\"urlTemplate\":\"https:\/\/fashiongold.lt\/ru\/?s={search_term_string}\"},\"query-input\":{\"@type\":\"PropertyValueSpecification\",\"valueRequired\":true,\"valueName\":\"search_term_string\"}}],\"inLanguage\":\"ru-RU\"},{\"@type\":\"Organization\",\"@id\":\"https:\/\/fashiongold.lt\/ru\/#organization\",\"name\":\"Topdiamonds Online\",\"url\":\"https:\/\/fashiongold.lt\/ru\/\",\"logo\":{\"@type\":\"ImageObject\",\"inLanguage\":\"ru-RU\",\"@id\":\"https:\/\/fashiongold.lt\/ru\/#\/schema\/logo\/image\/\",\"url\":\"https:\/\/fashiongold.lt\/wp-content\/uploads\/2025\/04\/cropped-fashion_gold_logotipas2-scaled-1.png\",\"contentUrl\":\"https:\/\/fashiongold.lt\/wp-content\/uploads\/2025\/04\/cropped-fashion_gold_logotipas2-scaled-1.png\",\"width\":2559,\"height\":421,\"caption\":\"Topdiamonds Online\"},\"image\":{\"@id\":\"https:\/\/fashiongold.lt\/ru\/#\/schema\/logo\/image\/\"}}]}<\/script>\n<!-- \/ Yoast SEO plugin. -->","yoast_head_json":{"title":"Grandin\u0117l\u0117 su deimantais - Tennis kolje 14.91 karatai","description":"Prabangi Tennis 750 aukso prabos grandin\u0117l\u0117 su 14.91 ct deimantais \u2013 i\u0161skirtinis ir modernus pasirinkimas, suteiksiantis prabangos bet kokiam stiliui.","robots":{"index":"index","follow":"follow","max-snippet":"max-snippet:-1","max-image-preview":"max-image-preview:large","max-video-preview":"max-video-preview:-1"},"canonical":"https:\/\/fashiongold.lt\/ru\/papuosalas\/grandinele-su-deimantais-tennis-kolje-14-91-ct\/","og_locale":"ru_RU","og_type":"article","og_title":"Grandin\u0117l\u0117 su deimantais - Tennis kolje 14.91 karatai","og_description":"Prabangi Tennis 750 aukso prabos grandin\u0117l\u0117 su 14.91 ct deimantais \u2013 i\u0161skirtinis ir modernus pasirinkimas, suteiksiantis prabangos bet kokiam stiliui.","og_url":"https:\/\/fashiongold.lt\/ru\/papuosalas\/grandinele-su-deimantais-tennis-kolje-14-91-ct\/","og_site_name":"FashionGold.lt","article_modified_time":"2026-03-30T09:42:35+00:00","og_image":[{"width":1024,"height":974,"url":"https:\/\/fashiongold.lt\/wp-content\/uploads\/2026\/03\/Grandinele-su-deimantais-Tennis-kolje-balto-aukso-11.76-ct-1024x974.png","type":"image\/png"}],"twitter_card":"summary_large_image","twitter_misc":{"\u041f\u0440\u0438\u043c\u0435\u0440\u043d\u043e\u0435 \u0432\u0440\u0435\u043c\u044f \u0434\u043b\u044f \u0447\u0442\u0435\u043d\u0438\u044f":"2 \u043c\u0438\u043d\u0443\u0442\u044b"},"schema":{"@context":"https:\/\/schema.org","@graph":[{"@type":"WebPage","@id":"https:\/\/fashiongold.lt\/ru\/papuosalas\/grandinele-su-deimantais-tennis-kolje-14-91-ct\/","url":"https:\/\/fashiongold.lt\/ru\/papuosalas\/grandinele-su-deimantais-tennis-kolje-14-91-ct\/","name":"Grandin\u0117l\u0117 su deimantais - Tennis kolje 14.91 karatai","isPartOf":{"@id":"https:\/\/fashiongold.lt\/ru\/#website"},"primaryImageOfPage":{"@id":"https:\/\/fashiongold.lt\/ru\/papuosalas\/grandinele-su-deimantais-tennis-kolje-14-91-ct\/#primaryimage"},"image":{"@id":"https:\/\/fashiongold.lt\/ru\/papuosalas\/grandinele-su-deimantais-tennis-kolje-14-91-ct\/#primaryimage"},"thumbnailUrl":"https:\/\/fashiongold.lt\/wp-content\/uploads\/2026\/03\/Grandinele-su-deimantais-Tennis-kolje-balto-aukso-11.76-ct.png","datePublished":"2026-03-30T06:42:55+00:00","dateModified":"2026-03-30T09:42:35+00:00","description":"Prabangi Tennis 750 aukso prabos grandin\u0117l\u0117 su 14.91 ct deimantais \u2013 i\u0161skirtinis ir modernus pasirinkimas, suteiksiantis prabangos bet kokiam stiliui.","breadcrumb":{"@id":"https:\/\/fashiongold.lt\/ru\/papuosalas\/grandinele-su-deimantais-tennis-kolje-14-91-ct\/#breadcrumb"},"inLanguage":"ru-RU","potentialAction":[{"@type":"ReadAction","target":["https:\/\/fashiongold.lt\/ru\/papuosalas\/grandinele-su-deimantais-tennis-kolje-14-91-ct\/"]}]},{"@type":"ImageObject","inLanguage":"ru-RU","@id":"https:\/\/fashiongold.lt\/ru\/papuosalas\/grandinele-su-deimantais-tennis-kolje-14-91-ct\/#primaryimage","url":"https:\/\/fashiongold.lt\/wp-content\/uploads\/2026\/03\/Grandinele-su-deimantais-Tennis-kolje-balto-aukso-11.76-ct.png","contentUrl":"https:\/\/fashiongold.lt\/wp-content\/uploads\/2026\/03\/Grandinele-su-deimantais-Tennis-kolje-balto-aukso-11.76-ct.png","width":2000,"height":1903,"caption":"Grandin\u0117l\u0117 su deimantais - Tennis kolje balto aukso 11.76 ct"},{"@type":"BreadcrumbList","@id":"https:\/\/fashiongold.lt\/ru\/papuosalas\/grandinele-su-deimantais-tennis-kolje-14-91-ct\/#breadcrumb","itemListElement":[{"@type":"ListItem","position":1,"name":"Home","item":"https:\/\/fashiongold.lt\/ru\/"},{"@type":"ListItem","position":2,"name":"\u041c\u0430\u0433\u0430\u0437\u0438\u043d \u0431\u0440\u0438\u043b\u043b\u0438\u0430\u043d\u0442\u043e\u0432 Fashiongold.lt","item":"https:\/\/fashiongold.lt\/shop-2\/"},{"@type":"ListItem","position":3,"name":"Grandin\u0117l\u0117 su deimantais &#8211; Tennis kolje 14.91 ct"}]},{"@type":"WebSite","@id":"https:\/\/fashiongold.lt\/ru\/#website","url":"https:\/\/fashiongold.lt\/ru\/","name":"Fashion Gold","description":"Juvelyrikos namai","publisher":{"@id":"https:\/\/fashiongold.lt\/ru\/#organization"},"potentialAction":[{"@type":"SearchAction","target":{"@type":"EntryPoint","urlTemplate":"https:\/\/fashiongold.lt\/ru\/?s={search_term_string}"},"query-input":{"@type":"PropertyValueSpecification","valueRequired":true,"valueName":"search_term_string"}}],"inLanguage":"ru-RU"},{"@type":"Organization","@id":"https:\/\/fashiongold.lt\/ru\/#organization","name":"Topdiamonds Online","url":"https:\/\/fashiongold.lt\/ru\/","logo":{"@type":"ImageObject","inLanguage":"ru-RU","@id":"https:\/\/fashiongold.lt\/ru\/#\/schema\/logo\/image\/","url":"https:\/\/fashiongold.lt\/wp-content\/uploads\/2025\/04\/cropped-fashion_gold_logotipas2-scaled-1.png","contentUrl":"https:\/\/fashiongold.lt\/wp-content\/uploads\/2025\/04\/cropped-fashion_gold_logotipas2-scaled-1.png","width":2559,"height":421,"caption":"Topdiamonds Online"},"image":{"@id":"https:\/\/fashiongold.lt\/ru\/#\/schema\/logo\/image\/"}}]}},"_links":{"self":[{"href":"https:\/\/fashiongold.lt\/ru\/wp-json\/wp\/v2\/product\/1041280","targetHints":{"allow":["GET"]}}],"collection":[{"href":"https:\/\/fashiongold.lt\/ru\/wp-json\/wp\/v2\/product"}],"about":[{"href":"https:\/\/fashiongold.lt\/ru\/wp-json\/wp\/v2\/types\/product"}],"version-history":[{"count":1,"href":"https:\/\/fashiongold.lt\/ru\/wp-json\/wp\/v2\/product\/1041280\/revisions"}],"predecessor-version":[{"id":1041428,"href":"https:\/\/fashiongold.lt\/ru\/wp-json\/wp\/v2\/product\/1041280\/revisions\/1041428"}],"wp:featuredmedia":[{"embeddable":true,"href":"https:\/\/fashiongold.lt\/ru\/wp-json\/wp\/v2\/media\/1041215"}],"wp:attachment":[{"href":"https:\/\/fashiongold.lt\/ru\/wp-json\/wp\/v2\/media?parent=1041280"}],"wp:term":[{"taxonomy":"product_brand","embeddable":true,"href":"https:\/\/fashiongold.lt\/ru\/wp-json\/wp\/v2\/product_brand?post=1041280"},{"taxonomy":"product_cat","embeddable":true,"href":"https:\/\/fashiongold.lt\/ru\/wp-json\/wp\/v2\/product_cat?post=1041280"},{"taxonomy":"product_tag","embeddable":true,"href":"https:\/\/fashiongold.lt\/ru\/wp-json\/wp\/v2\/product_tag?post=1041280"}],"curies":[{"name":"wp","href":"https:\/\/api.w.org\/{rel}","templated":true}]}}