{"id":13559,"date":"2025-05-21T16:08:11","date_gmt":"2025-05-21T16:08:11","guid":{"rendered":"https:\/\/fashiongold.lt\/?post_type=product&#038;p=13559"},"modified":"2026-03-06T11:55:33","modified_gmt":"2026-03-06T11:55:33","slug":"ziedas-su-cushion-deimantu-200-ct","status":"publish","type":"product","link":"https:\/\/fashiongold.lt\/ru\/papuosalas\/ziedas-su-cushion-deimantu-200-ct\/","title":{"rendered":"\u017diedas su Cushion deimantu (2.00 ct)"},"content":{"rendered":"<p data-start=\"0\" data-end=\"436\">\u0160is \u017eiedas leid\u017eia prasmei atsiskleisti tyliai, per detales ir jausm\u0105. Jo forma i\u0161lieka i\u0161tikima klasikai, ta\u010diau centre esantis pagalv\u0117l\u0117s formos deimantas suteikia jam gyvyb\u0117s \u2013 ne per demonstratyv\u0173 blizges\u012f, o per gil\u0173, vidin\u012f \u0161vyt\u0117jim\u0105. Tai daugiau nei papuo\u0161alas. Tai prad\u017eia kelio, kuris virsta bendrais rytais, pokalbiais be \u017eod\u017ei\u0173 ir prisiminimais, kurie kaupiasi metams b\u0117gant. Subtilus dizainas leid\u017eia akmeniui b\u016bti tuo, kuo jis ir yra \u2013 d\u0117mesio centru, turin\u010diu savo charakter\u012f. Keturi\u0173 kojeli\u0173 laikiklis apgaubia <em>Cushion<\/em> pj\u016bvio deimant\u0105 u\u017etikrintai ir tiksliai, i\u0161laikydamas pusiausvyr\u0105 tarp saugumo ir lengvumo. Tuo tarpu u\u017edaras lankelio ratas primena nenutr\u016bkstam\u0105 linij\u0105 \u2013 simbol\u012f ry\u0161io, kuris nesibaigia, o su laiku tik stipr\u0117ja.<\/p>\n<p data-start=\"0\" data-end=\"436\">Pagamintas laikantis precizi\u0161k\u0173 juvelyrikos meistryst\u0117s reikalavim\u0173, u\u017etikrinan\u010di\u0173 kokyb\u0119 ir ilgaam\u017ei\u0161kum\u0105. Esant poreikiui, \u017eiedas gali b\u016bti gaminamas individualiai, pasirenkant auk\u0161tesni\u0173 parametr\u0173 deimantus u\u017e papildom\u0105 kain\u0105.<\/p>\n<p><span data-sheets-root=\"1\"><br \/>\n\u2022 <strong><a href=\"https:\/\/fashiongold.lt\/ziedo-metalai\/\" target=\"_blank\" rel=\"noopener\">Taurieji metalai<\/a>:<\/strong> 14K (585 prabos), 18K (750 prabos), 900 platina<br \/>\n<\/span><span data-sheets-root=\"1\">\u2022 <strong><a href=\"https:\/\/fashiongold.lt\/ziedo-aukso-spalva\/\" target=\"_blank\" rel=\"noopener\">Aukso spalvos<\/a>:<\/strong> raudonas, geltonas, baltas<br \/>\n\u2022 <strong><a href=\"https:\/\/fashiongold.lt\/ziedo-svoris\/\" target=\"_blank\" rel=\"noopener\">\u017diedo svoris <\/a><\/strong>(priklauso nuo dyd\u017eio)<strong>:<\/strong>\u00a0apie 2.00 &#8212; 3.00 g<br \/>\n\u2022 <strong><a href=\"https:\/\/fashiongold.lt\/ziedo-matmenys\/\" target=\"_blank\" rel=\"noopener\">\u017diedo kar\u016bn\u0117l\u0117s plotis<\/a><\/strong>: apie 8 mm<br \/>\n\u2022 <a href=\"https:\/\/fashiongold.lt\/viskas-apie-suzadetuviu-ziedus\/deimantas_kitos_deimanto_formos\/\" target=\"_blank\" rel=\"noopener\"><strong>Deimanto forma<\/strong><\/a>: Pagalv\u0117l\u0117s formos (<em>Cushion cut<\/em>)<br \/>\n\u2022 <strong><a href=\"https:\/\/fashiongold.lt\/deimantu-tipai\/\" target=\"_blank\" rel=\"noopener\">Deimant\u0173 tipai<\/a>:<\/strong> Laboratorijoje u\u017eauginti deimantai arba natural\u016bs deimantai<br \/>\n\u2022 <strong><a href=\"https:\/\/fashiongold.lt\/deimanto-svoris-ir-charakteristika\/\" target=\"_blank\" rel=\"noopener\">Deimanto svoris ir charakteristika<\/a><\/strong> (galima keisti):<br \/>\nLaboratorijoje u\u017eaugintas deimantas su IGI sertifikatu: 2.00 ct deimantas (spalva D-E, \u0161varumas VVS) (galima keisti),<br \/>\nNat\u016bralus deimantas su GIA sertifikatu: 2.00 ct deimantas (spalva G-I, \u0161varumas SI) (galima keisti)<br \/>\n\u2022 Nemokamas <a href=\"https:\/\/fashiongold.lt\/graviravimas\/\" target=\"_blank\" rel=\"noopener\"><strong>graviravimas<\/strong><\/a><br \/>\n\u2022 <strong><a href=\"https:\/\/fashiongold.lt\/ziedo-komforto-zona\/\" target=\"_blank\" rel=\"noopener\">\u017diedo komforto zona<\/a>:<\/strong> yra<br \/>\n\u2022 \u017diedui taikoma vienkartin\u0117 nemokama <strong><a href=\"https:\/\/fashiongold.lt\/ziedo-dydzio-keitimo-garantija\/\" target=\"_blank\" rel=\"noopener\">dyd\u017eio keitimo garantija<\/a><\/strong><br \/>\n\u2022 <strong><a href=\"https:\/\/fashiongold.lt\/pristatymas-ir-grazinimas\/\" target=\"_blank\" rel=\"noopener\">Gamyba ir pristatymas<\/a>:<\/strong> nuo 14 darbo dien\u0173, skubos tvarka per 7 d.d.<\/span><\/p>\n<p>&nbsp;<\/p>\n<p>Galime pritaikyti j\u016bs\u0173 turim\u0105 brangakmen\u012f ar auks\u0105 ir perskai\u010diuoti kain\u0105, \u012ftraukiant tik gamybos darbus. Taip pat galite pasirinkti kitokias deimanto charakteristikas pagal savo pageidavimus \u2013 <strong><a href=\"https:\/\/fashiongold.lt\/kontaktai\/\" target=\"_blank\" rel=\"noopener\">susisiekite<\/a><\/strong>, ir m\u016bs\u0173 komanda pad\u0117s rasti tinkamiausi\u0105 sprendim\u0105. Kurkite ir personalizuokite papuo\u0161al\u0105 su <a href=\"https:\/\/fashiongold.lt\/kontaktai\/\" target=\"_blank\" rel=\"noopener\">FashionGold.lt<\/a> taip, kad jis tiksliai atspind\u0117t\u0173 j\u016bs\u0173 vizij\u0105.<\/p>\n","protected":false},"excerpt":{"rendered":"<p data-start=\"27\" data-end=\"427\">\u0160is klasikinis \u017eiedas su <em>Cushion<\/em> pj\u016bvio deimantu i\u0161siskiria harmoningomis proporcijomis ir laikui nepavald\u017eia estetika. Pagalv\u0117l\u0117s formos deimantas, \u012ftvirtintas keturiose kojel\u0117se, tampa pagrindiniu akcentu, leid\u017eian\u010diu \u0161viesai laisvai sklisti ir atskleisti jo nat\u016bral\u0173 spindes\u012f. \u0160velniai apvalintas aukso lankelis suteikia papuo\u0161alui vizualinio lengvumo, ta\u010diau kartu u\u017etikrina tvirtum\u0105 ir patikimum\u0105. Kruop\u0161\u010diai suformuota vidin\u0117 komforto zona leid\u017eia \u017eiedui nat\u016braliai priglusti prie pir\u0161to, tod\u0117l j\u012f patogu ne\u0161ioti kasdien, neprarandant elegancijos poj\u016b\u010dio.<\/p>\n","protected":false},"featured_media":263735,"template":"","meta":{"site-sidebar-layout":"default","site-content-layout":"","ast-site-content-layout":"default","site-content-style":"default","site-sidebar-style":"default","ast-global-header-display":"","ast-banner-title-visibility":"","ast-main-header-display":"","ast-hfb-above-header-display":"","ast-hfb-below-header-display":"","ast-hfb-mobile-header-display":"","site-post-title":"","ast-breadcrumbs-content":"","ast-featured-img":"","footer-sml-layout":"","ast-disable-related-posts":"","theme-transparent-header-meta":"default","adv-header-id-meta":"","stick-header-meta":"","header-above-stick-meta":"","header-main-stick-meta":"","header-below-stick-meta":"","astra-migrate-meta-layouts":"set","ast-page-background-enabled":"default","ast-page-background-meta":{"desktop":{"background-color":"var(--ast-global-color-4)","background-image":"","background-repeat":"repeat","background-position":"center center","background-size":"auto","background-attachment":"scroll","background-type":"","background-media":"","overlay-type":"","overlay-color":"","overlay-opacity":"","overlay-gradient":""},"tablet":{"background-color":"","background-image":"","background-repeat":"repeat","background-position":"center center","background-size":"auto","background-attachment":"scroll","background-type":"","background-media":"","overlay-type":"","overlay-color":"","overlay-opacity":"","overlay-gradient":""},"mobile":{"background-color":"","background-image":"","background-repeat":"repeat","background-position":"center center","background-size":"auto","background-attachment":"scroll","background-type":"","background-media":"","overlay-type":"","overlay-color":"","overlay-opacity":"","overlay-gradient":""}},"ast-content-background-meta":{"desktop":{"background-color":"var(--ast-global-color-5)","background-image":"","background-repeat":"repeat","background-position":"center center","background-size":"auto","background-attachment":"scroll","background-type":"","background-media":"","overlay-type":"","overlay-color":"","overlay-opacity":"","overlay-gradient":""},"tablet":{"background-color":"var(--ast-global-color-5)","background-image":"","background-repeat":"repeat","background-position":"center center","background-size":"auto","background-attachment":"scroll","background-type":"","background-media":"","overlay-type":"","overlay-color":"","overlay-opacity":"","overlay-gradient":""},"mobile":{"background-color":"var(--ast-global-color-5)","background-image":"","background-repeat":"repeat","background-position":"center center","background-size":"auto","background-attachment":"scroll","background-type":"","background-media":"","overlay-type":"","overlay-color":"","overlay-opacity":"","overlay-gradient":""}}},"product_brand":[],"product_cat":[2943,3002,2944,3000,3172,2947,3009,3282,3001,2954],"product_tag":[],"class_list":{"0":"post-13559","1":"product","2":"type-product","3":"status-publish","4":"has-post-thumbnail","6":"product_cat-2943","7":"product_cat-3002","8":"product_cat-2944","9":"product_cat-3000","10":"product_cat-3172","11":"product_cat-2947","12":"product_cat-3009","13":"product_cat-3282","14":"product_cat-3001","15":"product_cat-2954","16":"desktop-align-center","17":"tablet-align-left","18":"mobile-align-left","19":"ast-product-gallery-layout-horizontal-slider","20":"ast-product-single-variable","21":"ast-product-tabs-layout-accordion","22":"ast-qv-on-image","24":"first","25":"instock","26":"taxable","27":"shipping-taxable","28":"purchasable","29":"product-type-variable"},"yoast_head":"<!-- This site is optimized with the Yoast SEO plugin v26.6 - https:\/\/yoast.com\/wordpress\/plugins\/seo\/ -->\n<title>\u017diedas su Cushion deimantu (2.00 ct)<\/title>\n<meta name=\"description\" content=\"\u0160is \u017eiedas su pagalv\u0117l\u0117s formos deimantu i\u0161siskiria \u0161velnia elegancija ir \u012fsp\u016bdingu spindesiu. Kiekvienas judesys atskleid\u017eia Cushion pj\u016bvio \u0161viesos \u017eaism\u0105.\" \/>\n<meta name=\"robots\" content=\"index, follow, max-snippet:-1, max-image-preview:large, max-video-preview:-1\" \/>\n<link rel=\"canonical\" href=\"https:\/\/fashiongold.lt\/ru\/papuosalas\/ziedas-su-cushion-deimantu-200-ct\/\" \/>\n<meta property=\"og:locale\" content=\"ru_RU\" \/>\n<meta property=\"og:type\" content=\"article\" \/>\n<meta property=\"og:title\" content=\"\u017diedas su Cushion deimantu (2.00 ct)\" \/>\n<meta property=\"og:description\" content=\"\u0160is \u017eiedas su pagalv\u0117l\u0117s formos deimantu i\u0161siskiria \u0161velnia elegancija ir \u012fsp\u016bdingu spindesiu. Kiekvienas judesys atskleid\u017eia Cushion pj\u016bvio \u0161viesos \u017eaism\u0105.\" \/>\n<meta property=\"og:url\" content=\"https:\/\/fashiongold.lt\/ru\/papuosalas\/ziedas-su-cushion-deimantu-200-ct\/\" \/>\n<meta property=\"og:site_name\" content=\"FashionGold.lt\" \/>\n<meta property=\"article:modified_time\" content=\"2026-03-06T11:55:33+00:00\" \/>\n<meta property=\"og:image\" content=\"https:\/\/fashiongold.lt\/wp-content\/uploads\/2025\/05\/Klasikinis-suzadetuviu-ziedas-su-deimantu-cushion-TD-1006-3.webp\" \/>\n\t<meta property=\"og:image:width\" content=\"800\" \/>\n\t<meta property=\"og:image:height\" content=\"800\" \/>\n\t<meta property=\"og:image:type\" content=\"image\/png\" \/>\n<meta name=\"twitter:card\" content=\"summary_large_image\" \/>\n<meta name=\"twitter:label1\" content=\"\u041f\u0440\u0438\u043c\u0435\u0440\u043d\u043e\u0435 \u0432\u0440\u0435\u043c\u044f \u0434\u043b\u044f \u0447\u0442\u0435\u043d\u0438\u044f\" \/>\n\t<meta name=\"twitter:data1\" content=\"2 \u043c\u0438\u043d\u0443\u0442\u044b\" \/>\n<script type=\"application\/ld+json\" class=\"yoast-schema-graph\">{\"@context\":\"https:\/\/schema.org\",\"@graph\":[{\"@type\":\"WebPage\",\"@id\":\"https:\/\/fashiongold.lt\/ru\/papuosalas\/ziedas-su-cushion-deimantu-200-ct\/\",\"url\":\"https:\/\/fashiongold.lt\/ru\/papuosalas\/ziedas-su-cushion-deimantu-200-ct\/\",\"name\":\"\u017diedas su Cushion deimantu (2.00 ct)\",\"isPartOf\":{\"@id\":\"https:\/\/fashiongold.lt\/ru\/#website\"},\"primaryImageOfPage\":{\"@id\":\"https:\/\/fashiongold.lt\/ru\/papuosalas\/ziedas-su-cushion-deimantu-200-ct\/#primaryimage\"},\"image\":{\"@id\":\"https:\/\/fashiongold.lt\/ru\/papuosalas\/ziedas-su-cushion-deimantu-200-ct\/#primaryimage\"},\"thumbnailUrl\":\"https:\/\/fashiongold.lt\/wp-content\/uploads\/2025\/05\/Klasikinis-suzadetuviu-ziedas-su-deimantu-cushion-TD-1006-3.png\",\"datePublished\":\"2025-05-21T16:08:11+00:00\",\"dateModified\":\"2026-03-06T11:55:33+00:00\",\"description\":\"\u0160is \u017eiedas su pagalv\u0117l\u0117s formos deimantu i\u0161siskiria \u0161velnia elegancija ir \u012fsp\u016bdingu spindesiu. Kiekvienas judesys atskleid\u017eia Cushion pj\u016bvio \u0161viesos \u017eaism\u0105.\",\"breadcrumb\":{\"@id\":\"https:\/\/fashiongold.lt\/ru\/papuosalas\/ziedas-su-cushion-deimantu-200-ct\/#breadcrumb\"},\"inLanguage\":\"ru-RU\",\"potentialAction\":[{\"@type\":\"ReadAction\",\"target\":[\"https:\/\/fashiongold.lt\/ru\/papuosalas\/ziedas-su-cushion-deimantu-200-ct\/\"]}]},{\"@type\":\"ImageObject\",\"inLanguage\":\"ru-RU\",\"@id\":\"https:\/\/fashiongold.lt\/ru\/papuosalas\/ziedas-su-cushion-deimantu-200-ct\/#primaryimage\",\"url\":\"https:\/\/fashiongold.lt\/wp-content\/uploads\/2025\/05\/Klasikinis-suzadetuviu-ziedas-su-deimantu-cushion-TD-1006-3.png\",\"contentUrl\":\"https:\/\/fashiongold.lt\/wp-content\/uploads\/2025\/05\/Klasikinis-suzadetuviu-ziedas-su-deimantu-cushion-TD-1006-3.png\",\"width\":800,\"height\":800,\"caption\":\"klasikinis balto aukso arba platinos su\u017ead\u0117tuvi\u0173 \u017eiedas su apvalios pagalv\u0117l\u0117s formos deimantu\"},{\"@type\":\"BreadcrumbList\",\"@id\":\"https:\/\/fashiongold.lt\/ru\/papuosalas\/ziedas-su-cushion-deimantu-200-ct\/#breadcrumb\",\"itemListElement\":[{\"@type\":\"ListItem\",\"position\":1,\"name\":\"Home\",\"item\":\"https:\/\/fashiongold.lt\/ru\/\"},{\"@type\":\"ListItem\",\"position\":2,\"name\":\"\u041c\u0430\u0433\u0430\u0437\u0438\u043d \u0431\u0440\u0438\u043b\u043b\u0438\u0430\u043d\u0442\u043e\u0432 Fashiongold.lt\",\"item\":\"https:\/\/fashiongold.lt\/shop-2\/\"},{\"@type\":\"ListItem\",\"position\":3,\"name\":\"\u017diedas su Cushion deimantu (2.00 ct)\"}]},{\"@type\":\"WebSite\",\"@id\":\"https:\/\/fashiongold.lt\/ru\/#website\",\"url\":\"https:\/\/fashiongold.lt\/ru\/\",\"name\":\"Fashion Gold\",\"description\":\"Juvelyrikos namai\",\"publisher\":{\"@id\":\"https:\/\/fashiongold.lt\/ru\/#organization\"},\"potentialAction\":[{\"@type\":\"SearchAction\",\"target\":{\"@type\":\"EntryPoint\",\"urlTemplate\":\"https:\/\/fashiongold.lt\/ru\/?s={search_term_string}\"},\"query-input\":{\"@type\":\"PropertyValueSpecification\",\"valueRequired\":true,\"valueName\":\"search_term_string\"}}],\"inLanguage\":\"ru-RU\"},{\"@type\":\"Organization\",\"@id\":\"https:\/\/fashiongold.lt\/ru\/#organization\",\"name\":\"Topdiamonds Online\",\"url\":\"https:\/\/fashiongold.lt\/ru\/\",\"logo\":{\"@type\":\"ImageObject\",\"inLanguage\":\"ru-RU\",\"@id\":\"https:\/\/fashiongold.lt\/ru\/#\/schema\/logo\/image\/\",\"url\":\"https:\/\/fashiongold.lt\/wp-content\/uploads\/2025\/04\/cropped-fashion_gold_logotipas2-scaled-1.png\",\"contentUrl\":\"https:\/\/fashiongold.lt\/wp-content\/uploads\/2025\/04\/cropped-fashion_gold_logotipas2-scaled-1.png\",\"width\":2559,\"height\":421,\"caption\":\"Topdiamonds Online\"},\"image\":{\"@id\":\"https:\/\/fashiongold.lt\/ru\/#\/schema\/logo\/image\/\"}}]}<\/script>\n<!-- \/ Yoast SEO plugin. -->","yoast_head_json":{"title":"\u017diedas su Cushion deimantu (2.00 ct)","description":"\u0160is \u017eiedas su pagalv\u0117l\u0117s formos deimantu i\u0161siskiria \u0161velnia elegancija ir \u012fsp\u016bdingu spindesiu. Kiekvienas judesys atskleid\u017eia Cushion pj\u016bvio \u0161viesos \u017eaism\u0105.","robots":{"index":"index","follow":"follow","max-snippet":"max-snippet:-1","max-image-preview":"max-image-preview:large","max-video-preview":"max-video-preview:-1"},"canonical":"https:\/\/fashiongold.lt\/ru\/papuosalas\/ziedas-su-cushion-deimantu-200-ct\/","og_locale":"ru_RU","og_type":"article","og_title":"\u017diedas su Cushion deimantu (2.00 ct)","og_description":"\u0160is \u017eiedas su pagalv\u0117l\u0117s formos deimantu i\u0161siskiria \u0161velnia elegancija ir \u012fsp\u016bdingu spindesiu. Kiekvienas judesys atskleid\u017eia Cushion pj\u016bvio \u0161viesos \u017eaism\u0105.","og_url":"https:\/\/fashiongold.lt\/ru\/papuosalas\/ziedas-su-cushion-deimantu-200-ct\/","og_site_name":"FashionGold.lt","article_modified_time":"2026-03-06T11:55:33+00:00","og_image":[{"width":800,"height":800,"url":"https:\/\/fashiongold.lt\/wp-content\/uploads\/2025\/05\/Klasikinis-suzadetuviu-ziedas-su-deimantu-cushion-TD-1006-3.webp","type":"image\/png"}],"twitter_card":"summary_large_image","twitter_misc":{"\u041f\u0440\u0438\u043c\u0435\u0440\u043d\u043e\u0435 \u0432\u0440\u0435\u043c\u044f \u0434\u043b\u044f \u0447\u0442\u0435\u043d\u0438\u044f":"2 \u043c\u0438\u043d\u0443\u0442\u044b"},"schema":{"@context":"https:\/\/schema.org","@graph":[{"@type":"WebPage","@id":"https:\/\/fashiongold.lt\/ru\/papuosalas\/ziedas-su-cushion-deimantu-200-ct\/","url":"https:\/\/fashiongold.lt\/ru\/papuosalas\/ziedas-su-cushion-deimantu-200-ct\/","name":"\u017diedas su Cushion deimantu (2.00 ct)","isPartOf":{"@id":"https:\/\/fashiongold.lt\/ru\/#website"},"primaryImageOfPage":{"@id":"https:\/\/fashiongold.lt\/ru\/papuosalas\/ziedas-su-cushion-deimantu-200-ct\/#primaryimage"},"image":{"@id":"https:\/\/fashiongold.lt\/ru\/papuosalas\/ziedas-su-cushion-deimantu-200-ct\/#primaryimage"},"thumbnailUrl":"https:\/\/fashiongold.lt\/wp-content\/uploads\/2025\/05\/Klasikinis-suzadetuviu-ziedas-su-deimantu-cushion-TD-1006-3.png","datePublished":"2025-05-21T16:08:11+00:00","dateModified":"2026-03-06T11:55:33+00:00","description":"\u0160is \u017eiedas su pagalv\u0117l\u0117s formos deimantu i\u0161siskiria \u0161velnia elegancija ir \u012fsp\u016bdingu spindesiu. Kiekvienas judesys atskleid\u017eia Cushion pj\u016bvio \u0161viesos \u017eaism\u0105.","breadcrumb":{"@id":"https:\/\/fashiongold.lt\/ru\/papuosalas\/ziedas-su-cushion-deimantu-200-ct\/#breadcrumb"},"inLanguage":"ru-RU","potentialAction":[{"@type":"ReadAction","target":["https:\/\/fashiongold.lt\/ru\/papuosalas\/ziedas-su-cushion-deimantu-200-ct\/"]}]},{"@type":"ImageObject","inLanguage":"ru-RU","@id":"https:\/\/fashiongold.lt\/ru\/papuosalas\/ziedas-su-cushion-deimantu-200-ct\/#primaryimage","url":"https:\/\/fashiongold.lt\/wp-content\/uploads\/2025\/05\/Klasikinis-suzadetuviu-ziedas-su-deimantu-cushion-TD-1006-3.png","contentUrl":"https:\/\/fashiongold.lt\/wp-content\/uploads\/2025\/05\/Klasikinis-suzadetuviu-ziedas-su-deimantu-cushion-TD-1006-3.png","width":800,"height":800,"caption":"klasikinis balto aukso arba platinos su\u017ead\u0117tuvi\u0173 \u017eiedas su apvalios pagalv\u0117l\u0117s formos deimantu"},{"@type":"BreadcrumbList","@id":"https:\/\/fashiongold.lt\/ru\/papuosalas\/ziedas-su-cushion-deimantu-200-ct\/#breadcrumb","itemListElement":[{"@type":"ListItem","position":1,"name":"Home","item":"https:\/\/fashiongold.lt\/ru\/"},{"@type":"ListItem","position":2,"name":"\u041c\u0430\u0433\u0430\u0437\u0438\u043d \u0431\u0440\u0438\u043b\u043b\u0438\u0430\u043d\u0442\u043e\u0432 Fashiongold.lt","item":"https:\/\/fashiongold.lt\/shop-2\/"},{"@type":"ListItem","position":3,"name":"\u017diedas su Cushion deimantu (2.00 ct)"}]},{"@type":"WebSite","@id":"https:\/\/fashiongold.lt\/ru\/#website","url":"https:\/\/fashiongold.lt\/ru\/","name":"Fashion Gold","description":"Juvelyrikos namai","publisher":{"@id":"https:\/\/fashiongold.lt\/ru\/#organization"},"potentialAction":[{"@type":"SearchAction","target":{"@type":"EntryPoint","urlTemplate":"https:\/\/fashiongold.lt\/ru\/?s={search_term_string}"},"query-input":{"@type":"PropertyValueSpecification","valueRequired":true,"valueName":"search_term_string"}}],"inLanguage":"ru-RU"},{"@type":"Organization","@id":"https:\/\/fashiongold.lt\/ru\/#organization","name":"Topdiamonds Online","url":"https:\/\/fashiongold.lt\/ru\/","logo":{"@type":"ImageObject","inLanguage":"ru-RU","@id":"https:\/\/fashiongold.lt\/ru\/#\/schema\/logo\/image\/","url":"https:\/\/fashiongold.lt\/wp-content\/uploads\/2025\/04\/cropped-fashion_gold_logotipas2-scaled-1.png","contentUrl":"https:\/\/fashiongold.lt\/wp-content\/uploads\/2025\/04\/cropped-fashion_gold_logotipas2-scaled-1.png","width":2559,"height":421,"caption":"Topdiamonds Online"},"image":{"@id":"https:\/\/fashiongold.lt\/ru\/#\/schema\/logo\/image\/"}}]}},"_links":{"self":[{"href":"https:\/\/fashiongold.lt\/ru\/wp-json\/wp\/v2\/product\/13559","targetHints":{"allow":["GET"]}}],"collection":[{"href":"https:\/\/fashiongold.lt\/ru\/wp-json\/wp\/v2\/product"}],"about":[{"href":"https:\/\/fashiongold.lt\/ru\/wp-json\/wp\/v2\/types\/product"}],"version-history":[{"count":0,"href":"https:\/\/fashiongold.lt\/ru\/wp-json\/wp\/v2\/product\/13559\/revisions"}],"wp:featuredmedia":[{"embeddable":true,"href":"https:\/\/fashiongold.lt\/ru\/wp-json\/wp\/v2\/media\/263735"}],"wp:attachment":[{"href":"https:\/\/fashiongold.lt\/ru\/wp-json\/wp\/v2\/media?parent=13559"}],"wp:term":[{"taxonomy":"product_brand","embeddable":true,"href":"https:\/\/fashiongold.lt\/ru\/wp-json\/wp\/v2\/product_brand?post=13559"},{"taxonomy":"product_cat","embeddable":true,"href":"https:\/\/fashiongold.lt\/ru\/wp-json\/wp\/v2\/product_cat?post=13559"},{"taxonomy":"product_tag","embeddable":true,"href":"https:\/\/fashiongold.lt\/ru\/wp-json\/wp\/v2\/product_tag?post=13559"}],"curies":[{"name":"wp","href":"https:\/\/api.w.org\/{rel}","templated":true}]}}