{"id":25175,"date":"2025-07-12T13:13:15","date_gmt":"2025-07-12T13:13:15","guid":{"rendered":"https:\/\/fashiongold.lt\/?post_type=product&#038;p=25175"},"modified":"2026-02-25T16:00:09","modified_gmt":"2026-02-25T16:00:09","slug":"modernus-halo-suzadetuviu-ziedas-su-deimantu-emerald-1-00-ct","status":"publish","type":"product","link":"https:\/\/fashiongold.lt\/ru\/papuosalas\/modernus-halo-suzadetuviu-ziedas-su-deimantu-emerald-1-00-ct\/","title":{"rendered":"Modernus Halo su\u017ead\u0117tuvi\u0173 \u017eiedas su deimantu Emerald (1.00 ct)"},"content":{"rendered":"<p>Modernus Halo su\u017ead\u0117tuvi\u0173 \u017eiedas, gaminamas laikantis auk\u0161\u010diausi\u0173 juvelyrikos meistri\u0161kumo standart\u0173, u\u017etikrinant nepriekai\u0161ting\u0105 kokyb\u0119 ir precizi\u0161k\u0105 detali\u0173 apdirbim\u0105. Individual\u016bs sprendimai, \u012fskaitant auk\u0161tesn\u0117s kokyb\u0117s deimant\u0173 pasirinkim\u0105, galimi u\u017e papildom\u0105 mokest\u012f.<\/p>\n<p>\u2022 <strong><a href=\"https:\/\/fashiongold.lt\/ziedo-metalai\/\" target=\"_blank\" rel=\"noopener\">Taurieji\u00a0metalai<\/a><\/strong>: 14K (585 prabos), 18K (750 prabos), 900 platina<br \/>\n\u2022 <strong><a href=\"https:\/\/fashiongold.lt\/ziedo-aukso-spalva\/\" target=\"_blank\" rel=\"noopener\">Galimos aukso spalvos<\/a><\/strong>: baltas, raudonas, geltonas<br \/>\n\u2022 <strong><a href=\"https:\/\/fashiongold.lt\/ziedo-svoris\/\" target=\"_blank\" rel=\"noopener\">Apytiklsis \u017eiedo svoris<\/a><\/strong>: <span data-sheets-root=\"1\">apie 2.00 g &#8212; 3.50 g<\/span><br \/>\n\u2022 <span data-sheets-root=\"1\"><a href=\"https:\/\/fashiongold.lt\/ziedo-matmenys\/\" target=\"_blank\" rel=\"noopener\"><strong>Kar\u016bn\u0117l\u0117s plotis<\/strong><\/a>:<\/span> apie <span data-sheets-root=\"1\">6.75 mm x 4.75 mm<\/span><br \/>\n\u2022 <strong><a href=\"https:\/\/fashiongold.lt\/viskas-apie-suzadetuviu-ziedus\/deimantas_kitos_deimanto_formos\/\" target=\"_blank\" rel=\"noopener\">Deimanto forma ir pj\u016bvis<\/a><\/strong>: <span data-sheets-root=\"1\">Sta\u010diakamp\u0117s formos (<em>Emerald cut<\/em>)<\/span><br \/>\n\u2022 <strong><a href=\"https:\/\/fashiongold.lt\/deimantu-tipai\/\" target=\"_blank\" rel=\"noopener\">Deimanto kilm\u0117<\/a><\/strong>: Laboratorijoje u\u017eaugintas deimantas arba naturalus deimantas<br \/>\n\u2022 <strong><a href=\"https:\/\/fashiongold.lt\/deimanto-svoris-ir-charakteristika\/\" target=\"_blank\" rel=\"noopener\">Deimanto svoris ir charakteristika<\/a><\/strong> (galima keisti):<br \/>\nLaboratorijoje u\u017eaugintas deimantas su IGI sertifikatu: <span data-sheets-root=\"1\">0.70<\/span><span data-sheets-root=\"1\">\u00a0ct<\/span>\u00a0deimantas (spalva D-E, \u0161varumas VVS)<br \/>\nNat\u016bralus deimantas su GIA sertifikatu: <span data-sheets-root=\"1\">0.70<\/span>\u00a0ct deimantas (spalva G-I, \u0161varumas SI)<br \/>\n<span data-sheets-root=\"1\">Aplink centrin\u012f deimant\u0105 esan\u010diame Halo bei lankelyje esantys deimantai &#8212; apie 0.007 ct deimantai (galima keisti)<br \/>\nBendras deimant\u0173 svoris: 1.00 ct<br \/>\n<strong>Pastaba<\/strong>: perkant Halo stiliaus juvelyrik\u0105 galima bendro deimant\u0173 svorio paklaida: 0.98 ct &#8212; 1.02 ct<\/span><br \/>\n\u2022 Vienkartinis nemokamas <strong><a href=\"https:\/\/fashiongold.lt\/graviravimas\/\" target=\"_blank\" rel=\"noopener\">graviravimas<\/a><\/strong><br \/>\n\u2022 Vienkartinis nemokamas <strong><a href=\"https:\/\/fashiongold.lt\/ziedo-dydzio-keitimo-garantija\/\" target=\"_blank\" rel=\"noopener\">\u017eiedo dyd\u017eio keitimas<\/a><br \/>\n<\/strong>\u2022 Su\u017ead\u0117tuvi\u0173 \u017eiedo vidus yra su <strong><a href=\"https:\/\/fashiongold.lt\/ziedo-komforto-zona\/\" target=\"_blank\" rel=\"noopener\">komforto zona<\/a><\/strong><br \/>\n\u2022 <strong><a href=\"https:\/\/fashiongold.lt\/pristatymas-ir-grazinimas\/\" target=\"_blank\" rel=\"noopener\">Gamybos ir pristatymo terminas<\/a><\/strong>: nuo 14 darbo dien\u0173, skubos tvarka per 7 d.d.<\/p>\n<p data-start=\"1169\" data-end=\"1394\">Turite savo brangakmen\u012f ar auks\u0105? \u012evertinsime j\u016bs\u0173 med\u017eiagas ir atnaujinsime kain\u0105 \u2013 mok\u0117site tik u\u017e individual\u0173 su\u017ead\u0117tuvi\u0173 \u017eiedo gamybos proces\u0105. Norite pakeisti deimanto savybes pagal savo poreikius? <strong><a href=\"https:\/\/fashiongold.lt\/kontaktai\/\" target=\"_blank\" rel=\"noopener\">Susisiekite<\/a><\/strong> su m\u016bs\u0173 specialistais.<br \/>\nAtraskite plat\u0173 juvelyrikos su deimantais asortiment\u0105, pritaikyt\u0105 \u012fvairiems skoniams ir biud\u017eetams. Sukurkite i\u0161skirtin\u012f papuo\u0161al\u0105 su <a href=\"https:\/\/fashiongold.lt\/\" target=\"_blank\" rel=\"noopener\">FashionGold.lt<\/a>.<\/p>\n","protected":false},"excerpt":{"rendered":"<h2 data-start=\"2479\" data-end=\"2552\">Modernus Halo su\u017ead\u0117tuvi\u0173 \u017eiedas su 1.00 ct bendru deimant\u0173 svoriu<\/h2>\n<p data-start=\"2553\" data-end=\"2856\">\u0160is Halo su\u017ead\u0117tuvi\u0173 \u017eiedas pasi\u017eymi ai\u0161kiai matomu spindesiu ir i\u0161grynintu dizainu. Bendras deimant\u0173 svoris \u2013 1.00 ct, tod\u0117l su\u017ead\u0117tuvi\u0173 \u017eiedas atrodo solidus, bet i\u0161laiko eleganti\u0161k\u0105 proporcij\u0105. Halo vainik\u0117lis opti\u0161kai padidina centrin\u012f akmen\u012f, o papildomi moderniame \u017eiedo lankelyje esantys smulk\u016bs deimantai suteikia papildomo \u0161vyt\u0117jimo. Centre esantis <em>Emerald<\/em> pj\u016bvio deimantas tampa pagrindiniu \u0161io su\u017ead\u0117tuvi\u0173 \u017eiedo akcentu.<\/p>\n<h3 data-start=\"2936\" data-end=\"3003\">Sta\u010diakamp\u0117s formos deimanto i\u0161skirtinumas moderniame su\u017ead\u0117tuvi\u0173 \u017eiede<\/h3>\n<p data-start=\"3004\" data-end=\"3153\">Sta\u010diakamp\u0117s formos deimantas pasi\u017eymi ramia, gilia \u0161viesos sklaida. Tai suteikia \u0161iam moderniam Halo su\u017ead\u0117tuvi\u0173 \u017eiedui rafinuot\u0105 ir prabang\u0173 charakter\u012f.<\/p>\n","protected":false},"featured_media":19019,"template":"","meta":{"site-sidebar-layout":"default","site-content-layout":"","ast-site-content-layout":"default","site-content-style":"default","site-sidebar-style":"default","ast-global-header-display":"","ast-banner-title-visibility":"","ast-main-header-display":"","ast-hfb-above-header-display":"","ast-hfb-below-header-display":"","ast-hfb-mobile-header-display":"","site-post-title":"","ast-breadcrumbs-content":"","ast-featured-img":"","footer-sml-layout":"","ast-disable-related-posts":"","theme-transparent-header-meta":"default","adv-header-id-meta":"","stick-header-meta":"","header-above-stick-meta":"","header-main-stick-meta":"","header-below-stick-meta":"","astra-migrate-meta-layouts":"set","ast-page-background-enabled":"default","ast-page-background-meta":{"desktop":{"background-color":"var(--ast-global-color-4)","background-image":"","background-repeat":"repeat","background-position":"center center","background-size":"auto","background-attachment":"scroll","background-type":"","background-media":"","overlay-type":"","overlay-color":"","overlay-opacity":"","overlay-gradient":""},"tablet":{"background-color":"","background-image":"","background-repeat":"repeat","background-position":"center center","background-size":"auto","background-attachment":"scroll","background-type":"","background-media":"","overlay-type":"","overlay-color":"","overlay-opacity":"","overlay-gradient":""},"mobile":{"background-color":"","background-image":"","background-repeat":"repeat","background-position":"center center","background-size":"auto","background-attachment":"scroll","background-type":"","background-media":"","overlay-type":"","overlay-color":"","overlay-opacity":"","overlay-gradient":""}},"ast-content-background-meta":{"desktop":{"background-color":"var(--ast-global-color-5)","background-image":"","background-repeat":"repeat","background-position":"center center","background-size":"auto","background-attachment":"scroll","background-type":"","background-media":"","overlay-type":"","overlay-color":"","overlay-opacity":"","overlay-gradient":""},"tablet":{"background-color":"var(--ast-global-color-5)","background-image":"","background-repeat":"repeat","background-position":"center center","background-size":"auto","background-attachment":"scroll","background-type":"","background-media":"","overlay-type":"","overlay-color":"","overlay-opacity":"","overlay-gradient":""},"mobile":{"background-color":"var(--ast-global-color-5)","background-image":"","background-repeat":"repeat","background-position":"center center","background-size":"auto","background-attachment":"scroll","background-type":"","background-media":"","overlay-type":"","overlay-color":"","overlay-opacity":"","overlay-gradient":""}}},"product_brand":[],"product_cat":[2287,2309,2290,2324,2326,2343,2299,2334,2333,2261,2327,2303,2362,2332,2302],"product_tag":[],"class_list":{"0":"post-25175","1":"product","2":"type-product","3":"status-publish","4":"has-post-thumbnail","6":"product_cat-balto-aukso-juvelyrika","7":"product_cat-balto-aukso-suzadetuviu-ziedai","8":"product_cat-dovanos-ypatingoms-progoms","9":"product_cat-geltono-aukso-juvelyrika","10":"product_cat-geltono-aukso-suzadetuviu-ziedai","11":"product_cat-halo-formos-suzadetuviu-ziedai","12":"product_cat-juvelyrika","13":"product_cat-juvelyrika-su-laboratoriniais-deimantais","14":"product_cat-modernus-suzadetuviu-ziedai","15":"product_cat-raudono-aukso-juvelyrika","16":"product_cat-raudono-aukso-suzadetuviu-ziedai","17":"product_cat-suzadetuviu-ziedai","18":"product_cat-suzadetuviu-ziedai-su-deimantu","19":"product_cat-suzadetuviu-ziedai-su-laboratoriniais-deimantais","20":"product_cat-valentino-dienos-dovanos","21":"desktop-align-center","22":"tablet-align-left","23":"mobile-align-left","24":"ast-product-gallery-layout-horizontal-slider","25":"ast-product-single-variable","26":"ast-product-tabs-layout-accordion","27":"ast-qv-on-image","29":"first","30":"instock","31":"taxable","32":"shipping-taxable","33":"purchasable","34":"product-type-variable"},"yoast_head":"<!-- This site is optimized with the Yoast SEO plugin v26.6 - https:\/\/yoast.com\/wordpress\/plugins\/seo\/ -->\n<title>Modernus Halo su\u017ead\u0117tuvi\u0173 \u017eiedas su deimantu Emerald (1.00 ct)<\/title>\n<meta name=\"description\" content=\"Halo su\u017ead\u0117tuvi\u0173 \u017eiedas su 1.00 ct bendru deimant\u0173 svoriu ir centre spindin\u010diu Emerald pj\u016bvio deimantu \u2013 moderni klasika i\u0161skirtinei progai.\" \/>\n<meta name=\"robots\" content=\"index, follow, max-snippet:-1, max-image-preview:large, max-video-preview:-1\" \/>\n<link rel=\"canonical\" href=\"https:\/\/fashiongold.lt\/ru\/papuosalas\/modernus-halo-suzadetuviu-ziedas-su-deimantu-emerald-1-00-ct\/\" \/>\n<meta property=\"og:locale\" content=\"ru_RU\" \/>\n<meta property=\"og:type\" content=\"article\" \/>\n<meta property=\"og:title\" content=\"Modernus Halo su\u017ead\u0117tuvi\u0173 \u017eiedas su deimantu Emerald (1.00 ct)\" \/>\n<meta property=\"og:description\" content=\"Halo su\u017ead\u0117tuvi\u0173 \u017eiedas su 1.00 ct bendru deimant\u0173 svoriu ir centre spindin\u010diu Emerald pj\u016bvio deimantu \u2013 moderni klasika i\u0161skirtinei progai.\" \/>\n<meta property=\"og:url\" content=\"https:\/\/fashiongold.lt\/ru\/papuosalas\/modernus-halo-suzadetuviu-ziedas-su-deimantu-emerald-1-00-ct\/\" \/>\n<meta property=\"og:site_name\" content=\"FashionGold.lt\" \/>\n<meta property=\"article:modified_time\" content=\"2026-02-25T16:00:09+00:00\" \/>\n<meta property=\"og:image\" content=\"https:\/\/fashiongold.lt\/wp-content\/uploads\/2025\/06\/TDO-1070-modernus-halo-suzadetuviu-ziedas-su-deimantu-emerald-cut-9.webp\" \/>\n\t<meta property=\"og:image:width\" content=\"800\" \/>\n\t<meta property=\"og:image:height\" content=\"800\" \/>\n\t<meta property=\"og:image:type\" content=\"image\/jpeg\" \/>\n<meta name=\"twitter:card\" content=\"summary_large_image\" \/>\n<meta name=\"twitter:label1\" content=\"\u041f\u0440\u0438\u043c\u0435\u0440\u043d\u043e\u0435 \u0432\u0440\u0435\u043c\u044f \u0434\u043b\u044f \u0447\u0442\u0435\u043d\u0438\u044f\" \/>\n\t<meta name=\"twitter:data1\" content=\"1 \u043c\u0438\u043d\u0443\u0442\u0430\" \/>\n<script type=\"application\/ld+json\" class=\"yoast-schema-graph\">{\"@context\":\"https:\/\/schema.org\",\"@graph\":[{\"@type\":\"WebPage\",\"@id\":\"https:\/\/fashiongold.lt\/ru\/papuosalas\/modernus-halo-suzadetuviu-ziedas-su-deimantu-emerald-1-00-ct\/\",\"url\":\"https:\/\/fashiongold.lt\/ru\/papuosalas\/modernus-halo-suzadetuviu-ziedas-su-deimantu-emerald-1-00-ct\/\",\"name\":\"Modernus Halo su\u017ead\u0117tuvi\u0173 \u017eiedas su deimantu Emerald (1.00 ct)\",\"isPartOf\":{\"@id\":\"https:\/\/fashiongold.lt\/ru\/#website\"},\"primaryImageOfPage\":{\"@id\":\"https:\/\/fashiongold.lt\/ru\/papuosalas\/modernus-halo-suzadetuviu-ziedas-su-deimantu-emerald-1-00-ct\/#primaryimage\"},\"image\":{\"@id\":\"https:\/\/fashiongold.lt\/ru\/papuosalas\/modernus-halo-suzadetuviu-ziedas-su-deimantu-emerald-1-00-ct\/#primaryimage\"},\"thumbnailUrl\":\"https:\/\/fashiongold.lt\/wp-content\/uploads\/2025\/06\/TDO-1070-modernus-halo-suzadetuviu-ziedas-su-deimantu-emerald-cut-9.jpg\",\"datePublished\":\"2025-07-12T13:13:15+00:00\",\"dateModified\":\"2026-02-25T16:00:09+00:00\",\"description\":\"Halo su\u017ead\u0117tuvi\u0173 \u017eiedas su 1.00 ct bendru deimant\u0173 svoriu ir centre spindin\u010diu Emerald pj\u016bvio deimantu \u2013 moderni klasika i\u0161skirtinei progai.\",\"breadcrumb\":{\"@id\":\"https:\/\/fashiongold.lt\/ru\/papuosalas\/modernus-halo-suzadetuviu-ziedas-su-deimantu-emerald-1-00-ct\/#breadcrumb\"},\"inLanguage\":\"ru-RU\",\"potentialAction\":[{\"@type\":\"ReadAction\",\"target\":[\"https:\/\/fashiongold.lt\/ru\/papuosalas\/modernus-halo-suzadetuviu-ziedas-su-deimantu-emerald-1-00-ct\/\"]}]},{\"@type\":\"ImageObject\",\"inLanguage\":\"ru-RU\",\"@id\":\"https:\/\/fashiongold.lt\/ru\/papuosalas\/modernus-halo-suzadetuviu-ziedas-su-deimantu-emerald-1-00-ct\/#primaryimage\",\"url\":\"https:\/\/fashiongold.lt\/wp-content\/uploads\/2025\/06\/TDO-1070-modernus-halo-suzadetuviu-ziedas-su-deimantu-emerald-cut-9.jpg\",\"contentUrl\":\"https:\/\/fashiongold.lt\/wp-content\/uploads\/2025\/06\/TDO-1070-modernus-halo-suzadetuviu-ziedas-su-deimantu-emerald-cut-9.jpg\",\"width\":800,\"height\":800,\"caption\":\"Modernus su\u017ead\u0117tuvi\u0173 \u017eiedas su deimantais ir halo juostele i\u0161 balto aukso arba platinos - emerald cut\"},{\"@type\":\"BreadcrumbList\",\"@id\":\"https:\/\/fashiongold.lt\/ru\/papuosalas\/modernus-halo-suzadetuviu-ziedas-su-deimantu-emerald-1-00-ct\/#breadcrumb\",\"itemListElement\":[{\"@type\":\"ListItem\",\"position\":1,\"name\":\"Home\",\"item\":\"https:\/\/fashiongold.lt\/ru\/\"},{\"@type\":\"ListItem\",\"position\":2,\"name\":\"\u041c\u0430\u0433\u0430\u0437\u0438\u043d \u0431\u0440\u0438\u043b\u043b\u0438\u0430\u043d\u0442\u043e\u0432 Fashiongold.lt\",\"item\":\"https:\/\/fashiongold.lt\/shop-2\/\"},{\"@type\":\"ListItem\",\"position\":3,\"name\":\"Modernus Halo su\u017ead\u0117tuvi\u0173 \u017eiedas su deimantu Emerald (1.00 ct)\"}]},{\"@type\":\"WebSite\",\"@id\":\"https:\/\/fashiongold.lt\/ru\/#website\",\"url\":\"https:\/\/fashiongold.lt\/ru\/\",\"name\":\"Fashion Gold\",\"description\":\"Juvelyrikos namai\",\"publisher\":{\"@id\":\"https:\/\/fashiongold.lt\/ru\/#organization\"},\"potentialAction\":[{\"@type\":\"SearchAction\",\"target\":{\"@type\":\"EntryPoint\",\"urlTemplate\":\"https:\/\/fashiongold.lt\/ru\/?s={search_term_string}\"},\"query-input\":{\"@type\":\"PropertyValueSpecification\",\"valueRequired\":true,\"valueName\":\"search_term_string\"}}],\"inLanguage\":\"ru-RU\"},{\"@type\":\"Organization\",\"@id\":\"https:\/\/fashiongold.lt\/ru\/#organization\",\"name\":\"Topdiamonds Online\",\"url\":\"https:\/\/fashiongold.lt\/ru\/\",\"logo\":{\"@type\":\"ImageObject\",\"inLanguage\":\"ru-RU\",\"@id\":\"https:\/\/fashiongold.lt\/ru\/#\/schema\/logo\/image\/\",\"url\":\"https:\/\/fashiongold.lt\/wp-content\/uploads\/2025\/04\/cropped-fashion_gold_logotipas2-scaled-1.png\",\"contentUrl\":\"https:\/\/fashiongold.lt\/wp-content\/uploads\/2025\/04\/cropped-fashion_gold_logotipas2-scaled-1.png\",\"width\":2559,\"height\":421,\"caption\":\"Topdiamonds Online\"},\"image\":{\"@id\":\"https:\/\/fashiongold.lt\/ru\/#\/schema\/logo\/image\/\"}}]}<\/script>\n<!-- \/ Yoast SEO plugin. -->","yoast_head_json":{"title":"Modernus Halo su\u017ead\u0117tuvi\u0173 \u017eiedas su deimantu Emerald (1.00 ct)","description":"Halo su\u017ead\u0117tuvi\u0173 \u017eiedas su 1.00 ct bendru deimant\u0173 svoriu ir centre spindin\u010diu Emerald pj\u016bvio deimantu \u2013 moderni klasika i\u0161skirtinei progai.","robots":{"index":"index","follow":"follow","max-snippet":"max-snippet:-1","max-image-preview":"max-image-preview:large","max-video-preview":"max-video-preview:-1"},"canonical":"https:\/\/fashiongold.lt\/ru\/papuosalas\/modernus-halo-suzadetuviu-ziedas-su-deimantu-emerald-1-00-ct\/","og_locale":"ru_RU","og_type":"article","og_title":"Modernus Halo su\u017ead\u0117tuvi\u0173 \u017eiedas su deimantu Emerald (1.00 ct)","og_description":"Halo su\u017ead\u0117tuvi\u0173 \u017eiedas su 1.00 ct bendru deimant\u0173 svoriu ir centre spindin\u010diu Emerald pj\u016bvio deimantu \u2013 moderni klasika i\u0161skirtinei progai.","og_url":"https:\/\/fashiongold.lt\/ru\/papuosalas\/modernus-halo-suzadetuviu-ziedas-su-deimantu-emerald-1-00-ct\/","og_site_name":"FashionGold.lt","article_modified_time":"2026-02-25T16:00:09+00:00","og_image":[{"width":800,"height":800,"url":"https:\/\/fashiongold.lt\/wp-content\/uploads\/2025\/06\/TDO-1070-modernus-halo-suzadetuviu-ziedas-su-deimantu-emerald-cut-9.webp","type":"image\/jpeg"}],"twitter_card":"summary_large_image","twitter_misc":{"\u041f\u0440\u0438\u043c\u0435\u0440\u043d\u043e\u0435 \u0432\u0440\u0435\u043c\u044f \u0434\u043b\u044f \u0447\u0442\u0435\u043d\u0438\u044f":"1 \u043c\u0438\u043d\u0443\u0442\u0430"},"schema":{"@context":"https:\/\/schema.org","@graph":[{"@type":"WebPage","@id":"https:\/\/fashiongold.lt\/ru\/papuosalas\/modernus-halo-suzadetuviu-ziedas-su-deimantu-emerald-1-00-ct\/","url":"https:\/\/fashiongold.lt\/ru\/papuosalas\/modernus-halo-suzadetuviu-ziedas-su-deimantu-emerald-1-00-ct\/","name":"Modernus Halo su\u017ead\u0117tuvi\u0173 \u017eiedas su deimantu Emerald (1.00 ct)","isPartOf":{"@id":"https:\/\/fashiongold.lt\/ru\/#website"},"primaryImageOfPage":{"@id":"https:\/\/fashiongold.lt\/ru\/papuosalas\/modernus-halo-suzadetuviu-ziedas-su-deimantu-emerald-1-00-ct\/#primaryimage"},"image":{"@id":"https:\/\/fashiongold.lt\/ru\/papuosalas\/modernus-halo-suzadetuviu-ziedas-su-deimantu-emerald-1-00-ct\/#primaryimage"},"thumbnailUrl":"https:\/\/fashiongold.lt\/wp-content\/uploads\/2025\/06\/TDO-1070-modernus-halo-suzadetuviu-ziedas-su-deimantu-emerald-cut-9.jpg","datePublished":"2025-07-12T13:13:15+00:00","dateModified":"2026-02-25T16:00:09+00:00","description":"Halo su\u017ead\u0117tuvi\u0173 \u017eiedas su 1.00 ct bendru deimant\u0173 svoriu ir centre spindin\u010diu Emerald pj\u016bvio deimantu \u2013 moderni klasika i\u0161skirtinei progai.","breadcrumb":{"@id":"https:\/\/fashiongold.lt\/ru\/papuosalas\/modernus-halo-suzadetuviu-ziedas-su-deimantu-emerald-1-00-ct\/#breadcrumb"},"inLanguage":"ru-RU","potentialAction":[{"@type":"ReadAction","target":["https:\/\/fashiongold.lt\/ru\/papuosalas\/modernus-halo-suzadetuviu-ziedas-su-deimantu-emerald-1-00-ct\/"]}]},{"@type":"ImageObject","inLanguage":"ru-RU","@id":"https:\/\/fashiongold.lt\/ru\/papuosalas\/modernus-halo-suzadetuviu-ziedas-su-deimantu-emerald-1-00-ct\/#primaryimage","url":"https:\/\/fashiongold.lt\/wp-content\/uploads\/2025\/06\/TDO-1070-modernus-halo-suzadetuviu-ziedas-su-deimantu-emerald-cut-9.jpg","contentUrl":"https:\/\/fashiongold.lt\/wp-content\/uploads\/2025\/06\/TDO-1070-modernus-halo-suzadetuviu-ziedas-su-deimantu-emerald-cut-9.jpg","width":800,"height":800,"caption":"Modernus su\u017ead\u0117tuvi\u0173 \u017eiedas su deimantais ir halo juostele i\u0161 balto aukso arba platinos - emerald cut"},{"@type":"BreadcrumbList","@id":"https:\/\/fashiongold.lt\/ru\/papuosalas\/modernus-halo-suzadetuviu-ziedas-su-deimantu-emerald-1-00-ct\/#breadcrumb","itemListElement":[{"@type":"ListItem","position":1,"name":"Home","item":"https:\/\/fashiongold.lt\/ru\/"},{"@type":"ListItem","position":2,"name":"\u041c\u0430\u0433\u0430\u0437\u0438\u043d \u0431\u0440\u0438\u043b\u043b\u0438\u0430\u043d\u0442\u043e\u0432 Fashiongold.lt","item":"https:\/\/fashiongold.lt\/shop-2\/"},{"@type":"ListItem","position":3,"name":"Modernus Halo su\u017ead\u0117tuvi\u0173 \u017eiedas su deimantu Emerald (1.00 ct)"}]},{"@type":"WebSite","@id":"https:\/\/fashiongold.lt\/ru\/#website","url":"https:\/\/fashiongold.lt\/ru\/","name":"Fashion Gold","description":"Juvelyrikos namai","publisher":{"@id":"https:\/\/fashiongold.lt\/ru\/#organization"},"potentialAction":[{"@type":"SearchAction","target":{"@type":"EntryPoint","urlTemplate":"https:\/\/fashiongold.lt\/ru\/?s={search_term_string}"},"query-input":{"@type":"PropertyValueSpecification","valueRequired":true,"valueName":"search_term_string"}}],"inLanguage":"ru-RU"},{"@type":"Organization","@id":"https:\/\/fashiongold.lt\/ru\/#organization","name":"Topdiamonds Online","url":"https:\/\/fashiongold.lt\/ru\/","logo":{"@type":"ImageObject","inLanguage":"ru-RU","@id":"https:\/\/fashiongold.lt\/ru\/#\/schema\/logo\/image\/","url":"https:\/\/fashiongold.lt\/wp-content\/uploads\/2025\/04\/cropped-fashion_gold_logotipas2-scaled-1.png","contentUrl":"https:\/\/fashiongold.lt\/wp-content\/uploads\/2025\/04\/cropped-fashion_gold_logotipas2-scaled-1.png","width":2559,"height":421,"caption":"Topdiamonds Online"},"image":{"@id":"https:\/\/fashiongold.lt\/ru\/#\/schema\/logo\/image\/"}}]}},"_links":{"self":[{"href":"https:\/\/fashiongold.lt\/ru\/wp-json\/wp\/v2\/product\/25175","targetHints":{"allow":["GET"]}}],"collection":[{"href":"https:\/\/fashiongold.lt\/ru\/wp-json\/wp\/v2\/product"}],"about":[{"href":"https:\/\/fashiongold.lt\/ru\/wp-json\/wp\/v2\/types\/product"}],"version-history":[{"count":0,"href":"https:\/\/fashiongold.lt\/ru\/wp-json\/wp\/v2\/product\/25175\/revisions"}],"wp:featuredmedia":[{"embeddable":true,"href":"https:\/\/fashiongold.lt\/ru\/wp-json\/wp\/v2\/media\/19019"}],"wp:attachment":[{"href":"https:\/\/fashiongold.lt\/ru\/wp-json\/wp\/v2\/media?parent=25175"}],"wp:term":[{"taxonomy":"product_brand","embeddable":true,"href":"https:\/\/fashiongold.lt\/ru\/wp-json\/wp\/v2\/product_brand?post=25175"},{"taxonomy":"product_cat","embeddable":true,"href":"https:\/\/fashiongold.lt\/ru\/wp-json\/wp\/v2\/product_cat?post=25175"},{"taxonomy":"product_tag","embeddable":true,"href":"https:\/\/fashiongold.lt\/ru\/wp-json\/wp\/v2\/product_tag?post=25175"}],"curies":[{"name":"wp","href":"https:\/\/api.w.org\/{rel}","templated":true}]}}