{"id":286093,"date":"2025-10-09T16:59:54","date_gmt":"2025-10-09T16:59:54","guid":{"rendered":"https:\/\/fashiongold.lt\/papuosalas\/%d0%b1%d1%80%d0%b8%d0%bb%d0%bb%d0%b8%d0%b0%d0%bd%d1%82%d0%be%d0%b2%d0%b0%d1%8f-%d0%b4%d0%be%d1%80%d0%be%d0%b6%d0%ba%d0%b0-%d1%81-20-%d0%b1%d1%80%d0%b8%d0%bb%d0%bb%d0%b8%d0%b0%d0%bd%d1%82%d0%b0%d0%bc\/"},"modified":"2025-10-09T16:59:54","modified_gmt":"2025-10-09T16:59:54","slug":"%d0%b1%d1%80%d0%b8%d0%bb%d0%bb%d0%b8%d0%b0%d0%bd%d1%82%d0%be%d0%b2%d0%b0%d1%8f-%d0%b4%d0%be%d1%80%d0%be%d0%b6%d0%ba%d0%b0-%d1%81-20-%d0%b1%d1%80%d0%b8%d0%bb%d0%bb%d0%b8%d0%b0%d0%bd%d1%82%d0%b0%d0%bc","status":"publish","type":"product","link":"https:\/\/fashiongold.lt\/ru\/papuosalas\/%d0%b1%d1%80%d0%b8%d0%bb%d0%bb%d0%b8%d0%b0%d0%bd%d1%82%d0%be%d0%b2%d0%b0%d1%8f-%d0%b4%d0%be%d1%80%d0%be%d0%b6%d0%ba%d0%b0-%d1%81-20-%d0%b1%d1%80%d0%b8%d0%bb%d0%bb%d0%b8%d0%b0%d0%bd%d1%82%d0%b0%d0%bc\/","title":{"rendered":"\u0411\u0420\u0418\u041b\u041b\u0418\u0410\u041d\u0422\u041e\u0412\u0410\u042f \u0414\u041e\u0420\u041e\u0416\u041a\u0410 \u0441 20 \u0431\u0440\u0438\u043b\u043b\u0438\u0430\u043d\u0442\u0430\u043c\u0438"},"content":{"rendered":"<p>\u042d\u043b\u0435\u0433\u0430\u043d\u0442\u043d\u0430\u044f \u0431\u0440\u0438\u043b\u043b\u0438\u0430\u043d\u0442\u043e\u0432\u0430\u044f \u0434\u043e\u0440\u043e\u0436\u043a\u0430 \u043e\u0442 \u00abFashion Gold\u00bb, \u0443\u043a\u0440\u0430\u0448\u0435\u043d\u043d\u0430\u044f 20 \u0431\u0440\u0438\u043b\u043b\u0438\u0430\u043d\u0442\u0430\u043c\u0438, \u0432\u0435\u0441 \u043a\u0430\u0436\u0434\u043e\u0433\u043e \u0438\u0437 \u043a\u043e\u0442\u043e\u0440\u044b\u0445 \u0441\u043e\u0441\u0442\u0430\u0432\u043b\u044f\u0435\u0442 0,005 ct<\/p>\n","protected":false},"excerpt":{"rendered":"<p>\u0411\u0440\u0438\u043b\u043b\u0438\u0430\u043d\u0442\u043e\u0432\u0430\u044f \u0434\u043e\u0440\u043e\u0436\u043a\u0430 \u0434\u0430\u0436\u0435 \u0441 20 \u0431\u0440\u0438\u043b\u043b\u0438\u0430\u043d\u0442\u0430\u043c\u0438!<\/p>\n","protected":false},"featured_media":1140928,"template":"","meta":{"site-sidebar-layout":"default","site-content-layout":"","ast-site-content-layout":"default","site-content-style":"default","site-sidebar-style":"default","ast-global-header-display":"","ast-banner-title-visibility":"","ast-main-header-display":"","ast-hfb-above-header-display":"","ast-hfb-below-header-display":"","ast-hfb-mobile-header-display":"","site-post-title":"","ast-breadcrumbs-content":"","ast-featured-img":"","footer-sml-layout":"","ast-disable-related-posts":"","theme-transparent-header-meta":"default","adv-header-id-meta":"","stick-header-meta":"","header-above-stick-meta":"","header-main-stick-meta":"","header-below-stick-meta":"","astra-migrate-meta-layouts":"default","ast-page-background-enabled":"default","ast-page-background-meta":{"desktop":{"background-color":"var(--ast-global-color-4)","background-image":"","background-repeat":"repeat","background-position":"center center","background-size":"auto","background-attachment":"scroll","background-type":"","background-media":"","overlay-type":"","overlay-color":"","overlay-opacity":"","overlay-gradient":""},"tablet":{"background-color":"","background-image":"","background-repeat":"repeat","background-position":"center center","background-size":"auto","background-attachment":"scroll","background-type":"","background-media":"","overlay-type":"","overlay-color":"","overlay-opacity":"","overlay-gradient":""},"mobile":{"background-color":"","background-image":"","background-repeat":"repeat","background-position":"center center","background-size":"auto","background-attachment":"scroll","background-type":"","background-media":"","overlay-type":"","overlay-color":"","overlay-opacity":"","overlay-gradient":""}},"ast-content-background-meta":{"desktop":{"background-color":"var(--ast-global-color-5)","background-image":"","background-repeat":"repeat","background-position":"center center","background-size":"auto","background-attachment":"scroll","background-type":"","background-media":"","overlay-type":"","overlay-color":"","overlay-opacity":"","overlay-gradient":""},"tablet":{"background-color":"var(--ast-global-color-5)","background-image":"","background-repeat":"repeat","background-position":"center center","background-size":"auto","background-attachment":"scroll","background-type":"","background-media":"","overlay-type":"","overlay-color":"","overlay-opacity":"","overlay-gradient":""},"mobile":{"background-color":"var(--ast-global-color-5)","background-image":"","background-repeat":"repeat","background-position":"center center","background-size":"auto","background-attachment":"scroll","background-type":"","background-media":"","overlay-type":"","overlay-color":"","overlay-opacity":"","overlay-gradient":""}}},"product_brand":[],"product_cat":[3014,3722,3017,3020,3267,3322,3216,3362,3831,3323,3946,3815,2944,2947,2954,3005,3002,3000,2943,2955,2999,3172,3196,3001,3009,2953],"product_tag":[],"class_list":{"0":"post-286093","1":"product","2":"type-product","3":"status-publish","4":"has-post-thumbnail","6":"product_cat-3014","7":"product_cat-3722","8":"product_cat-3017","9":"product_cat-3020","10":"product_cat-3267","11":"product_cat-3322","12":"product_cat-3216","13":"product_cat-3362","14":"product_cat-3831","15":"product_cat-3323","16":"product_cat-3946","17":"product_cat-----ru","18":"product_cat-2944","19":"product_cat-2947","20":"product_cat-2954","21":"product_cat-3005","22":"product_cat-3002","23":"product_cat-3000","24":"product_cat-2943","25":"product_cat-2955","26":"product_cat-2999","27":"product_cat-3172","28":"product_cat-3196","29":"product_cat-3001","30":"product_cat-3009","31":"product_cat-2953","32":"desktop-align-center","33":"tablet-align-left","34":"mobile-align-left","35":"ast-product-gallery-layout-horizontal-slider","36":"ast-product-single-variable","37":"ast-product-tabs-layout-accordion","38":"ast-qv-on-image","40":"first","41":"instock","42":"taxable","43":"shipping-taxable","44":"purchasable","45":"product-type-variable","46":"has-default-attributes"},"yoast_head":"<!-- This site is optimized with the Yoast SEO plugin v26.6 - https:\/\/yoast.com\/wordpress\/plugins\/seo\/ -->\n<title>\u0411\u0420\u0418\u041b\u041b\u0418\u0410\u041d\u0422\u041e\u0412\u0410\u042f \u0414\u041e\u0420\u041e\u0416\u041a\u0410 \u0441 20 \u0431\u0440\u0438\u043b\u043b\u0438\u0430\u043d\u0442\u0430\u043c\u0438 - FashionGold.lt<\/title>\n<meta name=\"robots\" content=\"index, follow, max-snippet:-1, max-image-preview:large, max-video-preview:-1\" \/>\n<link rel=\"canonical\" href=\"https:\/\/fashiongold.lt\/ru\/papuosalas\/%d0%b1%d1%80%d0%b8%d0%bb%d0%bb%d0%b8%d0%b0%d0%bd%d1%82%d0%be%d0%b2%d0%b0%d1%8f-%d0%b4%d0%be%d1%80%d0%be%d0%b6%d0%ba%d0%b0-%d1%81-20-%d0%b1%d1%80%d0%b8%d0%bb%d0%bb%d0%b8%d0%b0%d0%bd%d1%82%d0%b0%d0%bc\/\" \/>\n<meta property=\"og:locale\" content=\"ru_RU\" \/>\n<meta property=\"og:type\" content=\"article\" \/>\n<meta property=\"og:title\" content=\"\u0411\u0420\u0418\u041b\u041b\u0418\u0410\u041d\u0422\u041e\u0412\u0410\u042f \u0414\u041e\u0420\u041e\u0416\u041a\u0410 \u0441 20 \u0431\u0440\u0438\u043b\u043b\u0438\u0430\u043d\u0442\u0430\u043c\u0438 - FashionGold.lt\" \/>\n<meta property=\"og:description\" content=\"\u0411\u0440\u0438\u043b\u043b\u0438\u0430\u043d\u0442\u043e\u0432\u0430\u044f \u0434\u043e\u0440\u043e\u0436\u043a\u0430 \u0434\u0430\u0436\u0435 \u0441 20 \u0431\u0440\u0438\u043b\u043b\u0438\u0430\u043d\u0442\u0430\u043c\u0438!\" \/>\n<meta property=\"og:url\" content=\"https:\/\/fashiongold.lt\/ru\/papuosalas\/%d0%b1%d1%80%d0%b8%d0%bb%d0%bb%d0%b8%d0%b0%d0%bd%d1%82%d0%be%d0%b2%d0%b0%d1%8f-%d0%b4%d0%be%d1%80%d0%be%d0%b6%d0%ba%d0%b0-%d1%81-20-%d0%b1%d1%80%d0%b8%d0%bb%d0%bb%d0%b8%d0%b0%d0%bd%d1%82%d0%b0%d0%bc\/\" \/>\n<meta property=\"og:site_name\" content=\"FashionGold.lt\" \/>\n<meta property=\"og:image\" content=\"https:\/\/fashiongold.lt\/wp-content\/uploads\/2025\/10\/10228-552-raudono-aukso-deimantine-juostele.webp\" \/>\n\t<meta property=\"og:image:width\" content=\"1000\" \/>\n\t<meta property=\"og:image:height\" content=\"1000\" \/>\n\t<meta property=\"og:image:type\" content=\"image\/png\" \/>\n<meta name=\"twitter:card\" content=\"summary_large_image\" \/>\n<script type=\"application\/ld+json\" class=\"yoast-schema-graph\">{\"@context\":\"https:\/\/schema.org\",\"@graph\":[{\"@type\":\"WebPage\",\"@id\":\"https:\/\/fashiongold.lt\/ru\/papuosalas\/%d0%b1%d1%80%d0%b8%d0%bb%d0%bb%d0%b8%d0%b0%d0%bd%d1%82%d0%be%d0%b2%d0%b0%d1%8f-%d0%b4%d0%be%d1%80%d0%be%d0%b6%d0%ba%d0%b0-%d1%81-20-%d0%b1%d1%80%d0%b8%d0%bb%d0%bb%d0%b8%d0%b0%d0%bd%d1%82%d0%b0%d0%bc\/\",\"url\":\"https:\/\/fashiongold.lt\/ru\/papuosalas\/%d0%b1%d1%80%d0%b8%d0%bb%d0%bb%d0%b8%d0%b0%d0%bd%d1%82%d0%be%d0%b2%d0%b0%d1%8f-%d0%b4%d0%be%d1%80%d0%be%d0%b6%d0%ba%d0%b0-%d1%81-20-%d0%b1%d1%80%d0%b8%d0%bb%d0%bb%d0%b8%d0%b0%d0%bd%d1%82%d0%b0%d0%bc\/\",\"name\":\"\u0411\u0420\u0418\u041b\u041b\u0418\u0410\u041d\u0422\u041e\u0412\u0410\u042f \u0414\u041e\u0420\u041e\u0416\u041a\u0410 \u0441 20 \u0431\u0440\u0438\u043b\u043b\u0438\u0430\u043d\u0442\u0430\u043c\u0438 - FashionGold.lt\",\"isPartOf\":{\"@id\":\"https:\/\/fashiongold.lt\/ru\/#website\"},\"primaryImageOfPage\":{\"@id\":\"https:\/\/fashiongold.lt\/ru\/papuosalas\/%d0%b1%d1%80%d0%b8%d0%bb%d0%bb%d0%b8%d0%b0%d0%bd%d1%82%d0%be%d0%b2%d0%b0%d1%8f-%d0%b4%d0%be%d1%80%d0%be%d0%b6%d0%ba%d0%b0-%d1%81-20-%d0%b1%d1%80%d0%b8%d0%bb%d0%bb%d0%b8%d0%b0%d0%bd%d1%82%d0%b0%d0%bc\/#primaryimage\"},\"image\":{\"@id\":\"https:\/\/fashiongold.lt\/ru\/papuosalas\/%d0%b1%d1%80%d0%b8%d0%bb%d0%bb%d0%b8%d0%b0%d0%bd%d1%82%d0%be%d0%b2%d0%b0%d1%8f-%d0%b4%d0%be%d1%80%d0%be%d0%b6%d0%ba%d0%b0-%d1%81-20-%d0%b1%d1%80%d0%b8%d0%bb%d0%bb%d0%b8%d0%b0%d0%bd%d1%82%d0%b0%d0%bc\/#primaryimage\"},\"thumbnailUrl\":\"https:\/\/fashiongold.lt\/wp-content\/uploads\/2025\/10\/DEIMANTINE-JUOSTELE-su-20-briliantu-e1777835814521.png\",\"datePublished\":\"2025-10-09T16:59:54+00:00\",\"breadcrumb\":{\"@id\":\"https:\/\/fashiongold.lt\/ru\/papuosalas\/%d0%b1%d1%80%d0%b8%d0%bb%d0%bb%d0%b8%d0%b0%d0%bd%d1%82%d0%be%d0%b2%d0%b0%d1%8f-%d0%b4%d0%be%d1%80%d0%be%d0%b6%d0%ba%d0%b0-%d1%81-20-%d0%b1%d1%80%d0%b8%d0%bb%d0%bb%d0%b8%d0%b0%d0%bd%d1%82%d0%b0%d0%bc\/#breadcrumb\"},\"inLanguage\":\"ru-RU\",\"potentialAction\":[{\"@type\":\"ReadAction\",\"target\":[\"https:\/\/fashiongold.lt\/ru\/papuosalas\/%d0%b1%d1%80%d0%b8%d0%bb%d0%bb%d0%b8%d0%b0%d0%bd%d1%82%d0%be%d0%b2%d0%b0%d1%8f-%d0%b4%d0%be%d1%80%d0%be%d0%b6%d0%ba%d0%b0-%d1%81-20-%d0%b1%d1%80%d0%b8%d0%bb%d0%bb%d0%b8%d0%b0%d0%bd%d1%82%d0%b0%d0%bc\/\"]}]},{\"@type\":\"ImageObject\",\"inLanguage\":\"ru-RU\",\"@id\":\"https:\/\/fashiongold.lt\/ru\/papuosalas\/%d0%b1%d1%80%d0%b8%d0%bb%d0%bb%d0%b8%d0%b0%d0%bd%d1%82%d0%be%d0%b2%d0%b0%d1%8f-%d0%b4%d0%be%d1%80%d0%be%d0%b6%d0%ba%d0%b0-%d1%81-20-%d0%b1%d1%80%d0%b8%d0%bb%d0%bb%d0%b8%d0%b0%d0%bd%d1%82%d0%b0%d0%bc\/#primaryimage\",\"url\":\"https:\/\/fashiongold.lt\/wp-content\/uploads\/2025\/10\/DEIMANTINE-JUOSTELE-su-20-briliantu-e1777835814521.png\",\"contentUrl\":\"https:\/\/fashiongold.lt\/wp-content\/uploads\/2025\/10\/DEIMANTINE-JUOSTELE-su-20-briliantu-e1777835814521.png\",\"width\":1254,\"height\":1254,\"caption\":\"DEIMANTIN\u0116 JUOSTEL\u0116 su 20 briliant\u0173 raudonas auksas\"},{\"@type\":\"BreadcrumbList\",\"@id\":\"https:\/\/fashiongold.lt\/ru\/papuosalas\/%d0%b1%d1%80%d0%b8%d0%bb%d0%bb%d0%b8%d0%b0%d0%bd%d1%82%d0%be%d0%b2%d0%b0%d1%8f-%d0%b4%d0%be%d1%80%d0%be%d0%b6%d0%ba%d0%b0-%d1%81-20-%d0%b1%d1%80%d0%b8%d0%bb%d0%bb%d0%b8%d0%b0%d0%bd%d1%82%d0%b0%d0%bc\/#breadcrumb\",\"itemListElement\":[{\"@type\":\"ListItem\",\"position\":1,\"name\":\"Home\",\"item\":\"https:\/\/fashiongold.lt\/ru\/\"},{\"@type\":\"ListItem\",\"position\":2,\"name\":\"\u041c\u0430\u0433\u0430\u0437\u0438\u043d \u0431\u0440\u0438\u043b\u043b\u0438\u0430\u043d\u0442\u043e\u0432 Fashiongold.lt\",\"item\":\"https:\/\/fashiongold.lt\/shop-2\/\"},{\"@type\":\"ListItem\",\"position\":3,\"name\":\"\u0411\u0420\u0418\u041b\u041b\u0418\u0410\u041d\u0422\u041e\u0412\u0410\u042f \u0414\u041e\u0420\u041e\u0416\u041a\u0410 \u0441 20 \u0431\u0440\u0438\u043b\u043b\u0438\u0430\u043d\u0442\u0430\u043c\u0438\"}]},{\"@type\":\"WebSite\",\"@id\":\"https:\/\/fashiongold.lt\/ru\/#website\",\"url\":\"https:\/\/fashiongold.lt\/ru\/\",\"name\":\"Fashion Gold\",\"description\":\"Juvelyrikos namai\",\"publisher\":{\"@id\":\"https:\/\/fashiongold.lt\/ru\/#organization\"},\"potentialAction\":[{\"@type\":\"SearchAction\",\"target\":{\"@type\":\"EntryPoint\",\"urlTemplate\":\"https:\/\/fashiongold.lt\/ru\/?s={search_term_string}\"},\"query-input\":{\"@type\":\"PropertyValueSpecification\",\"valueRequired\":true,\"valueName\":\"search_term_string\"}}],\"inLanguage\":\"ru-RU\"},{\"@type\":\"Organization\",\"@id\":\"https:\/\/fashiongold.lt\/ru\/#organization\",\"name\":\"Topdiamonds Online\",\"url\":\"https:\/\/fashiongold.lt\/ru\/\",\"logo\":{\"@type\":\"ImageObject\",\"inLanguage\":\"ru-RU\",\"@id\":\"https:\/\/fashiongold.lt\/ru\/#\/schema\/logo\/image\/\",\"url\":\"https:\/\/fashiongold.lt\/wp-content\/uploads\/2025\/04\/cropped-fashion_gold_logotipas2-scaled-1.png\",\"contentUrl\":\"https:\/\/fashiongold.lt\/wp-content\/uploads\/2025\/04\/cropped-fashion_gold_logotipas2-scaled-1.png\",\"width\":2559,\"height\":421,\"caption\":\"Topdiamonds Online\"},\"image\":{\"@id\":\"https:\/\/fashiongold.lt\/ru\/#\/schema\/logo\/image\/\"}}]}<\/script>\n<!-- \/ Yoast SEO plugin. -->","yoast_head_json":{"title":"\u0411\u0420\u0418\u041b\u041b\u0418\u0410\u041d\u0422\u041e\u0412\u0410\u042f \u0414\u041e\u0420\u041e\u0416\u041a\u0410 \u0441 20 \u0431\u0440\u0438\u043b\u043b\u0438\u0430\u043d\u0442\u0430\u043c\u0438 - FashionGold.lt","robots":{"index":"index","follow":"follow","max-snippet":"max-snippet:-1","max-image-preview":"max-image-preview:large","max-video-preview":"max-video-preview:-1"},"canonical":"https:\/\/fashiongold.lt\/ru\/papuosalas\/%d0%b1%d1%80%d0%b8%d0%bb%d0%bb%d0%b8%d0%b0%d0%bd%d1%82%d0%be%d0%b2%d0%b0%d1%8f-%d0%b4%d0%be%d1%80%d0%be%d0%b6%d0%ba%d0%b0-%d1%81-20-%d0%b1%d1%80%d0%b8%d0%bb%d0%bb%d0%b8%d0%b0%d0%bd%d1%82%d0%b0%d0%bc\/","og_locale":"ru_RU","og_type":"article","og_title":"\u0411\u0420\u0418\u041b\u041b\u0418\u0410\u041d\u0422\u041e\u0412\u0410\u042f \u0414\u041e\u0420\u041e\u0416\u041a\u0410 \u0441 20 \u0431\u0440\u0438\u043b\u043b\u0438\u0430\u043d\u0442\u0430\u043c\u0438 - FashionGold.lt","og_description":"\u0411\u0440\u0438\u043b\u043b\u0438\u0430\u043d\u0442\u043e\u0432\u0430\u044f \u0434\u043e\u0440\u043e\u0436\u043a\u0430 \u0434\u0430\u0436\u0435 \u0441 20 \u0431\u0440\u0438\u043b\u043b\u0438\u0430\u043d\u0442\u0430\u043c\u0438!","og_url":"https:\/\/fashiongold.lt\/ru\/papuosalas\/%d0%b1%d1%80%d0%b8%d0%bb%d0%bb%d0%b8%d0%b0%d0%bd%d1%82%d0%be%d0%b2%d0%b0%d1%8f-%d0%b4%d0%be%d1%80%d0%be%d0%b6%d0%ba%d0%b0-%d1%81-20-%d0%b1%d1%80%d0%b8%d0%bb%d0%bb%d0%b8%d0%b0%d0%bd%d1%82%d0%b0%d0%bc\/","og_site_name":"FashionGold.lt","og_image":[{"width":1000,"height":1000,"url":"https:\/\/fashiongold.lt\/wp-content\/uploads\/2025\/10\/10228-552-raudono-aukso-deimantine-juostele.webp","type":"image\/png"}],"twitter_card":"summary_large_image","schema":{"@context":"https:\/\/schema.org","@graph":[{"@type":"WebPage","@id":"https:\/\/fashiongold.lt\/ru\/papuosalas\/%d0%b1%d1%80%d0%b8%d0%bb%d0%bb%d0%b8%d0%b0%d0%bd%d1%82%d0%be%d0%b2%d0%b0%d1%8f-%d0%b4%d0%be%d1%80%d0%be%d0%b6%d0%ba%d0%b0-%d1%81-20-%d0%b1%d1%80%d0%b8%d0%bb%d0%bb%d0%b8%d0%b0%d0%bd%d1%82%d0%b0%d0%bc\/","url":"https:\/\/fashiongold.lt\/ru\/papuosalas\/%d0%b1%d1%80%d0%b8%d0%bb%d0%bb%d0%b8%d0%b0%d0%bd%d1%82%d0%be%d0%b2%d0%b0%d1%8f-%d0%b4%d0%be%d1%80%d0%be%d0%b6%d0%ba%d0%b0-%d1%81-20-%d0%b1%d1%80%d0%b8%d0%bb%d0%bb%d0%b8%d0%b0%d0%bd%d1%82%d0%b0%d0%bc\/","name":"\u0411\u0420\u0418\u041b\u041b\u0418\u0410\u041d\u0422\u041e\u0412\u0410\u042f \u0414\u041e\u0420\u041e\u0416\u041a\u0410 \u0441 20 \u0431\u0440\u0438\u043b\u043b\u0438\u0430\u043d\u0442\u0430\u043c\u0438 - FashionGold.lt","isPartOf":{"@id":"https:\/\/fashiongold.lt\/ru\/#website"},"primaryImageOfPage":{"@id":"https:\/\/fashiongold.lt\/ru\/papuosalas\/%d0%b1%d1%80%d0%b8%d0%bb%d0%bb%d0%b8%d0%b0%d0%bd%d1%82%d0%be%d0%b2%d0%b0%d1%8f-%d0%b4%d0%be%d1%80%d0%be%d0%b6%d0%ba%d0%b0-%d1%81-20-%d0%b1%d1%80%d0%b8%d0%bb%d0%bb%d0%b8%d0%b0%d0%bd%d1%82%d0%b0%d0%bc\/#primaryimage"},"image":{"@id":"https:\/\/fashiongold.lt\/ru\/papuosalas\/%d0%b1%d1%80%d0%b8%d0%bb%d0%bb%d0%b8%d0%b0%d0%bd%d1%82%d0%be%d0%b2%d0%b0%d1%8f-%d0%b4%d0%be%d1%80%d0%be%d0%b6%d0%ba%d0%b0-%d1%81-20-%d0%b1%d1%80%d0%b8%d0%bb%d0%bb%d0%b8%d0%b0%d0%bd%d1%82%d0%b0%d0%bc\/#primaryimage"},"thumbnailUrl":"https:\/\/fashiongold.lt\/wp-content\/uploads\/2025\/10\/DEIMANTINE-JUOSTELE-su-20-briliantu-e1777835814521.png","datePublished":"2025-10-09T16:59:54+00:00","breadcrumb":{"@id":"https:\/\/fashiongold.lt\/ru\/papuosalas\/%d0%b1%d1%80%d0%b8%d0%bb%d0%bb%d0%b8%d0%b0%d0%bd%d1%82%d0%be%d0%b2%d0%b0%d1%8f-%d0%b4%d0%be%d1%80%d0%be%d0%b6%d0%ba%d0%b0-%d1%81-20-%d0%b1%d1%80%d0%b8%d0%bb%d0%bb%d0%b8%d0%b0%d0%bd%d1%82%d0%b0%d0%bc\/#breadcrumb"},"inLanguage":"ru-RU","potentialAction":[{"@type":"ReadAction","target":["https:\/\/fashiongold.lt\/ru\/papuosalas\/%d0%b1%d1%80%d0%b8%d0%bb%d0%bb%d0%b8%d0%b0%d0%bd%d1%82%d0%be%d0%b2%d0%b0%d1%8f-%d0%b4%d0%be%d1%80%d0%be%d0%b6%d0%ba%d0%b0-%d1%81-20-%d0%b1%d1%80%d0%b8%d0%bb%d0%bb%d0%b8%d0%b0%d0%bd%d1%82%d0%b0%d0%bc\/"]}]},{"@type":"ImageObject","inLanguage":"ru-RU","@id":"https:\/\/fashiongold.lt\/ru\/papuosalas\/%d0%b1%d1%80%d0%b8%d0%bb%d0%bb%d0%b8%d0%b0%d0%bd%d1%82%d0%be%d0%b2%d0%b0%d1%8f-%d0%b4%d0%be%d1%80%d0%be%d0%b6%d0%ba%d0%b0-%d1%81-20-%d0%b1%d1%80%d0%b8%d0%bb%d0%bb%d0%b8%d0%b0%d0%bd%d1%82%d0%b0%d0%bc\/#primaryimage","url":"https:\/\/fashiongold.lt\/wp-content\/uploads\/2025\/10\/DEIMANTINE-JUOSTELE-su-20-briliantu-e1777835814521.png","contentUrl":"https:\/\/fashiongold.lt\/wp-content\/uploads\/2025\/10\/DEIMANTINE-JUOSTELE-su-20-briliantu-e1777835814521.png","width":1254,"height":1254,"caption":"DEIMANTIN\u0116 JUOSTEL\u0116 su 20 briliant\u0173 raudonas auksas"},{"@type":"BreadcrumbList","@id":"https:\/\/fashiongold.lt\/ru\/papuosalas\/%d0%b1%d1%80%d0%b8%d0%bb%d0%bb%d0%b8%d0%b0%d0%bd%d1%82%d0%be%d0%b2%d0%b0%d1%8f-%d0%b4%d0%be%d1%80%d0%be%d0%b6%d0%ba%d0%b0-%d1%81-20-%d0%b1%d1%80%d0%b8%d0%bb%d0%bb%d0%b8%d0%b0%d0%bd%d1%82%d0%b0%d0%bc\/#breadcrumb","itemListElement":[{"@type":"ListItem","position":1,"name":"Home","item":"https:\/\/fashiongold.lt\/ru\/"},{"@type":"ListItem","position":2,"name":"\u041c\u0430\u0433\u0430\u0437\u0438\u043d \u0431\u0440\u0438\u043b\u043b\u0438\u0430\u043d\u0442\u043e\u0432 Fashiongold.lt","item":"https:\/\/fashiongold.lt\/shop-2\/"},{"@type":"ListItem","position":3,"name":"\u0411\u0420\u0418\u041b\u041b\u0418\u0410\u041d\u0422\u041e\u0412\u0410\u042f \u0414\u041e\u0420\u041e\u0416\u041a\u0410 \u0441 20 \u0431\u0440\u0438\u043b\u043b\u0438\u0430\u043d\u0442\u0430\u043c\u0438"}]},{"@type":"WebSite","@id":"https:\/\/fashiongold.lt\/ru\/#website","url":"https:\/\/fashiongold.lt\/ru\/","name":"Fashion Gold","description":"Juvelyrikos namai","publisher":{"@id":"https:\/\/fashiongold.lt\/ru\/#organization"},"potentialAction":[{"@type":"SearchAction","target":{"@type":"EntryPoint","urlTemplate":"https:\/\/fashiongold.lt\/ru\/?s={search_term_string}"},"query-input":{"@type":"PropertyValueSpecification","valueRequired":true,"valueName":"search_term_string"}}],"inLanguage":"ru-RU"},{"@type":"Organization","@id":"https:\/\/fashiongold.lt\/ru\/#organization","name":"Topdiamonds Online","url":"https:\/\/fashiongold.lt\/ru\/","logo":{"@type":"ImageObject","inLanguage":"ru-RU","@id":"https:\/\/fashiongold.lt\/ru\/#\/schema\/logo\/image\/","url":"https:\/\/fashiongold.lt\/wp-content\/uploads\/2025\/04\/cropped-fashion_gold_logotipas2-scaled-1.png","contentUrl":"https:\/\/fashiongold.lt\/wp-content\/uploads\/2025\/04\/cropped-fashion_gold_logotipas2-scaled-1.png","width":2559,"height":421,"caption":"Topdiamonds Online"},"image":{"@id":"https:\/\/fashiongold.lt\/ru\/#\/schema\/logo\/image\/"}}]}},"_links":{"self":[{"href":"https:\/\/fashiongold.lt\/ru\/wp-json\/wp\/v2\/product\/286093","targetHints":{"allow":["GET"]}}],"collection":[{"href":"https:\/\/fashiongold.lt\/ru\/wp-json\/wp\/v2\/product"}],"about":[{"href":"https:\/\/fashiongold.lt\/ru\/wp-json\/wp\/v2\/types\/product"}],"version-history":[{"count":0,"href":"https:\/\/fashiongold.lt\/ru\/wp-json\/wp\/v2\/product\/286093\/revisions"}],"wp:featuredmedia":[{"embeddable":true,"href":"https:\/\/fashiongold.lt\/ru\/wp-json\/wp\/v2\/media\/1140928"}],"wp:attachment":[{"href":"https:\/\/fashiongold.lt\/ru\/wp-json\/wp\/v2\/media?parent=286093"}],"wp:term":[{"taxonomy":"product_brand","embeddable":true,"href":"https:\/\/fashiongold.lt\/ru\/wp-json\/wp\/v2\/product_brand?post=286093"},{"taxonomy":"product_cat","embeddable":true,"href":"https:\/\/fashiongold.lt\/ru\/wp-json\/wp\/v2\/product_cat?post=286093"},{"taxonomy":"product_tag","embeddable":true,"href":"https:\/\/fashiongold.lt\/ru\/wp-json\/wp\/v2\/product_tag?post=286093"}],"curies":[{"name":"wp","href":"https:\/\/api.w.org\/{rel}","templated":true}]}}