{"id":299387,"date":"2026-03-06T11:44:53","date_gmt":"2026-03-06T11:44:53","guid":{"rendered":"https:\/\/fashiongold.lt\/?post_type=product&#038;p=299387"},"modified":"2026-03-06T11:52:08","modified_gmt":"2026-03-06T11:52:08","slug":"ziedas-su-cushion-deimantu-3-00-ct","status":"publish","type":"product","link":"https:\/\/fashiongold.lt\/ru\/papuosalas\/ziedas-su-cushion-deimantu-3-00-ct\/","title":{"rendered":"\u017diedas su Cushion deimantu (3.00 ct)"},"content":{"rendered":"<p data-start=\"0\" data-end=\"405\">\u0160is \u017eiedas su pagalv\u0117l\u0117s formos deimantu yra sukurtas tiems, kurie vertina tikrum\u0105 ir subtili\u0105 elegancij\u0105. Neperkrautas klasikinis dizainas leid\u017eia vis\u0105 d\u0117mes\u012f sutelkti \u012f centre spindint\u012f <em>Cushion<\/em> pj\u016bvio deimant\u0105, o harmoningos proporcijos suteikia \u017eiedui lengvumo ir ilgaam\u017ei\u0161kumo poj\u016bt\u012f. Papuo\u0161al\u0105 galima pritaikyti pagal asmenin\u012f stili\u0173, pasirenkant platin\u0105 arba auks\u0105 \u2013 balt\u0105, gelton\u0105 ar raudon\u0105 \u2013 tod\u0117l \u017eiedas lengvai dera su kitais papuo\u0161alais ir i\u0161lieka prasmingu pasirinkimu daugel\u012f met\u0173.<br \/>\n<span data-sheets-root=\"1\">Pagaminta laikantis auk\u0161\u010diausi\u0173 juvelyrikos gamybos standart\u0173. \u017diedas gali b\u016bti pagamintas pagal u\u017esakym\u0105: u\u017e papildom\u0105 mokest\u012f su auk\u0161tesn\u0117s kokyb\u0117s deimantais.<\/span><\/p>\n<p><span data-sheets-root=\"1\"><br \/>\n\u2022 <strong><a href=\"https:\/\/fashiongold.lt\/ziedo-metalai\/\" target=\"_blank\" rel=\"noopener\">Taurieji metalai<\/a>:<\/strong> 14K (585 prabos), 18K (750 prabos), 900 platina<br \/>\n<\/span><span data-sheets-root=\"1\">\u2022 <strong><a href=\"https:\/\/fashiongold.lt\/ziedo-aukso-spalva\/\" target=\"_blank\" rel=\"noopener\">Aukso spalvos<\/a>:<\/strong> raudonas, geltonas, baltas<br \/>\n\u2022 <strong><a href=\"https:\/\/fashiongold.lt\/ziedo-svoris\/\" target=\"_blank\" rel=\"noopener\">\u017diedo svoris <\/a><\/strong>(priklauso nuo dyd\u017eio)<strong>:<\/strong>\u00a0apie 2.00 &#8212; 3.00 g<br \/>\n\u2022 <strong><a href=\"https:\/\/fashiongold.lt\/ziedo-matmenys\/\" target=\"_blank\" rel=\"noopener\">\u017diedo kar\u016bn\u0117l\u0117s plotis<\/a><\/strong>: apie 9.25 mm<br \/>\n\u2022 <a href=\"https:\/\/fashiongold.lt\/viskas-apie-suzadetuviu-ziedus\/deimantas_kitos_deimanto_formos\/\" target=\"_blank\" rel=\"noopener\"><strong>Deimanto forma<\/strong><\/a>: Pagalv\u0117l\u0117s formos (<em>Cushion cut<\/em>)<br \/>\n\u2022 <strong><a href=\"https:\/\/fashiongold.lt\/deimantu-tipai\/\" target=\"_blank\" rel=\"noopener\">Deimant\u0173 tipai<\/a>:<\/strong> Laboratorijoje u\u017eauginti deimantai arba natural\u016bs deimantai<br \/>\n\u2022 <strong><a href=\"https:\/\/fashiongold.lt\/deimanto-svoris-ir-charakteristika\/\" target=\"_blank\" rel=\"noopener\">Deimanto svoris ir charakteristika<\/a><\/strong> (galima keisti):<br \/>\nLaboratorijoje u\u017eaugintas deimantas su IGI sertifikatu: 3.00 ct deimantas (spalva D-E, \u0161varumas VVS) (galima keisti),<br \/>\nNat\u016bralus deimantas su GIA sertifikatu: 3.00 ct deimantas (spalva G-I, \u0161varumas SI) (galima keisti)<br \/>\n\u2022 Nemokamas <a href=\"https:\/\/fashiongold.lt\/graviravimas\/\" target=\"_blank\" rel=\"noopener\"><strong>graviravimas<\/strong><\/a><br \/>\n\u2022 <strong><a href=\"https:\/\/fashiongold.lt\/ziedo-komforto-zona\/\" target=\"_blank\" rel=\"noopener\">\u017diedo komforto zona<\/a>:<\/strong> yra<br \/>\n\u2022 \u017diedui taikoma vienkartin\u0117 nemokama <strong><a href=\"https:\/\/fashiongold.lt\/ziedo-dydzio-keitimo-garantija\/\" target=\"_blank\" rel=\"noopener\">dyd\u017eio keitimo garantija<\/a><\/strong><br \/>\n\u2022 <strong><a href=\"https:\/\/fashiongold.lt\/pristatymas-ir-grazinimas\/\" target=\"_blank\" rel=\"noopener\">Gamyba ir pristatymas<\/a>:<\/strong> nuo 14 darbo dien\u0173, skubos tvarka per 7 d.d.<\/span><\/p>\n<p>&nbsp;<\/p>\n<p>Turite savo brangakmen\u012f, ar auks\u0105? Perskai\u010diuosime kain\u0105 ir mok\u0117site tik u\u017e \u017eiedo gamyb\u0105. O gal norite keisti deimanto charakteristik\u0105 pagal savo pageidavimus? <strong><a href=\"https:\/\/fashiongold.lt\/kontaktai\/\" target=\"_blank\" rel=\"noopener\">Susisiekite<\/a><\/strong>!<br \/>\nAtraskite plat\u0173 juvelyrikos su deimantais pasirinkim\u0105, atitinkant\u012f \u012fvairius skonius ir biud\u017eetus. Suksikurk ir personalizuok savo papuo\u0161al\u0105 su <a href=\"https:\/\/fashiongold.lt\/\" target=\"_blank\" rel=\"noopener\">FashionGold.lt<\/a>.<\/p>\n","protected":false},"excerpt":{"rendered":"<div class=\"flex flex-col text-sm pb-25\">\n<article class=\"text-token-text-primary w-full focus:outline-none [--shadow-height:45px] has-data-writing-block:pointer-events-none has-data-writing-block:-mt-(--shadow-height) has-data-writing-block:pt-(--shadow-height) [&amp;:has([data-writing-block])&gt;*]:pointer-events-auto scroll-mt-[calc(var(--header-height)+min(200px,max(70px,20svh)))]\" dir=\"auto\" tabindex=\"-1\" data-turn-id=\"request-699f3bc5-92d4-8391-8bfb-236adb76a5af-1\" data-testid=\"conversation-turn-8\" data-scroll-anchor=\"true\" data-turn=\"assistant\">\n<div class=\"text-base my-auto mx-auto pb-10 [--thread-content-margin:var(--thread-content-margin-xs,calc(var(--spacing)*4))] @w-sm\/main:[--thread-content-margin:var(--thread-content-margin-sm,calc(var(--spacing)*6))] @w-lg\/main:[--thread-content-margin:var(--thread-content-margin-lg,calc(var(--spacing)*16))] px-(--thread-content-margin)\">\n<div class=\"[--thread-content-max-width:40rem] @w-lg\/main:[--thread-content-max-width:48rem] mx-auto max-w-(--thread-content-max-width) flex-1 group\/turn-messages focus-visible:outline-hidden relative flex w-full min-w-0 flex-col agent-turn\" tabindex=\"-1\">\n<div class=\"flex max-w-full flex-col gap-4 grow\">\n<div class=\"min-h-8 text-message relative flex w-full flex-col items-end gap-2 text-start break-words whitespace-normal [.text-message+&amp;]:mt-1\" dir=\"auto\" data-message-author-role=\"assistant\" data-message-id=\"4c8dfc53-9d98-468f-8ede-cab3186f62fe\" data-message-model-slug=\"gpt-5-3\">\n<div class=\"flex w-full flex-col gap-1 empty:hidden\">\n<div class=\"markdown prose dark:prose-invert w-full wrap-break-word dark markdown-new-styling\">\n<p data-start=\"37\" data-end=\"577\" data-is-last-node=\"\" data-is-only-node=\"\">\u0160io \u017eiedo dizainas yra sukurtas taip, kad b\u016bt\u0173 patogus kasdieniam ne\u0161iojimui ir i\u0161laikyt\u0173 estetin\u0119 pusiausvyr\u0105. Centre esantis pagalv\u0117l\u0117s formos deimantas pasi\u017eymi \u0161velniai suapvalintais kampais ir pla\u010diomis briaunomis, kurios leid\u017eia \u0161viesai gra\u017eiai atsispind\u0117ti akmens viduje. Subtili, proporcinga kar\u016bn\u0117l\u0117 i\u0161kelia deimant\u0105 tiek, kad jis b\u016bt\u0173 pastebimas, ta\u010diau i\u0161likt\u0173 prakti\u0161ku kasdieniniame ne\u0161iojime. Vidin\u0117je lankelio dalyje esanti komforto zona padeda \u017eiedui nat\u016braliai priglusti prie pir\u0161to, tod\u0117l jis visuomet i\u0161lieka patogus.<\/p>\n<\/div>\n<\/div>\n<\/div>\n<\/div>\n<\/div>\n<\/div>\n<\/article>\n<\/div>\n","protected":false},"featured_media":263735,"template":"","meta":{"site-sidebar-layout":"default","site-content-layout":"","ast-site-content-layout":"default","site-content-style":"default","site-sidebar-style":"default","ast-global-header-display":"","ast-banner-title-visibility":"","ast-main-header-display":"","ast-hfb-above-header-display":"","ast-hfb-below-header-display":"","ast-hfb-mobile-header-display":"","site-post-title":"","ast-breadcrumbs-content":"","ast-featured-img":"","footer-sml-layout":"","ast-disable-related-posts":"","theme-transparent-header-meta":"default","adv-header-id-meta":"","stick-header-meta":"","header-above-stick-meta":"","header-main-stick-meta":"","header-below-stick-meta":"","astra-migrate-meta-layouts":"set","ast-page-background-enabled":"default","ast-page-background-meta":{"desktop":{"background-color":"var(--ast-global-color-4)","background-image":"","background-repeat":"repeat","background-position":"center center","background-size":"auto","background-attachment":"scroll","background-type":"","background-media":"","overlay-type":"","overlay-color":"","overlay-opacity":"","overlay-gradient":""},"tablet":{"background-color":"","background-image":"","background-repeat":"repeat","background-position":"center center","background-size":"auto","background-attachment":"scroll","background-type":"","background-media":"","overlay-type":"","overlay-color":"","overlay-opacity":"","overlay-gradient":""},"mobile":{"background-color":"","background-image":"","background-repeat":"repeat","background-position":"center center","background-size":"auto","background-attachment":"scroll","background-type":"","background-media":"","overlay-type":"","overlay-color":"","overlay-opacity":"","overlay-gradient":""}},"ast-content-background-meta":{"desktop":{"background-color":"var(--ast-global-color-5)","background-image":"","background-repeat":"repeat","background-position":"center center","background-size":"auto","background-attachment":"scroll","background-type":"","background-media":"","overlay-type":"","overlay-color":"","overlay-opacity":"","overlay-gradient":""},"tablet":{"background-color":"var(--ast-global-color-5)","background-image":"","background-repeat":"repeat","background-position":"center center","background-size":"auto","background-attachment":"scroll","background-type":"","background-media":"","overlay-type":"","overlay-color":"","overlay-opacity":"","overlay-gradient":""},"mobile":{"background-color":"var(--ast-global-color-5)","background-image":"","background-repeat":"repeat","background-position":"center center","background-size":"auto","background-attachment":"scroll","background-type":"","background-media":"","overlay-type":"","overlay-color":"","overlay-opacity":"","overlay-gradient":""}}},"product_brand":[],"product_cat":[2943,3002,2944,3000,3172,2947,3009,3282,3001,2954],"product_tag":[],"class_list":{"0":"post-299387","1":"product","2":"type-product","3":"status-publish","4":"has-post-thumbnail","6":"product_cat-2943","7":"product_cat-3002","8":"product_cat-2944","9":"product_cat-3000","10":"product_cat-3172","11":"product_cat-2947","12":"product_cat-3009","13":"product_cat-3282","14":"product_cat-3001","15":"product_cat-2954","16":"desktop-align-center","17":"tablet-align-left","18":"mobile-align-left","19":"ast-product-gallery-layout-horizontal-slider","20":"ast-product-single-variable","21":"ast-product-tabs-layout-accordion","22":"ast-qv-on-image","24":"first","25":"instock","26":"taxable","27":"shipping-taxable","28":"purchasable","29":"product-type-variable"},"yoast_head":"<!-- This site is optimized with the Yoast SEO plugin v26.6 - https:\/\/yoast.com\/wordpress\/plugins\/seo\/ -->\n<title>\u017diedas su Cushion deimantu (3.00 ct)<\/title>\n<meta name=\"description\" content=\"Eleganti\u0161kas \u017eiedas su Cushion pj\u016bvio deimantu, kuris tampa pagrindiniu dizaino akcentu. Klasikin\u0117 forma lengvai derinama su skirtingomis aukso spalvomis.\" \/>\n<meta name=\"robots\" content=\"index, follow, max-snippet:-1, max-image-preview:large, max-video-preview:-1\" \/>\n<link rel=\"canonical\" href=\"https:\/\/fashiongold.lt\/ru\/papuosalas\/ziedas-su-cushion-deimantu-3-00-ct\/\" \/>\n<meta property=\"og:locale\" content=\"ru_RU\" \/>\n<meta property=\"og:type\" content=\"article\" \/>\n<meta property=\"og:title\" content=\"\u017diedas su Cushion deimantu (3.00 ct)\" \/>\n<meta property=\"og:description\" content=\"Eleganti\u0161kas \u017eiedas su Cushion pj\u016bvio deimantu, kuris tampa pagrindiniu dizaino akcentu. Klasikin\u0117 forma lengvai derinama su skirtingomis aukso spalvomis.\" \/>\n<meta property=\"og:url\" content=\"https:\/\/fashiongold.lt\/ru\/papuosalas\/ziedas-su-cushion-deimantu-3-00-ct\/\" \/>\n<meta property=\"og:site_name\" content=\"FashionGold.lt\" \/>\n<meta property=\"article:modified_time\" content=\"2026-03-06T11:52:08+00:00\" \/>\n<meta property=\"og:image\" content=\"https:\/\/fashiongold.lt\/wp-content\/uploads\/2025\/05\/Klasikinis-suzadetuviu-ziedas-su-deimantu-cushion-TD-1006-3.webp\" \/>\n\t<meta property=\"og:image:width\" content=\"800\" \/>\n\t<meta property=\"og:image:height\" content=\"800\" \/>\n\t<meta property=\"og:image:type\" content=\"image\/png\" \/>\n<meta name=\"twitter:card\" content=\"summary_large_image\" \/>\n<meta name=\"twitter:label1\" content=\"\u041f\u0440\u0438\u043c\u0435\u0440\u043d\u043e\u0435 \u0432\u0440\u0435\u043c\u044f \u0434\u043b\u044f \u0447\u0442\u0435\u043d\u0438\u044f\" \/>\n\t<meta name=\"twitter:data1\" content=\"2 \u043c\u0438\u043d\u0443\u0442\u044b\" \/>\n<script type=\"application\/ld+json\" class=\"yoast-schema-graph\">{\"@context\":\"https:\/\/schema.org\",\"@graph\":[{\"@type\":\"WebPage\",\"@id\":\"https:\/\/fashiongold.lt\/ru\/papuosalas\/ziedas-su-cushion-deimantu-3-00-ct\/\",\"url\":\"https:\/\/fashiongold.lt\/ru\/papuosalas\/ziedas-su-cushion-deimantu-3-00-ct\/\",\"name\":\"\u017diedas su Cushion deimantu (3.00 ct)\",\"isPartOf\":{\"@id\":\"https:\/\/fashiongold.lt\/ru\/#website\"},\"primaryImageOfPage\":{\"@id\":\"https:\/\/fashiongold.lt\/ru\/papuosalas\/ziedas-su-cushion-deimantu-3-00-ct\/#primaryimage\"},\"image\":{\"@id\":\"https:\/\/fashiongold.lt\/ru\/papuosalas\/ziedas-su-cushion-deimantu-3-00-ct\/#primaryimage\"},\"thumbnailUrl\":\"https:\/\/fashiongold.lt\/wp-content\/uploads\/2025\/05\/Klasikinis-suzadetuviu-ziedas-su-deimantu-cushion-TD-1006-3.png\",\"datePublished\":\"2026-03-06T11:44:53+00:00\",\"dateModified\":\"2026-03-06T11:52:08+00:00\",\"description\":\"Eleganti\u0161kas \u017eiedas su Cushion pj\u016bvio deimantu, kuris tampa pagrindiniu dizaino akcentu. Klasikin\u0117 forma lengvai derinama su skirtingomis aukso spalvomis.\",\"breadcrumb\":{\"@id\":\"https:\/\/fashiongold.lt\/ru\/papuosalas\/ziedas-su-cushion-deimantu-3-00-ct\/#breadcrumb\"},\"inLanguage\":\"ru-RU\",\"potentialAction\":[{\"@type\":\"ReadAction\",\"target\":[\"https:\/\/fashiongold.lt\/ru\/papuosalas\/ziedas-su-cushion-deimantu-3-00-ct\/\"]}]},{\"@type\":\"ImageObject\",\"inLanguage\":\"ru-RU\",\"@id\":\"https:\/\/fashiongold.lt\/ru\/papuosalas\/ziedas-su-cushion-deimantu-3-00-ct\/#primaryimage\",\"url\":\"https:\/\/fashiongold.lt\/wp-content\/uploads\/2025\/05\/Klasikinis-suzadetuviu-ziedas-su-deimantu-cushion-TD-1006-3.png\",\"contentUrl\":\"https:\/\/fashiongold.lt\/wp-content\/uploads\/2025\/05\/Klasikinis-suzadetuviu-ziedas-su-deimantu-cushion-TD-1006-3.png\",\"width\":800,\"height\":800,\"caption\":\"klasikinis balto aukso arba platinos su\u017ead\u0117tuvi\u0173 \u017eiedas su apvalios pagalv\u0117l\u0117s formos deimantu\"},{\"@type\":\"BreadcrumbList\",\"@id\":\"https:\/\/fashiongold.lt\/ru\/papuosalas\/ziedas-su-cushion-deimantu-3-00-ct\/#breadcrumb\",\"itemListElement\":[{\"@type\":\"ListItem\",\"position\":1,\"name\":\"Home\",\"item\":\"https:\/\/fashiongold.lt\/ru\/\"},{\"@type\":\"ListItem\",\"position\":2,\"name\":\"\u041c\u0430\u0433\u0430\u0437\u0438\u043d \u0431\u0440\u0438\u043b\u043b\u0438\u0430\u043d\u0442\u043e\u0432 Fashiongold.lt\",\"item\":\"https:\/\/fashiongold.lt\/shop-2\/\"},{\"@type\":\"ListItem\",\"position\":3,\"name\":\"\u017diedas su Cushion deimantu (3.00 ct)\"}]},{\"@type\":\"WebSite\",\"@id\":\"https:\/\/fashiongold.lt\/ru\/#website\",\"url\":\"https:\/\/fashiongold.lt\/ru\/\",\"name\":\"Fashion Gold\",\"description\":\"Juvelyrikos namai\",\"publisher\":{\"@id\":\"https:\/\/fashiongold.lt\/ru\/#organization\"},\"potentialAction\":[{\"@type\":\"SearchAction\",\"target\":{\"@type\":\"EntryPoint\",\"urlTemplate\":\"https:\/\/fashiongold.lt\/ru\/?s={search_term_string}\"},\"query-input\":{\"@type\":\"PropertyValueSpecification\",\"valueRequired\":true,\"valueName\":\"search_term_string\"}}],\"inLanguage\":\"ru-RU\"},{\"@type\":\"Organization\",\"@id\":\"https:\/\/fashiongold.lt\/ru\/#organization\",\"name\":\"Topdiamonds Online\",\"url\":\"https:\/\/fashiongold.lt\/ru\/\",\"logo\":{\"@type\":\"ImageObject\",\"inLanguage\":\"ru-RU\",\"@id\":\"https:\/\/fashiongold.lt\/ru\/#\/schema\/logo\/image\/\",\"url\":\"https:\/\/fashiongold.lt\/wp-content\/uploads\/2025\/04\/cropped-fashion_gold_logotipas2-scaled-1.png\",\"contentUrl\":\"https:\/\/fashiongold.lt\/wp-content\/uploads\/2025\/04\/cropped-fashion_gold_logotipas2-scaled-1.png\",\"width\":2559,\"height\":421,\"caption\":\"Topdiamonds Online\"},\"image\":{\"@id\":\"https:\/\/fashiongold.lt\/ru\/#\/schema\/logo\/image\/\"}}]}<\/script>\n<!-- \/ Yoast SEO plugin. -->","yoast_head_json":{"title":"\u017diedas su Cushion deimantu (3.00 ct)","description":"Eleganti\u0161kas \u017eiedas su Cushion pj\u016bvio deimantu, kuris tampa pagrindiniu dizaino akcentu. Klasikin\u0117 forma lengvai derinama su skirtingomis aukso spalvomis.","robots":{"index":"index","follow":"follow","max-snippet":"max-snippet:-1","max-image-preview":"max-image-preview:large","max-video-preview":"max-video-preview:-1"},"canonical":"https:\/\/fashiongold.lt\/ru\/papuosalas\/ziedas-su-cushion-deimantu-3-00-ct\/","og_locale":"ru_RU","og_type":"article","og_title":"\u017diedas su Cushion deimantu (3.00 ct)","og_description":"Eleganti\u0161kas \u017eiedas su Cushion pj\u016bvio deimantu, kuris tampa pagrindiniu dizaino akcentu. Klasikin\u0117 forma lengvai derinama su skirtingomis aukso spalvomis.","og_url":"https:\/\/fashiongold.lt\/ru\/papuosalas\/ziedas-su-cushion-deimantu-3-00-ct\/","og_site_name":"FashionGold.lt","article_modified_time":"2026-03-06T11:52:08+00:00","og_image":[{"width":800,"height":800,"url":"https:\/\/fashiongold.lt\/wp-content\/uploads\/2025\/05\/Klasikinis-suzadetuviu-ziedas-su-deimantu-cushion-TD-1006-3.webp","type":"image\/png"}],"twitter_card":"summary_large_image","twitter_misc":{"\u041f\u0440\u0438\u043c\u0435\u0440\u043d\u043e\u0435 \u0432\u0440\u0435\u043c\u044f \u0434\u043b\u044f \u0447\u0442\u0435\u043d\u0438\u044f":"2 \u043c\u0438\u043d\u0443\u0442\u044b"},"schema":{"@context":"https:\/\/schema.org","@graph":[{"@type":"WebPage","@id":"https:\/\/fashiongold.lt\/ru\/papuosalas\/ziedas-su-cushion-deimantu-3-00-ct\/","url":"https:\/\/fashiongold.lt\/ru\/papuosalas\/ziedas-su-cushion-deimantu-3-00-ct\/","name":"\u017diedas su Cushion deimantu (3.00 ct)","isPartOf":{"@id":"https:\/\/fashiongold.lt\/ru\/#website"},"primaryImageOfPage":{"@id":"https:\/\/fashiongold.lt\/ru\/papuosalas\/ziedas-su-cushion-deimantu-3-00-ct\/#primaryimage"},"image":{"@id":"https:\/\/fashiongold.lt\/ru\/papuosalas\/ziedas-su-cushion-deimantu-3-00-ct\/#primaryimage"},"thumbnailUrl":"https:\/\/fashiongold.lt\/wp-content\/uploads\/2025\/05\/Klasikinis-suzadetuviu-ziedas-su-deimantu-cushion-TD-1006-3.png","datePublished":"2026-03-06T11:44:53+00:00","dateModified":"2026-03-06T11:52:08+00:00","description":"Eleganti\u0161kas \u017eiedas su Cushion pj\u016bvio deimantu, kuris tampa pagrindiniu dizaino akcentu. Klasikin\u0117 forma lengvai derinama su skirtingomis aukso spalvomis.","breadcrumb":{"@id":"https:\/\/fashiongold.lt\/ru\/papuosalas\/ziedas-su-cushion-deimantu-3-00-ct\/#breadcrumb"},"inLanguage":"ru-RU","potentialAction":[{"@type":"ReadAction","target":["https:\/\/fashiongold.lt\/ru\/papuosalas\/ziedas-su-cushion-deimantu-3-00-ct\/"]}]},{"@type":"ImageObject","inLanguage":"ru-RU","@id":"https:\/\/fashiongold.lt\/ru\/papuosalas\/ziedas-su-cushion-deimantu-3-00-ct\/#primaryimage","url":"https:\/\/fashiongold.lt\/wp-content\/uploads\/2025\/05\/Klasikinis-suzadetuviu-ziedas-su-deimantu-cushion-TD-1006-3.png","contentUrl":"https:\/\/fashiongold.lt\/wp-content\/uploads\/2025\/05\/Klasikinis-suzadetuviu-ziedas-su-deimantu-cushion-TD-1006-3.png","width":800,"height":800,"caption":"klasikinis balto aukso arba platinos su\u017ead\u0117tuvi\u0173 \u017eiedas su apvalios pagalv\u0117l\u0117s formos deimantu"},{"@type":"BreadcrumbList","@id":"https:\/\/fashiongold.lt\/ru\/papuosalas\/ziedas-su-cushion-deimantu-3-00-ct\/#breadcrumb","itemListElement":[{"@type":"ListItem","position":1,"name":"Home","item":"https:\/\/fashiongold.lt\/ru\/"},{"@type":"ListItem","position":2,"name":"\u041c\u0430\u0433\u0430\u0437\u0438\u043d \u0431\u0440\u0438\u043b\u043b\u0438\u0430\u043d\u0442\u043e\u0432 Fashiongold.lt","item":"https:\/\/fashiongold.lt\/shop-2\/"},{"@type":"ListItem","position":3,"name":"\u017diedas su Cushion deimantu (3.00 ct)"}]},{"@type":"WebSite","@id":"https:\/\/fashiongold.lt\/ru\/#website","url":"https:\/\/fashiongold.lt\/ru\/","name":"Fashion Gold","description":"Juvelyrikos namai","publisher":{"@id":"https:\/\/fashiongold.lt\/ru\/#organization"},"potentialAction":[{"@type":"SearchAction","target":{"@type":"EntryPoint","urlTemplate":"https:\/\/fashiongold.lt\/ru\/?s={search_term_string}"},"query-input":{"@type":"PropertyValueSpecification","valueRequired":true,"valueName":"search_term_string"}}],"inLanguage":"ru-RU"},{"@type":"Organization","@id":"https:\/\/fashiongold.lt\/ru\/#organization","name":"Topdiamonds Online","url":"https:\/\/fashiongold.lt\/ru\/","logo":{"@type":"ImageObject","inLanguage":"ru-RU","@id":"https:\/\/fashiongold.lt\/ru\/#\/schema\/logo\/image\/","url":"https:\/\/fashiongold.lt\/wp-content\/uploads\/2025\/04\/cropped-fashion_gold_logotipas2-scaled-1.png","contentUrl":"https:\/\/fashiongold.lt\/wp-content\/uploads\/2025\/04\/cropped-fashion_gold_logotipas2-scaled-1.png","width":2559,"height":421,"caption":"Topdiamonds Online"},"image":{"@id":"https:\/\/fashiongold.lt\/ru\/#\/schema\/logo\/image\/"}}]}},"_links":{"self":[{"href":"https:\/\/fashiongold.lt\/ru\/wp-json\/wp\/v2\/product\/299387","targetHints":{"allow":["GET"]}}],"collection":[{"href":"https:\/\/fashiongold.lt\/ru\/wp-json\/wp\/v2\/product"}],"about":[{"href":"https:\/\/fashiongold.lt\/ru\/wp-json\/wp\/v2\/types\/product"}],"version-history":[{"count":0,"href":"https:\/\/fashiongold.lt\/ru\/wp-json\/wp\/v2\/product\/299387\/revisions"}],"wp:featuredmedia":[{"embeddable":true,"href":"https:\/\/fashiongold.lt\/ru\/wp-json\/wp\/v2\/media\/263735"}],"wp:attachment":[{"href":"https:\/\/fashiongold.lt\/ru\/wp-json\/wp\/v2\/media?parent=299387"}],"wp:term":[{"taxonomy":"product_brand","embeddable":true,"href":"https:\/\/fashiongold.lt\/ru\/wp-json\/wp\/v2\/product_brand?post=299387"},{"taxonomy":"product_cat","embeddable":true,"href":"https:\/\/fashiongold.lt\/ru\/wp-json\/wp\/v2\/product_cat?post=299387"},{"taxonomy":"product_tag","embeddable":true,"href":"https:\/\/fashiongold.lt\/ru\/wp-json\/wp\/v2\/product_tag?post=299387"}],"curies":[{"name":"wp","href":"https:\/\/api.w.org\/{rel}","templated":true}]}}