{"id":43143,"date":"2025-10-09T17:06:32","date_gmt":"2025-10-09T17:06:32","guid":{"rendered":"https:\/\/fashiongold.lt\/?post_type=product&#038;p=43143"},"modified":"2025-11-30T18:34:57","modified_gmt":"2025-11-30T18:34:57","slug":"suzadetuviu-ziedas-tikroms-princesems","status":"publish","type":"product","link":"https:\/\/fashiongold.lt\/ru\/papuosalas\/suzadetuviu-ziedas-tikroms-princesems\/","title":{"rendered":"SU\u017dAD\u0116TUVI\u0172 \u017dIEDAS \u201eTIKROMS PRINCES\u0116MS\u201c"},"content":{"rendered":"<p>Ypatingas pasi\u016blymas su puikia kaina ir labai vertingu deimantu. Tai i\u0161skirtin\u0117s kokyb\u0117s briliantas, kuris ne tik bus gra\u017eus papuo\u0161alas, bet ir j\u016bs\u0173 b\u016bsimos \u0161eimos vertyb\u0117.<\/p>\n","protected":false},"excerpt":{"rendered":"<p>\u201eFashion Gold\u201c juvelyr\u0173 sukurtas suad\u0117tuvi\u0173 \u017eiedas su itin auk\u0161tos kokyb\u0117s \u201ePrincess cut\u201c formos deimantu<\/p>\n","protected":false},"featured_media":43192,"template":"","meta":{"site-sidebar-layout":"","site-content-layout":"","ast-site-content-layout":"","site-content-style":"","site-sidebar-style":"","ast-global-header-display":"","ast-banner-title-visibility":"","ast-main-header-display":"","ast-hfb-above-header-display":"","ast-hfb-below-header-display":"","ast-hfb-mobile-header-display":"","site-post-title":"","ast-breadcrumbs-content":"","ast-featured-img":"","footer-sml-layout":"","ast-disable-related-posts":"","theme-transparent-header-meta":"","adv-header-id-meta":"","stick-header-meta":"","header-above-stick-meta":"","header-main-stick-meta":"","header-below-stick-meta":"","astra-migrate-meta-layouts":"","ast-page-background-enabled":"default","ast-page-background-meta":{"desktop":{"background-color":"var(--ast-global-color-4)","background-image":"","background-repeat":"repeat","background-position":"center center","background-size":"auto","background-attachment":"scroll","background-type":"","background-media":"","overlay-type":"","overlay-color":"","overlay-opacity":"","overlay-gradient":""},"tablet":{"background-color":"","background-image":"","background-repeat":"repeat","background-position":"center center","background-size":"auto","background-attachment":"scroll","background-type":"","background-media":"","overlay-type":"","overlay-color":"","overlay-opacity":"","overlay-gradient":""},"mobile":{"background-color":"","background-image":"","background-repeat":"repeat","background-position":"center center","background-size":"auto","background-attachment":"scroll","background-type":"","background-media":"","overlay-type":"","overlay-color":"","overlay-opacity":"","overlay-gradient":""}},"ast-content-background-meta":{"desktop":{"background-color":"var(--ast-global-color-5)","background-image":"","background-repeat":"repeat","background-position":"center center","background-size":"auto","background-attachment":"scroll","background-type":"","background-media":"","overlay-type":"","overlay-color":"","overlay-opacity":"","overlay-gradient":""},"tablet":{"background-color":"var(--ast-global-color-5)","background-image":"","background-repeat":"repeat","background-position":"center center","background-size":"auto","background-attachment":"scroll","background-type":"","background-media":"","overlay-type":"","overlay-color":"","overlay-opacity":"","overlay-gradient":""},"mobile":{"background-color":"var(--ast-global-color-5)","background-image":"","background-repeat":"repeat","background-position":"center center","background-size":"auto","background-attachment":"scroll","background-type":"","background-media":"","overlay-type":"","overlay-color":"","overlay-opacity":"","overlay-gradient":""}}},"product_brand":[],"product_cat":[2287,2309,280,2288,283,284,285,2289,2290,2361,2299,292,206,2300,2333,2303,2362,2304,2302,2335],"product_tag":[],"class_list":{"0":"post-43143","1":"product","2":"type-product","3":"status-publish","4":"has-post-thumbnail","6":"product_cat-balto-aukso-juvelyrika","7":"product_cat-balto-aukso-suzadetuviu-ziedai","8":"product_cat-dovanos-gimtadienio-proga","9":"product_cat-dovanos-isleistuviu-proga","10":"product_cat-dovanos-moterims","11":"product_cat-dovanos-vaiko-gimimo-proga","12":"product_cat-dovanos-vestuviu-metiniu-proga","13":"product_cat-dovanos-vestuviu-proga","14":"product_cat-dovanos-ypatingoms-progoms","15":"product_cat-isskirtiniai-suzadetuviu-ziedai","16":"product_cat-juvelyrika","17":"product_cat-kaledines-dovanos","18":"product_cat-klasikiniai-suzadetuviu-ziedai","19":"product_cat-mamos-dienos-dovanos","20":"product_cat-modernus-suzadetuviu-ziedai","21":"product_cat-suzadetuviu-ziedai","22":"product_cat-suzadetuviu-ziedai-su-deimantu","23":"product_cat-top-suzadetuviu-ziedai","24":"product_cat-valentino-dienos-dovanos","25":"product_cat-ziedai-su-deimantais","26":"desktop-align-center","27":"tablet-align-left","28":"mobile-align-left","29":"ast-product-gallery-layout-horizontal-slider","30":"ast-product-single-variable","31":"ast-product-tabs-layout-accordion","32":"ast-qv-on-image","34":"first","35":"instock","36":"sale","37":"taxable","38":"shipping-taxable","39":"purchasable","40":"product-type-variable","41":"has-default-attributes"},"yoast_head":"<!-- This site is optimized with the Yoast SEO plugin v26.6 - https:\/\/yoast.com\/wordpress\/plugins\/seo\/ -->\n<title>SU\u017dAD\u0116TUVI\u0172 \u017dIEDAS \u201eTIKROMS PRINCES\u0116MS\u201c<\/title>\n<meta name=\"description\" content=\"\u201eFashion Gold\u201c juvelyr\u0173 sukurtas suad\u0117tuvi\u0173 \u017eiedas su itin auk\u0161tos kokyb\u0117s \u201ePrincess cut\u201c formos deimantu. Nemokamas graviravimas. Auk\u0161ta kokyb\u0117.\" \/>\n<meta name=\"robots\" content=\"index, follow, max-snippet:-1, max-image-preview:large, max-video-preview:-1\" \/>\n<link rel=\"canonical\" href=\"https:\/\/fashiongold.lt\/ru\/papuosalas\/suzadetuviu-ziedas-tikroms-princesems\/\" \/>\n<meta property=\"og:locale\" content=\"ru_RU\" \/>\n<meta property=\"og:type\" content=\"article\" \/>\n<meta property=\"og:title\" content=\"SU\u017dAD\u0116TUVI\u0172 \u017dIEDAS \u201eTIKROMS PRINCES\u0116MS\u201c\" \/>\n<meta property=\"og:description\" content=\"\u201eFashion Gold\u201c juvelyr\u0173 sukurtas suad\u0117tuvi\u0173 \u017eiedas su itin auk\u0161tos kokyb\u0117s \u201ePrincess cut\u201c formos deimantu. Nemokamas graviravimas. Auk\u0161ta kokyb\u0117.\" \/>\n<meta property=\"og:url\" content=\"https:\/\/fashiongold.lt\/ru\/papuosalas\/suzadetuviu-ziedas-tikroms-princesems\/\" \/>\n<meta property=\"og:site_name\" content=\"FashionGold.lt\" \/>\n<meta property=\"article:modified_time\" content=\"2025-11-30T18:34:57+00:00\" \/>\n<meta property=\"og:image\" content=\"https:\/\/fashiongold.lt\/wp-content\/uploads\/2025\/10\/395-a86-SUZADETUVIU-ZIEDAS-TIKROMS-PRINCESEMS.jpg\" \/>\n\t<meta property=\"og:image:width\" content=\"1000\" \/>\n\t<meta property=\"og:image:height\" content=\"1018\" \/>\n\t<meta property=\"og:image:type\" content=\"image\/jpeg\" \/>\n<meta name=\"twitter:card\" content=\"summary_large_image\" \/>\n<script type=\"application\/ld+json\" class=\"yoast-schema-graph\">{\"@context\":\"https:\/\/schema.org\",\"@graph\":[{\"@type\":\"WebPage\",\"@id\":\"https:\/\/fashiongold.lt\/ru\/papuosalas\/suzadetuviu-ziedas-tikroms-princesems\/\",\"url\":\"https:\/\/fashiongold.lt\/ru\/papuosalas\/suzadetuviu-ziedas-tikroms-princesems\/\",\"name\":\"SU\u017dAD\u0116TUVI\u0172 \u017dIEDAS \u201eTIKROMS PRINCES\u0116MS\u201c\",\"isPartOf\":{\"@id\":\"https:\/\/fashiongold.lt\/ru\/#website\"},\"primaryImageOfPage\":{\"@id\":\"https:\/\/fashiongold.lt\/ru\/papuosalas\/suzadetuviu-ziedas-tikroms-princesems\/#primaryimage\"},\"image\":{\"@id\":\"https:\/\/fashiongold.lt\/ru\/papuosalas\/suzadetuviu-ziedas-tikroms-princesems\/#primaryimage\"},\"thumbnailUrl\":\"https:\/\/fashiongold.lt\/wp-content\/uploads\/2025\/10\/395-a86-SUZADETUVIU-ZIEDAS-TIKROMS-PRINCESEMS.jpg\",\"datePublished\":\"2025-10-09T17:06:32+00:00\",\"dateModified\":\"2025-11-30T18:34:57+00:00\",\"description\":\"\u201eFashion Gold\u201c juvelyr\u0173 sukurtas suad\u0117tuvi\u0173 \u017eiedas su itin auk\u0161tos kokyb\u0117s \u201ePrincess cut\u201c formos deimantu. Nemokamas graviravimas. Auk\u0161ta kokyb\u0117.\",\"breadcrumb\":{\"@id\":\"https:\/\/fashiongold.lt\/ru\/papuosalas\/suzadetuviu-ziedas-tikroms-princesems\/#breadcrumb\"},\"inLanguage\":\"ru-RU\",\"potentialAction\":[{\"@type\":\"ReadAction\",\"target\":[\"https:\/\/fashiongold.lt\/ru\/papuosalas\/suzadetuviu-ziedas-tikroms-princesems\/\"]}]},{\"@type\":\"ImageObject\",\"inLanguage\":\"ru-RU\",\"@id\":\"https:\/\/fashiongold.lt\/ru\/papuosalas\/suzadetuviu-ziedas-tikroms-princesems\/#primaryimage\",\"url\":\"https:\/\/fashiongold.lt\/wp-content\/uploads\/2025\/10\/395-a86-SUZADETUVIU-ZIEDAS-TIKROMS-PRINCESEMS.jpg\",\"contentUrl\":\"https:\/\/fashiongold.lt\/wp-content\/uploads\/2025\/10\/395-a86-SUZADETUVIU-ZIEDAS-TIKROMS-PRINCESEMS.jpg\",\"width\":1000,\"height\":1018},{\"@type\":\"BreadcrumbList\",\"@id\":\"https:\/\/fashiongold.lt\/ru\/papuosalas\/suzadetuviu-ziedas-tikroms-princesems\/#breadcrumb\",\"itemListElement\":[{\"@type\":\"ListItem\",\"position\":1,\"name\":\"Home\",\"item\":\"https:\/\/fashiongold.lt\/ru\/\"},{\"@type\":\"ListItem\",\"position\":2,\"name\":\"\u041c\u0430\u0433\u0430\u0437\u0438\u043d \u0431\u0440\u0438\u043b\u043b\u0438\u0430\u043d\u0442\u043e\u0432 Fashiongold.lt\",\"item\":\"https:\/\/fashiongold.lt\/shop-2\/\"},{\"@type\":\"ListItem\",\"position\":3,\"name\":\"SU\u017dAD\u0116TUVI\u0172 \u017dIEDAS \u201eTIKROMS PRINCES\u0116MS\u201c\"}]},{\"@type\":\"WebSite\",\"@id\":\"https:\/\/fashiongold.lt\/ru\/#website\",\"url\":\"https:\/\/fashiongold.lt\/ru\/\",\"name\":\"Fashion Gold\",\"description\":\"Juvelyrikos namai\",\"publisher\":{\"@id\":\"https:\/\/fashiongold.lt\/ru\/#organization\"},\"potentialAction\":[{\"@type\":\"SearchAction\",\"target\":{\"@type\":\"EntryPoint\",\"urlTemplate\":\"https:\/\/fashiongold.lt\/ru\/?s={search_term_string}\"},\"query-input\":{\"@type\":\"PropertyValueSpecification\",\"valueRequired\":true,\"valueName\":\"search_term_string\"}}],\"inLanguage\":\"ru-RU\"},{\"@type\":\"Organization\",\"@id\":\"https:\/\/fashiongold.lt\/ru\/#organization\",\"name\":\"Topdiamonds Online\",\"url\":\"https:\/\/fashiongold.lt\/ru\/\",\"logo\":{\"@type\":\"ImageObject\",\"inLanguage\":\"ru-RU\",\"@id\":\"https:\/\/fashiongold.lt\/ru\/#\/schema\/logo\/image\/\",\"url\":\"https:\/\/fashiongold.lt\/wp-content\/uploads\/2025\/04\/cropped-fashion_gold_logotipas2-scaled-1.png\",\"contentUrl\":\"https:\/\/fashiongold.lt\/wp-content\/uploads\/2025\/04\/cropped-fashion_gold_logotipas2-scaled-1.png\",\"width\":2559,\"height\":421,\"caption\":\"Topdiamonds Online\"},\"image\":{\"@id\":\"https:\/\/fashiongold.lt\/ru\/#\/schema\/logo\/image\/\"}}]}<\/script>\n<!-- \/ Yoast SEO plugin. -->","yoast_head_json":{"title":"SU\u017dAD\u0116TUVI\u0172 \u017dIEDAS \u201eTIKROMS PRINCES\u0116MS\u201c","description":"\u201eFashion Gold\u201c juvelyr\u0173 sukurtas suad\u0117tuvi\u0173 \u017eiedas su itin auk\u0161tos kokyb\u0117s \u201ePrincess cut\u201c formos deimantu. Nemokamas graviravimas. Auk\u0161ta kokyb\u0117.","robots":{"index":"index","follow":"follow","max-snippet":"max-snippet:-1","max-image-preview":"max-image-preview:large","max-video-preview":"max-video-preview:-1"},"canonical":"https:\/\/fashiongold.lt\/ru\/papuosalas\/suzadetuviu-ziedas-tikroms-princesems\/","og_locale":"ru_RU","og_type":"article","og_title":"SU\u017dAD\u0116TUVI\u0172 \u017dIEDAS \u201eTIKROMS PRINCES\u0116MS\u201c","og_description":"\u201eFashion Gold\u201c juvelyr\u0173 sukurtas suad\u0117tuvi\u0173 \u017eiedas su itin auk\u0161tos kokyb\u0117s \u201ePrincess cut\u201c formos deimantu. Nemokamas graviravimas. Auk\u0161ta kokyb\u0117.","og_url":"https:\/\/fashiongold.lt\/ru\/papuosalas\/suzadetuviu-ziedas-tikroms-princesems\/","og_site_name":"FashionGold.lt","article_modified_time":"2025-11-30T18:34:57+00:00","og_image":[{"width":1000,"height":1018,"url":"https:\/\/fashiongold.lt\/wp-content\/uploads\/2025\/10\/395-a86-SUZADETUVIU-ZIEDAS-TIKROMS-PRINCESEMS.jpg","type":"image\/jpeg"}],"twitter_card":"summary_large_image","schema":{"@context":"https:\/\/schema.org","@graph":[{"@type":"WebPage","@id":"https:\/\/fashiongold.lt\/ru\/papuosalas\/suzadetuviu-ziedas-tikroms-princesems\/","url":"https:\/\/fashiongold.lt\/ru\/papuosalas\/suzadetuviu-ziedas-tikroms-princesems\/","name":"SU\u017dAD\u0116TUVI\u0172 \u017dIEDAS \u201eTIKROMS PRINCES\u0116MS\u201c","isPartOf":{"@id":"https:\/\/fashiongold.lt\/ru\/#website"},"primaryImageOfPage":{"@id":"https:\/\/fashiongold.lt\/ru\/papuosalas\/suzadetuviu-ziedas-tikroms-princesems\/#primaryimage"},"image":{"@id":"https:\/\/fashiongold.lt\/ru\/papuosalas\/suzadetuviu-ziedas-tikroms-princesems\/#primaryimage"},"thumbnailUrl":"https:\/\/fashiongold.lt\/wp-content\/uploads\/2025\/10\/395-a86-SUZADETUVIU-ZIEDAS-TIKROMS-PRINCESEMS.jpg","datePublished":"2025-10-09T17:06:32+00:00","dateModified":"2025-11-30T18:34:57+00:00","description":"\u201eFashion Gold\u201c juvelyr\u0173 sukurtas suad\u0117tuvi\u0173 \u017eiedas su itin auk\u0161tos kokyb\u0117s \u201ePrincess cut\u201c formos deimantu. Nemokamas graviravimas. Auk\u0161ta kokyb\u0117.","breadcrumb":{"@id":"https:\/\/fashiongold.lt\/ru\/papuosalas\/suzadetuviu-ziedas-tikroms-princesems\/#breadcrumb"},"inLanguage":"ru-RU","potentialAction":[{"@type":"ReadAction","target":["https:\/\/fashiongold.lt\/ru\/papuosalas\/suzadetuviu-ziedas-tikroms-princesems\/"]}]},{"@type":"ImageObject","inLanguage":"ru-RU","@id":"https:\/\/fashiongold.lt\/ru\/papuosalas\/suzadetuviu-ziedas-tikroms-princesems\/#primaryimage","url":"https:\/\/fashiongold.lt\/wp-content\/uploads\/2025\/10\/395-a86-SUZADETUVIU-ZIEDAS-TIKROMS-PRINCESEMS.jpg","contentUrl":"https:\/\/fashiongold.lt\/wp-content\/uploads\/2025\/10\/395-a86-SUZADETUVIU-ZIEDAS-TIKROMS-PRINCESEMS.jpg","width":1000,"height":1018},{"@type":"BreadcrumbList","@id":"https:\/\/fashiongold.lt\/ru\/papuosalas\/suzadetuviu-ziedas-tikroms-princesems\/#breadcrumb","itemListElement":[{"@type":"ListItem","position":1,"name":"Home","item":"https:\/\/fashiongold.lt\/ru\/"},{"@type":"ListItem","position":2,"name":"\u041c\u0430\u0433\u0430\u0437\u0438\u043d \u0431\u0440\u0438\u043b\u043b\u0438\u0430\u043d\u0442\u043e\u0432 Fashiongold.lt","item":"https:\/\/fashiongold.lt\/shop-2\/"},{"@type":"ListItem","position":3,"name":"SU\u017dAD\u0116TUVI\u0172 \u017dIEDAS \u201eTIKROMS PRINCES\u0116MS\u201c"}]},{"@type":"WebSite","@id":"https:\/\/fashiongold.lt\/ru\/#website","url":"https:\/\/fashiongold.lt\/ru\/","name":"Fashion Gold","description":"Juvelyrikos namai","publisher":{"@id":"https:\/\/fashiongold.lt\/ru\/#organization"},"potentialAction":[{"@type":"SearchAction","target":{"@type":"EntryPoint","urlTemplate":"https:\/\/fashiongold.lt\/ru\/?s={search_term_string}"},"query-input":{"@type":"PropertyValueSpecification","valueRequired":true,"valueName":"search_term_string"}}],"inLanguage":"ru-RU"},{"@type":"Organization","@id":"https:\/\/fashiongold.lt\/ru\/#organization","name":"Topdiamonds Online","url":"https:\/\/fashiongold.lt\/ru\/","logo":{"@type":"ImageObject","inLanguage":"ru-RU","@id":"https:\/\/fashiongold.lt\/ru\/#\/schema\/logo\/image\/","url":"https:\/\/fashiongold.lt\/wp-content\/uploads\/2025\/04\/cropped-fashion_gold_logotipas2-scaled-1.png","contentUrl":"https:\/\/fashiongold.lt\/wp-content\/uploads\/2025\/04\/cropped-fashion_gold_logotipas2-scaled-1.png","width":2559,"height":421,"caption":"Topdiamonds Online"},"image":{"@id":"https:\/\/fashiongold.lt\/ru\/#\/schema\/logo\/image\/"}}]}},"_links":{"self":[{"href":"https:\/\/fashiongold.lt\/ru\/wp-json\/wp\/v2\/product\/43143","targetHints":{"allow":["GET"]}}],"collection":[{"href":"https:\/\/fashiongold.lt\/ru\/wp-json\/wp\/v2\/product"}],"about":[{"href":"https:\/\/fashiongold.lt\/ru\/wp-json\/wp\/v2\/types\/product"}],"version-history":[{"count":0,"href":"https:\/\/fashiongold.lt\/ru\/wp-json\/wp\/v2\/product\/43143\/revisions"}],"wp:featuredmedia":[{"embeddable":true,"href":"https:\/\/fashiongold.lt\/ru\/wp-json\/wp\/v2\/media\/43192"}],"wp:attachment":[{"href":"https:\/\/fashiongold.lt\/ru\/wp-json\/wp\/v2\/media?parent=43143"}],"wp:term":[{"taxonomy":"product_brand","embeddable":true,"href":"https:\/\/fashiongold.lt\/ru\/wp-json\/wp\/v2\/product_brand?post=43143"},{"taxonomy":"product_cat","embeddable":true,"href":"https:\/\/fashiongold.lt\/ru\/wp-json\/wp\/v2\/product_cat?post=43143"},{"taxonomy":"product_tag","embeddable":true,"href":"https:\/\/fashiongold.lt\/ru\/wp-json\/wp\/v2\/product_tag?post=43143"}],"curies":[{"name":"wp","href":"https:\/\/api.w.org\/{rel}","templated":true}]}}