{"id":44490,"date":"2025-10-09T17:15:43","date_gmt":"2025-10-09T17:15:43","guid":{"rendered":"https:\/\/fashiongold.lt\/?post_type=product&#038;p=44490"},"modified":"2025-11-30T18:34:59","modified_gmt":"2025-11-30T18:34:59","slug":"vestuvinis-ziedas-meiles-sapnas","status":"publish","type":"product","link":"https:\/\/fashiongold.lt\/ru\/papuosalas\/vestuvinis-ziedas-meiles-sapnas\/","title":{"rendered":"VESTUVINIS \u017dIEDAS \u201cMEIL\u0116S SAPNAS\u201d"},"content":{"rendered":"<p>Matinis raudono ir balto aukso spalvos rank\u0173 darbo vestuvinis \u017eiedas, kuris ne tik \u012fam\u017eins j\u016bs\u0173 santuok\u0105, bet ir visuomet primins, kad \u012fsimyl\u0117j\u0119s \u017emogus jau\u010diasi lyg sapne. \u017diedus k\u016br\u0117 \u201cFashion Gold\u201d juvelyrai. \u017died\u0105 pagaminsime ir pristatysime per 14 d.d.<\/p>\n","protected":false},"excerpt":{"rendered":"<p>Matinis raudono ir balto aukso spalvos rank\u0173 darbo vestuvinis \u017eiedas, kuris ne tik \u012fam\u017eins j\u016bs\u0173 santuok\u0105, bet ir visuomet primins, kad \u012fsimyl\u0117j\u0119s \u017emogus jau\u010diasi lyg sapne.<\/p>\n","protected":false},"featured_media":44544,"template":"","meta":{"site-sidebar-layout":"","site-content-layout":"","ast-site-content-layout":"","site-content-style":"","site-sidebar-style":"","ast-global-header-display":"","ast-banner-title-visibility":"","ast-main-header-display":"","ast-hfb-above-header-display":"","ast-hfb-below-header-display":"","ast-hfb-mobile-header-display":"","site-post-title":"","ast-breadcrumbs-content":"","ast-featured-img":"","footer-sml-layout":"","ast-disable-related-posts":"","theme-transparent-header-meta":"","adv-header-id-meta":"","stick-header-meta":"","header-above-stick-meta":"","header-main-stick-meta":"","header-below-stick-meta":"","astra-migrate-meta-layouts":"","ast-page-background-enabled":"default","ast-page-background-meta":{"desktop":{"background-color":"var(--ast-global-color-4)","background-image":"","background-repeat":"repeat","background-position":"center center","background-size":"auto","background-attachment":"scroll","background-type":"","background-media":"","overlay-type":"","overlay-color":"","overlay-opacity":"","overlay-gradient":""},"tablet":{"background-color":"","background-image":"","background-repeat":"repeat","background-position":"center center","background-size":"auto","background-attachment":"scroll","background-type":"","background-media":"","overlay-type":"","overlay-color":"","overlay-opacity":"","overlay-gradient":""},"mobile":{"background-color":"","background-image":"","background-repeat":"repeat","background-position":"center center","background-size":"auto","background-attachment":"scroll","background-type":"","background-media":"","overlay-type":"","overlay-color":"","overlay-opacity":"","overlay-gradient":""}},"ast-content-background-meta":{"desktop":{"background-color":"var(--ast-global-color-5)","background-image":"","background-repeat":"repeat","background-position":"center center","background-size":"auto","background-attachment":"scroll","background-type":"","background-media":"","overlay-type":"","overlay-color":"","overlay-opacity":"","overlay-gradient":""},"tablet":{"background-color":"var(--ast-global-color-5)","background-image":"","background-repeat":"repeat","background-position":"center center","background-size":"auto","background-attachment":"scroll","background-type":"","background-media":"","overlay-type":"","overlay-color":"","overlay-opacity":"","overlay-gradient":""},"mobile":{"background-color":"var(--ast-global-color-5)","background-image":"","background-repeat":"repeat","background-position":"center center","background-size":"auto","background-attachment":"scroll","background-type":"","background-media":"","overlay-type":"","overlay-color":"","overlay-opacity":"","overlay-gradient":""}}},"product_brand":[],"product_cat":[2353,2355,2359],"product_tag":[],"class_list":{"0":"post-44490","1":"product","2":"type-product","3":"status-publish","4":"has-post-thumbnail","6":"product_cat-klasikiniai-vestuviniai-ziedai","7":"product_cat-moteriski-vestuviniai-ziedai","8":"product_cat-vestuviniai-ziedai","9":"desktop-align-center","10":"tablet-align-left","11":"mobile-align-left","12":"ast-product-gallery-layout-horizontal-slider","13":"ast-product-single-variable","14":"ast-product-tabs-layout-accordion","15":"ast-qv-on-image","17":"first","18":"instock","19":"taxable","20":"shipping-taxable","21":"purchasable","22":"product-type-variable","23":"has-default-attributes"},"yoast_head":"<!-- This site is optimized with the Yoast SEO plugin v26.6 - https:\/\/yoast.com\/wordpress\/plugins\/seo\/ -->\n<title>VESTUVINIS \u017dIEDAS \u201cMEIL\u0116S SAPNAS\u201d - FashionGold.lt<\/title>\n<meta name=\"robots\" content=\"index, follow, max-snippet:-1, max-image-preview:large, max-video-preview:-1\" \/>\n<link rel=\"canonical\" href=\"https:\/\/fashiongold.lt\/ru\/papuosalas\/vestuvinis-ziedas-meiles-sapnas\/\" \/>\n<meta property=\"og:locale\" content=\"ru_RU\" \/>\n<meta property=\"og:type\" content=\"article\" \/>\n<meta property=\"og:title\" content=\"VESTUVINIS \u017dIEDAS \u201cMEIL\u0116S SAPNAS\u201d - FashionGold.lt\" \/>\n<meta property=\"og:description\" content=\"Matinis raudono ir balto aukso spalvos rank\u0173 darbo vestuvinis \u017eiedas, kuris ne tik \u012fam\u017eins j\u016bs\u0173 santuok\u0105, bet ir visuomet primins, kad \u012fsimyl\u0117j\u0119s \u017emogus jau\u010diasi lyg sapne.\" \/>\n<meta property=\"og:url\" content=\"https:\/\/fashiongold.lt\/ru\/papuosalas\/vestuvinis-ziedas-meiles-sapnas\/\" \/>\n<meta property=\"og:site_name\" content=\"FashionGold.lt\" \/>\n<meta property=\"article:modified_time\" content=\"2025-11-30T18:34:59+00:00\" \/>\n<meta property=\"og:image\" content=\"https:\/\/fashiongold.lt\/wp-content\/uploads\/2025\/10\/544-364-VESTUVINIS-ZIEDAS-MEILES-SAPNAS.jpg\" \/>\n\t<meta property=\"og:image:width\" content=\"300\" \/>\n\t<meta property=\"og:image:height\" content=\"300\" \/>\n\t<meta property=\"og:image:type\" content=\"image\/jpeg\" \/>\n<meta name=\"twitter:card\" content=\"summary_large_image\" \/>\n<script type=\"application\/ld+json\" class=\"yoast-schema-graph\">{\"@context\":\"https:\/\/schema.org\",\"@graph\":[{\"@type\":\"WebPage\",\"@id\":\"https:\/\/fashiongold.lt\/ru\/papuosalas\/vestuvinis-ziedas-meiles-sapnas\/\",\"url\":\"https:\/\/fashiongold.lt\/ru\/papuosalas\/vestuvinis-ziedas-meiles-sapnas\/\",\"name\":\"VESTUVINIS \u017dIEDAS \u201cMEIL\u0116S SAPNAS\u201d - FashionGold.lt\",\"isPartOf\":{\"@id\":\"https:\/\/fashiongold.lt\/ru\/#website\"},\"primaryImageOfPage\":{\"@id\":\"https:\/\/fashiongold.lt\/ru\/papuosalas\/vestuvinis-ziedas-meiles-sapnas\/#primaryimage\"},\"image\":{\"@id\":\"https:\/\/fashiongold.lt\/ru\/papuosalas\/vestuvinis-ziedas-meiles-sapnas\/#primaryimage\"},\"thumbnailUrl\":\"https:\/\/fashiongold.lt\/wp-content\/uploads\/2025\/10\/544-364-VESTUVINIS-ZIEDAS-MEILES-SAPNAS.jpg\",\"datePublished\":\"2025-10-09T17:15:43+00:00\",\"dateModified\":\"2025-11-30T18:34:59+00:00\",\"breadcrumb\":{\"@id\":\"https:\/\/fashiongold.lt\/ru\/papuosalas\/vestuvinis-ziedas-meiles-sapnas\/#breadcrumb\"},\"inLanguage\":\"ru-RU\",\"potentialAction\":[{\"@type\":\"ReadAction\",\"target\":[\"https:\/\/fashiongold.lt\/ru\/papuosalas\/vestuvinis-ziedas-meiles-sapnas\/\"]}]},{\"@type\":\"ImageObject\",\"inLanguage\":\"ru-RU\",\"@id\":\"https:\/\/fashiongold.lt\/ru\/papuosalas\/vestuvinis-ziedas-meiles-sapnas\/#primaryimage\",\"url\":\"https:\/\/fashiongold.lt\/wp-content\/uploads\/2025\/10\/544-364-VESTUVINIS-ZIEDAS-MEILES-SAPNAS.jpg\",\"contentUrl\":\"https:\/\/fashiongold.lt\/wp-content\/uploads\/2025\/10\/544-364-VESTUVINIS-ZIEDAS-MEILES-SAPNAS.jpg\",\"width\":300,\"height\":300},{\"@type\":\"BreadcrumbList\",\"@id\":\"https:\/\/fashiongold.lt\/ru\/papuosalas\/vestuvinis-ziedas-meiles-sapnas\/#breadcrumb\",\"itemListElement\":[{\"@type\":\"ListItem\",\"position\":1,\"name\":\"Home\",\"item\":\"https:\/\/fashiongold.lt\/ru\/\"},{\"@type\":\"ListItem\",\"position\":2,\"name\":\"\u041c\u0430\u0433\u0430\u0437\u0438\u043d \u0431\u0440\u0438\u043b\u043b\u0438\u0430\u043d\u0442\u043e\u0432 Fashiongold.lt\",\"item\":\"https:\/\/fashiongold.lt\/shop-2\/\"},{\"@type\":\"ListItem\",\"position\":3,\"name\":\"VESTUVINIS \u017dIEDAS \u201cMEIL\u0116S SAPNAS\u201d\"}]},{\"@type\":\"WebSite\",\"@id\":\"https:\/\/fashiongold.lt\/ru\/#website\",\"url\":\"https:\/\/fashiongold.lt\/ru\/\",\"name\":\"Fashion Gold\",\"description\":\"Juvelyrikos namai\",\"publisher\":{\"@id\":\"https:\/\/fashiongold.lt\/ru\/#organization\"},\"potentialAction\":[{\"@type\":\"SearchAction\",\"target\":{\"@type\":\"EntryPoint\",\"urlTemplate\":\"https:\/\/fashiongold.lt\/ru\/?s={search_term_string}\"},\"query-input\":{\"@type\":\"PropertyValueSpecification\",\"valueRequired\":true,\"valueName\":\"search_term_string\"}}],\"inLanguage\":\"ru-RU\"},{\"@type\":\"Organization\",\"@id\":\"https:\/\/fashiongold.lt\/ru\/#organization\",\"name\":\"Topdiamonds Online\",\"url\":\"https:\/\/fashiongold.lt\/ru\/\",\"logo\":{\"@type\":\"ImageObject\",\"inLanguage\":\"ru-RU\",\"@id\":\"https:\/\/fashiongold.lt\/ru\/#\/schema\/logo\/image\/\",\"url\":\"https:\/\/fashiongold.lt\/wp-content\/uploads\/2025\/04\/cropped-fashion_gold_logotipas2-scaled-1.png\",\"contentUrl\":\"https:\/\/fashiongold.lt\/wp-content\/uploads\/2025\/04\/cropped-fashion_gold_logotipas2-scaled-1.png\",\"width\":2559,\"height\":421,\"caption\":\"Topdiamonds Online\"},\"image\":{\"@id\":\"https:\/\/fashiongold.lt\/ru\/#\/schema\/logo\/image\/\"}}]}<\/script>\n<!-- \/ Yoast SEO plugin. -->","yoast_head_json":{"title":"VESTUVINIS \u017dIEDAS \u201cMEIL\u0116S SAPNAS\u201d - FashionGold.lt","robots":{"index":"index","follow":"follow","max-snippet":"max-snippet:-1","max-image-preview":"max-image-preview:large","max-video-preview":"max-video-preview:-1"},"canonical":"https:\/\/fashiongold.lt\/ru\/papuosalas\/vestuvinis-ziedas-meiles-sapnas\/","og_locale":"ru_RU","og_type":"article","og_title":"VESTUVINIS \u017dIEDAS \u201cMEIL\u0116S SAPNAS\u201d - FashionGold.lt","og_description":"Matinis raudono ir balto aukso spalvos rank\u0173 darbo vestuvinis \u017eiedas, kuris ne tik \u012fam\u017eins j\u016bs\u0173 santuok\u0105, bet ir visuomet primins, kad \u012fsimyl\u0117j\u0119s \u017emogus jau\u010diasi lyg sapne.","og_url":"https:\/\/fashiongold.lt\/ru\/papuosalas\/vestuvinis-ziedas-meiles-sapnas\/","og_site_name":"FashionGold.lt","article_modified_time":"2025-11-30T18:34:59+00:00","og_image":[{"width":300,"height":300,"url":"https:\/\/fashiongold.lt\/wp-content\/uploads\/2025\/10\/544-364-VESTUVINIS-ZIEDAS-MEILES-SAPNAS.jpg","type":"image\/jpeg"}],"twitter_card":"summary_large_image","schema":{"@context":"https:\/\/schema.org","@graph":[{"@type":"WebPage","@id":"https:\/\/fashiongold.lt\/ru\/papuosalas\/vestuvinis-ziedas-meiles-sapnas\/","url":"https:\/\/fashiongold.lt\/ru\/papuosalas\/vestuvinis-ziedas-meiles-sapnas\/","name":"VESTUVINIS \u017dIEDAS \u201cMEIL\u0116S SAPNAS\u201d - FashionGold.lt","isPartOf":{"@id":"https:\/\/fashiongold.lt\/ru\/#website"},"primaryImageOfPage":{"@id":"https:\/\/fashiongold.lt\/ru\/papuosalas\/vestuvinis-ziedas-meiles-sapnas\/#primaryimage"},"image":{"@id":"https:\/\/fashiongold.lt\/ru\/papuosalas\/vestuvinis-ziedas-meiles-sapnas\/#primaryimage"},"thumbnailUrl":"https:\/\/fashiongold.lt\/wp-content\/uploads\/2025\/10\/544-364-VESTUVINIS-ZIEDAS-MEILES-SAPNAS.jpg","datePublished":"2025-10-09T17:15:43+00:00","dateModified":"2025-11-30T18:34:59+00:00","breadcrumb":{"@id":"https:\/\/fashiongold.lt\/ru\/papuosalas\/vestuvinis-ziedas-meiles-sapnas\/#breadcrumb"},"inLanguage":"ru-RU","potentialAction":[{"@type":"ReadAction","target":["https:\/\/fashiongold.lt\/ru\/papuosalas\/vestuvinis-ziedas-meiles-sapnas\/"]}]},{"@type":"ImageObject","inLanguage":"ru-RU","@id":"https:\/\/fashiongold.lt\/ru\/papuosalas\/vestuvinis-ziedas-meiles-sapnas\/#primaryimage","url":"https:\/\/fashiongold.lt\/wp-content\/uploads\/2025\/10\/544-364-VESTUVINIS-ZIEDAS-MEILES-SAPNAS.jpg","contentUrl":"https:\/\/fashiongold.lt\/wp-content\/uploads\/2025\/10\/544-364-VESTUVINIS-ZIEDAS-MEILES-SAPNAS.jpg","width":300,"height":300},{"@type":"BreadcrumbList","@id":"https:\/\/fashiongold.lt\/ru\/papuosalas\/vestuvinis-ziedas-meiles-sapnas\/#breadcrumb","itemListElement":[{"@type":"ListItem","position":1,"name":"Home","item":"https:\/\/fashiongold.lt\/ru\/"},{"@type":"ListItem","position":2,"name":"\u041c\u0430\u0433\u0430\u0437\u0438\u043d \u0431\u0440\u0438\u043b\u043b\u0438\u0430\u043d\u0442\u043e\u0432 Fashiongold.lt","item":"https:\/\/fashiongold.lt\/shop-2\/"},{"@type":"ListItem","position":3,"name":"VESTUVINIS \u017dIEDAS \u201cMEIL\u0116S SAPNAS\u201d"}]},{"@type":"WebSite","@id":"https:\/\/fashiongold.lt\/ru\/#website","url":"https:\/\/fashiongold.lt\/ru\/","name":"Fashion Gold","description":"Juvelyrikos namai","publisher":{"@id":"https:\/\/fashiongold.lt\/ru\/#organization"},"potentialAction":[{"@type":"SearchAction","target":{"@type":"EntryPoint","urlTemplate":"https:\/\/fashiongold.lt\/ru\/?s={search_term_string}"},"query-input":{"@type":"PropertyValueSpecification","valueRequired":true,"valueName":"search_term_string"}}],"inLanguage":"ru-RU"},{"@type":"Organization","@id":"https:\/\/fashiongold.lt\/ru\/#organization","name":"Topdiamonds Online","url":"https:\/\/fashiongold.lt\/ru\/","logo":{"@type":"ImageObject","inLanguage":"ru-RU","@id":"https:\/\/fashiongold.lt\/ru\/#\/schema\/logo\/image\/","url":"https:\/\/fashiongold.lt\/wp-content\/uploads\/2025\/04\/cropped-fashion_gold_logotipas2-scaled-1.png","contentUrl":"https:\/\/fashiongold.lt\/wp-content\/uploads\/2025\/04\/cropped-fashion_gold_logotipas2-scaled-1.png","width":2559,"height":421,"caption":"Topdiamonds Online"},"image":{"@id":"https:\/\/fashiongold.lt\/ru\/#\/schema\/logo\/image\/"}}]}},"_links":{"self":[{"href":"https:\/\/fashiongold.lt\/ru\/wp-json\/wp\/v2\/product\/44490","targetHints":{"allow":["GET"]}}],"collection":[{"href":"https:\/\/fashiongold.lt\/ru\/wp-json\/wp\/v2\/product"}],"about":[{"href":"https:\/\/fashiongold.lt\/ru\/wp-json\/wp\/v2\/types\/product"}],"version-history":[{"count":0,"href":"https:\/\/fashiongold.lt\/ru\/wp-json\/wp\/v2\/product\/44490\/revisions"}],"wp:featuredmedia":[{"embeddable":true,"href":"https:\/\/fashiongold.lt\/ru\/wp-json\/wp\/v2\/media\/44544"}],"wp:attachment":[{"href":"https:\/\/fashiongold.lt\/ru\/wp-json\/wp\/v2\/media?parent=44490"}],"wp:term":[{"taxonomy":"product_brand","embeddable":true,"href":"https:\/\/fashiongold.lt\/ru\/wp-json\/wp\/v2\/product_brand?post=44490"},{"taxonomy":"product_cat","embeddable":true,"href":"https:\/\/fashiongold.lt\/ru\/wp-json\/wp\/v2\/product_cat?post=44490"},{"taxonomy":"product_tag","embeddable":true,"href":"https:\/\/fashiongold.lt\/ru\/wp-json\/wp\/v2\/product_tag?post=44490"}],"curies":[{"name":"wp","href":"https:\/\/api.w.org\/{rel}","templated":true}]}}